{"id":8687,"date":"2025-09-05T12:37:32","date_gmt":"2025-09-05T12:37:32","guid":{"rendered":"https:\/\/darvilais.md\/?post_type=product&#038;p=8687"},"modified":"2025-09-05T12:37:32","modified_gmt":"2025-09-05T12:37:32","slug":"iphone-11-pro-max-tpu-glass-frame-case","status":"publish","type":"product","link":"https:\/\/darvilais.md\/ro\/produs\/iphone-11-pro-max-tpu-glass-frame-case\/","title":{"rendered":"iPhone 11 Pro Max"},"content":{"rendered":"<h2><strong>\u0427\u0435\u0445\u043e\u043b TPU Glass SG with frame \u0434\u043b\u044f iPhone 11 Pro Max<\/strong><\/h2>\n<ul>\n<li><strong>\u0426\u0432\u0435\u0442: \u0441 \u0440\u0438\u0441\u0443\u043d\u043a\u043e\u043c<\/strong><\/li>\n<li class=\"p1\"><strong>Tip: carcas\u0103\u00a0<\/strong><\/li>\n<li class=\"p1\"><strong>Compatibilitate: iPhone 11 Pro Max\u00a0<\/strong><\/li>\n<li class=\"p1\"><strong>\u041c\u0430\u0442\u0435\u0440\u0438\u0430\u043b: TPU + \u0437\u0430\u043a\u0430\u043b\u0435\u043d\u043d\u043e\u0435 \u0441\u0442\u0435\u043a\u043b\u043e\u00a0<\/strong><\/li>\n<li class=\"p1\"><strong>\u041e\u0441\u043e\u0431\u0435\u043d\u043d\u043e\u0441\u0442\u0438: \u0443\u0441\u0438\u043b\u0435\u043d\u043d\u0430\u044f \u0440\u0430\u043c\u043a\u0430, \u0437\u0430\u0449\u0438\u0442\u0430 \u043e\u0442 \u0443\u0434\u0430\u0440\u043e\u0432\u00a0<\/strong><\/li>\n<li class=\"p1\"><strong>Produc\u0103tor: altul<\/strong><\/li>\n<\/ul>","protected":false},"excerpt":{"rendered":"<p><em><strong>Aceast\u0103 hus\u0103 din TPU \u0219i sticl\u0103 pentru iPhone 11 Pro Max are o ram\u0103 ranforsat\u0103 pentru a proteja \u00eempotriva impacturilor \u0219i zg\u00e2rieturilor.<\/strong><\/em><\/p>","protected":false},"featured_media":8688,"template":"","meta":{"_acf_changed":false},"product_brand":[364],"product_cat":[362],"product_tag":[386,753,752,382],"class_list":{"0":"post-8687","1":"product","2":"type-product","3":"status-publish","4":"has-post-thumbnail","6":"product_brand-364","7":"product_cat-phone-cases","8":"product_tag-386","9":"product_tag-753","10":"product_tag-752","11":"product_tag-382","13":"first","14":"instock","15":"sale","16":"taxable","17":"shipping-taxable","18":"purchasable","19":"product-type-simple","20":"add-to-wishlist-after_add_to_cart"},"acf":[],"jetpack_sharing_enabled":true,"_links":{"self":[{"href":"https:\/\/darvilais.md\/ro\/wp-json\/wp\/v2\/product\/8687","targetHints":{"allow":["GET"]}}],"collection":[{"href":"https:\/\/darvilais.md\/ro\/wp-json\/wp\/v2\/product"}],"about":[{"href":"https:\/\/darvilais.md\/ro\/wp-json\/wp\/v2\/types\/product"}],"wp:featuredmedia":[{"embeddable":true,"href":"https:\/\/darvilais.md\/ro\/wp-json\/wp\/v2\/media\/8688"}],"wp:attachment":[{"href":"https:\/\/darvilais.md\/ro\/wp-json\/wp\/v2\/media?parent=8687"}],"wp:term":[{"taxonomy":"product_brand","embeddable":true,"href":"https:\/\/darvilais.md\/ro\/wp-json\/wp\/v2\/product_brand?post=8687"},{"taxonomy":"product_cat","embeddable":true,"href":"https:\/\/darvilais.md\/ro\/wp-json\/wp\/v2\/product_cat?post=8687"},{"taxonomy":"product_tag","embeddable":true,"href":"https:\/\/darvilais.md\/ro\/wp-json\/wp\/v2\/product_tag?post=8687"}],"curies":[{"name":"wp","href":"https:\/\/api.w.org\/{rel}","templated":true}]}}