{"id":8664,"date":"2025-09-04T12:28:28","date_gmt":"2025-09-04T12:28:28","guid":{"rendered":"https:\/\/darvilais.md\/?post_type=product&#038;p=8664"},"modified":"2025-10-14T17:46:20","modified_gmt":"2025-10-14T17:46:20","slug":"iphone-12-mini-silicone-magsafe-case-black","status":"publish","type":"product","link":"https:\/\/darvilais.md\/ro\/produs\/iphone-12-mini-silicone-magsafe-case-black\/","title":{"rendered":"iPhone 12 mini"},"content":{"rendered":"<h2><strong>Hus\u0103 din silicon pentru iPhone 12 mini cu MagSafe (neagr\u0103)<\/strong><\/h2>\n<ul>\n<li class=\"p1\"><strong>Culoare: negru\u00a0<\/strong><\/li>\n<li class=\"p1\"><strong>Material: silicon moale cu c\u0103ptu\u0219eal\u0103 din microfibr\u0103\u00a0<\/strong><\/li>\n<li class=\"p1\"><strong>Compatibilitate: iPhone 12 mini, suport MagSafe\u00a0<\/strong><\/li>\n<li class=\"p1\"><strong>Caracteristici: textur\u0103 pl\u0103cut\u0103 la atingere, moale, magne\u021bi \u00eencorpora\u021bi pentru MagSafe, protec\u021bie \u00eempotriva zg\u00e2rieturilor \u0219i c\u0103z\u0103turilor\u00a0<\/strong><\/li>\n<li class=\"p1\"><strong>Produc\u0103tor: altul<\/strong><\/li>\n<\/ul>","protected":false},"excerpt":{"rendered":"<p><strong><em>Aceast\u0103 hus\u0103 MagSafe din silicon, cu exterior texturat moale \u0219i interior din microfibr\u0103, ofer\u0103 protec\u021bie fiabil\u0103 \u0219i confort pentru iPhone 12 mini.<\/em><\/strong><\/p>","protected":false},"featured_media":8667,"template":"","meta":{"_acf_changed":false},"product_brand":[364],"product_cat":[362],"product_tag":[383,748,386,725],"class_list":{"0":"post-8664","1":"product","2":"type-product","3":"status-publish","4":"has-post-thumbnail","6":"product_brand-364","7":"product_cat-phone-cases","8":"product_tag-magsafe","9":"product_tag-soft-touch","10":"product_tag-386","11":"product_tag-725","13":"first","14":"outofstock","15":"sale","16":"taxable","17":"shipping-taxable","18":"purchasable","19":"product-type-simple","20":"add-to-wishlist-after_add_to_cart"},"acf":[],"jetpack_sharing_enabled":true,"_links":{"self":[{"href":"https:\/\/darvilais.md\/ro\/wp-json\/wp\/v2\/product\/8664","targetHints":{"allow":["GET"]}}],"collection":[{"href":"https:\/\/darvilais.md\/ro\/wp-json\/wp\/v2\/product"}],"about":[{"href":"https:\/\/darvilais.md\/ro\/wp-json\/wp\/v2\/types\/product"}],"wp:featuredmedia":[{"embeddable":true,"href":"https:\/\/darvilais.md\/ro\/wp-json\/wp\/v2\/media\/8667"}],"wp:attachment":[{"href":"https:\/\/darvilais.md\/ro\/wp-json\/wp\/v2\/media?parent=8664"}],"wp:term":[{"taxonomy":"product_brand","embeddable":true,"href":"https:\/\/darvilais.md\/ro\/wp-json\/wp\/v2\/product_brand?post=8664"},{"taxonomy":"product_cat","embeddable":true,"href":"https:\/\/darvilais.md\/ro\/wp-json\/wp\/v2\/product_cat?post=8664"},{"taxonomy":"product_tag","embeddable":true,"href":"https:\/\/darvilais.md\/ro\/wp-json\/wp\/v2\/product_tag?post=8664"}],"curies":[{"name":"wp","href":"https:\/\/api.w.org\/{rel}","templated":true}]}}