{"id":8650,"date":"2025-09-03T14:58:30","date_gmt":"2025-09-03T14:58:30","guid":{"rendered":"https:\/\/darvilais.md\/?post_type=product&#038;p=8650"},"modified":"2025-09-03T14:58:59","modified_gmt":"2025-09-03T14:58:59","slug":"magic-eye-soft-touch-case-iphone-12-pro","status":"publish","type":"product","link":"https:\/\/darvilais.md\/ro\/produs\/magic-eye-soft-touch-case-iphone-12-pro\/","title":{"rendered":"iPhone 12 Pro"},"content":{"rendered":"<h2><strong>Carcas\u0103 Magic Eye pentru iPhone 12 Pro<\/strong><\/h2>\n<ul>\n<li class=\"p1\"><strong>Culoare: ro\u0219u, liliac\u00a0<\/strong><\/li>\n<li class=\"p1\"><strong>Material: plastic dur cu \u00eenveli\u0219 Soft-Touch, c\u0103ptu\u0219eal\u0103 interioar\u0103 - microfibr\u0103, sticl\u0103 exterioar\u0103 protectoare pentru camer\u0103\u00a0<\/strong><\/li>\n<li class=\"p1\"><strong>Compatibilitate: iPhone 12 Pro\u00a0<\/strong><\/li>\n<li class=\"p1\"><strong>Caracteristici: protec\u021bie a camerei cu sticl\u0103, strat moale, rezisten\u021b\u0103 la amprente, margini \u00eengrijite ale ecranului\u00a0<\/strong><\/li>\n<li class=\"p1\"><strong>Produc\u0103tor: Magic Eye<\/strong><\/li>\n<\/ul>","protected":false},"excerpt":{"rendered":"<p><em><strong>Hus\u0103 Magic Eye pentru iPhone 12 Pro cu strat moale la atingere \u0219i protec\u021bie din sticl\u0103 pentru camer\u0103.<\/strong><\/em><\/p>","protected":false},"featured_media":8651,"template":"","meta":{"_acf_changed":false},"product_brand":[364],"product_cat":[362],"product_tag":[748,400,746,749],"class_list":{"0":"post-8650","1":"product","2":"type-product","3":"status-publish","4":"has-post-thumbnail","6":"product_brand-364","7":"product_cat-phone-cases","8":"product_tag-soft-touch","9":"product_tag-400","10":"product_tag-746","11":"product_tag-749","13":"first","14":"instock","15":"taxable","16":"shipping-taxable","17":"purchasable","18":"product-type-variable","19":"add-to-wishlist-after_add_to_cart"},"acf":[],"jetpack_sharing_enabled":true,"_links":{"self":[{"href":"https:\/\/darvilais.md\/ro\/wp-json\/wp\/v2\/product\/8650","targetHints":{"allow":["GET"]}}],"collection":[{"href":"https:\/\/darvilais.md\/ro\/wp-json\/wp\/v2\/product"}],"about":[{"href":"https:\/\/darvilais.md\/ro\/wp-json\/wp\/v2\/types\/product"}],"wp:featuredmedia":[{"embeddable":true,"href":"https:\/\/darvilais.md\/ro\/wp-json\/wp\/v2\/media\/8651"}],"wp:attachment":[{"href":"https:\/\/darvilais.md\/ro\/wp-json\/wp\/v2\/media?parent=8650"}],"wp:term":[{"taxonomy":"product_brand","embeddable":true,"href":"https:\/\/darvilais.md\/ro\/wp-json\/wp\/v2\/product_brand?post=8650"},{"taxonomy":"product_cat","embeddable":true,"href":"https:\/\/darvilais.md\/ro\/wp-json\/wp\/v2\/product_cat?post=8650"},{"taxonomy":"product_tag","embeddable":true,"href":"https:\/\/darvilais.md\/ro\/wp-json\/wp\/v2\/product_tag?post=8650"}],"curies":[{"name":"wp","href":"https:\/\/api.w.org\/{rel}","templated":true}]}}