{"id":8618,"date":"2025-09-03T13:23:22","date_gmt":"2025-09-03T13:23:22","guid":{"rendered":"https:\/\/darvilais.md\/?post_type=product&#038;p=8618"},"modified":"2025-09-03T13:23:28","modified_gmt":"2025-09-03T13:23:28","slug":"iphone-13-matte-magsafe-lens-holder-case","status":"publish","type":"product","link":"https:\/\/darvilais.md\/ro\/produs\/iphone-13-matte-magsafe-lens-holder-case\/","title":{"rendered":"iPhone 13"},"content":{"rendered":"<p><strong>Carcas\u0103 MagSafe mat\u0103 din PC + TPU pentru iPhone 13 cu suport invizibil pentru lentil\u0103 (negru)<\/strong><\/p>\n<ul>\n<li class=\"p1\"><strong>Culoare: negru<\/strong><\/li>\n<li class=\"p1\"><strong>Material: Panou spate mat din PC + bar\u0103 de protec\u021bie moale din TPU<\/strong><\/li>\n<li class=\"p1\"><strong>Compatibilitate: iPhone 13, suport MagSafe<\/strong><\/li>\n<li class=\"p1\"><strong>Caracteristici: Suport invizibil pentru lentile, protec\u021bie pentru camer\u0103, strat rezistent la amprente, protec\u021bie la \u0219ocuri<\/strong><\/li>\n<li class=\"p1\"><strong>Produc\u0103tor: OEM<\/strong><\/li>\n<\/ul>","protected":false},"excerpt":{"rendered":"<p><em><strong>Aceast\u0103 hus\u0103 mat\u0103 durabil\u0103 din PC+TPU, cu suport MagSafe \u0219i suport de lentil\u0103 \u00eencorporat, \u00ee\u021bi va proteja iPhone-ul 13 de lovituri \u0219i amprente.<\/strong><\/em><\/p>","protected":false},"featured_media":8621,"template":"","meta":{"_acf_changed":false},"product_brand":[364],"product_cat":[362],"product_tag":[383,736,737,376],"class_list":{"0":"post-8618","1":"product","2":"type-product","3":"status-publish","4":"has-post-thumbnail","6":"product_brand-364","7":"product_cat-phone-cases","8":"product_tag-magsafe","9":"product_tag-736","10":"product_tag-737","11":"product_tag-376","13":"first","14":"instock","15":"sale","16":"taxable","17":"shipping-taxable","18":"purchasable","19":"product-type-simple","20":"add-to-wishlist-after_add_to_cart"},"acf":[],"jetpack_sharing_enabled":true,"_links":{"self":[{"href":"https:\/\/darvilais.md\/ro\/wp-json\/wp\/v2\/product\/8618","targetHints":{"allow":["GET"]}}],"collection":[{"href":"https:\/\/darvilais.md\/ro\/wp-json\/wp\/v2\/product"}],"about":[{"href":"https:\/\/darvilais.md\/ro\/wp-json\/wp\/v2\/types\/product"}],"wp:featuredmedia":[{"embeddable":true,"href":"https:\/\/darvilais.md\/ro\/wp-json\/wp\/v2\/media\/8621"}],"wp:attachment":[{"href":"https:\/\/darvilais.md\/ro\/wp-json\/wp\/v2\/media?parent=8618"}],"wp:term":[{"taxonomy":"product_brand","embeddable":true,"href":"https:\/\/darvilais.md\/ro\/wp-json\/wp\/v2\/product_brand?post=8618"},{"taxonomy":"product_cat","embeddable":true,"href":"https:\/\/darvilais.md\/ro\/wp-json\/wp\/v2\/product_cat?post=8618"},{"taxonomy":"product_tag","embeddable":true,"href":"https:\/\/darvilais.md\/ro\/wp-json\/wp\/v2\/product_tag?post=8618"}],"curies":[{"name":"wp","href":"https:\/\/api.w.org\/{rel}","templated":true}]}}