{"id":8583,"date":"2025-09-01T18:28:22","date_gmt":"2025-09-01T18:28:22","guid":{"rendered":"https:\/\/darvilais.md\/?post_type=product&#038;p=8583"},"modified":"2025-09-01T18:28:22","modified_gmt":"2025-09-01T18:28:22","slug":"iphone-13-mini-electroplating-tpu-case","status":"publish","type":"product","link":"https:\/\/darvilais.md\/ro\/produs\/iphone-13-mini-electroplating-tpu-case\/","title":{"rendered":"iPhone 13 mini"},"content":{"rendered":"<h2><strong>Hus\u0103 de protec\u021bie ultra-sub\u021bire din TPU galvanizat pentru iPhone 13 mini<\/strong><\/h2>\n<ul>\n<li class=\"p1\"><strong>Culoare: gri, albastru, roz, violet, ro\u0219u<\/strong><\/li>\n<li class=\"p1\"><strong>Tip: carcas\u0103<\/strong><\/li>\n<li class=\"p1\"><strong>Compatibilitate: iPhone 13 mini<\/strong><\/li>\n<li class=\"p1\"><strong>Material: TPU + galvanizare<\/strong><\/li>\n<li class=\"p1\"><strong>Caracteristici: Ultra sub\u021bire, rezistent la zg\u00e2rieturi, potrivire confortabil\u0103<\/strong><\/li>\n<li class=\"p1\"><strong>Produc\u0103tor: altul<\/strong><\/li>\n<\/ul>","protected":false},"excerpt":{"rendered":"<p><em><strong>Carcas\u0103 ultra-sub\u021bire din TPU cu efect de galvanizare oglind\u0103 pentru iPhone 13 mini. U\u0219oar\u0103, flexibil\u0103, rezistent\u0103 la zg\u00e2rieturi.<\/strong><\/em><\/p>","protected":false},"featured_media":8589,"template":"","meta":{"_acf_changed":false},"product_brand":[364],"product_cat":[362],"product_tag":[384,389,382,731],"class_list":{"0":"post-8583","1":"product","2":"type-product","3":"status-publish","4":"has-post-thumbnail","6":"product_brand-364","7":"product_cat-phone-cases","8":"product_tag-tpu","9":"product_tag-389","10":"product_tag-382","11":"product_tag-731","13":"first","14":"instock","15":"taxable","16":"shipping-taxable","17":"purchasable","18":"product-type-variable","19":"add-to-wishlist-after_add_to_cart"},"acf":[],"jetpack_sharing_enabled":true,"_links":{"self":[{"href":"https:\/\/darvilais.md\/ro\/wp-json\/wp\/v2\/product\/8583","targetHints":{"allow":["GET"]}}],"collection":[{"href":"https:\/\/darvilais.md\/ro\/wp-json\/wp\/v2\/product"}],"about":[{"href":"https:\/\/darvilais.md\/ro\/wp-json\/wp\/v2\/types\/product"}],"wp:featuredmedia":[{"embeddable":true,"href":"https:\/\/darvilais.md\/ro\/wp-json\/wp\/v2\/media\/8589"}],"wp:attachment":[{"href":"https:\/\/darvilais.md\/ro\/wp-json\/wp\/v2\/media?parent=8583"}],"wp:term":[{"taxonomy":"product_brand","embeddable":true,"href":"https:\/\/darvilais.md\/ro\/wp-json\/wp\/v2\/product_brand?post=8583"},{"taxonomy":"product_cat","embeddable":true,"href":"https:\/\/darvilais.md\/ro\/wp-json\/wp\/v2\/product_cat?post=8583"},{"taxonomy":"product_tag","embeddable":true,"href":"https:\/\/darvilais.md\/ro\/wp-json\/wp\/v2\/product_tag?post=8583"}],"curies":[{"name":"wp","href":"https:\/\/api.w.org\/{rel}","templated":true}]}}