{"id":8564,"date":"2025-09-01T14:50:03","date_gmt":"2025-09-01T14:50:03","guid":{"rendered":"https:\/\/darvilais.md\/?post_type=product&#038;p=8564"},"modified":"2025-09-01T14:53:29","modified_gmt":"2025-09-01T14:53:29","slug":"iphone-13-pro-electroplating-tpu-case","status":"publish","type":"product","link":"https:\/\/darvilais.md\/ro\/produs\/iphone-13-pro-electroplating-tpu-case\/","title":{"rendered":"iPhone 13 Pro"},"content":{"rendered":"<h2><strong>Hus\u0103 iPhone 13 Pro galvanizat\u0103 TPU<\/strong><\/h2>\n<ul>\n<li class=\"p1\"><strong>Culoare: negru, argintiu, verde, ro\u0219u, violet<\/strong><\/li>\n<li class=\"p1\"><strong>Tip: carcas\u0103<\/strong><\/li>\n<li class=\"p1\"><strong>Compatibilitate: iPhone 13 Pro<\/strong><\/li>\n<li class=\"p1\"><strong>Material: TPU<\/strong><\/li>\n<li class=\"p1\"><strong>Caracteristici: Acoperire galvanizat\u0103, compatibilitate MagSafe<\/strong><\/li>\n<li class=\"p1\"><strong>Produc\u0103tor: altul<\/strong><\/li>\n<\/ul>","protected":false},"excerpt":{"rendered":"<p><em><strong>Hus\u0103 galvanizat\u0103 pentru iPhone 13 Pro, compatibil\u0103 cu MagSafe. Protejeaz\u0103 \u0219i adaug\u0103 stil dispozitivului t\u0103u.<\/strong><\/em><\/p>","protected":false},"featured_media":8570,"template":"","meta":{"_acf_changed":false},"product_brand":[364],"product_cat":[362],"product_tag":[729,383,384,382],"class_list":{"0":"post-8564","1":"product","2":"type-product","3":"status-publish","4":"has-post-thumbnail","6":"product_brand-364","7":"product_cat-phone-cases","8":"product_tag-electroplating","9":"product_tag-magsafe","10":"product_tag-tpu","11":"product_tag-382","13":"first","14":"instock","15":"taxable","16":"shipping-taxable","17":"purchasable","18":"product-type-variable","19":"add-to-wishlist-after_add_to_cart"},"acf":[],"jetpack_sharing_enabled":true,"_links":{"self":[{"href":"https:\/\/darvilais.md\/ro\/wp-json\/wp\/v2\/product\/8564","targetHints":{"allow":["GET"]}}],"collection":[{"href":"https:\/\/darvilais.md\/ro\/wp-json\/wp\/v2\/product"}],"about":[{"href":"https:\/\/darvilais.md\/ro\/wp-json\/wp\/v2\/types\/product"}],"wp:featuredmedia":[{"embeddable":true,"href":"https:\/\/darvilais.md\/ro\/wp-json\/wp\/v2\/media\/8570"}],"wp:attachment":[{"href":"https:\/\/darvilais.md\/ro\/wp-json\/wp\/v2\/media?parent=8564"}],"wp:term":[{"taxonomy":"product_brand","embeddable":true,"href":"https:\/\/darvilais.md\/ro\/wp-json\/wp\/v2\/product_brand?post=8564"},{"taxonomy":"product_cat","embeddable":true,"href":"https:\/\/darvilais.md\/ro\/wp-json\/wp\/v2\/product_cat?post=8564"},{"taxonomy":"product_tag","embeddable":true,"href":"https:\/\/darvilais.md\/ro\/wp-json\/wp\/v2\/product_tag?post=8564"}],"curies":[{"name":"wp","href":"https:\/\/api.w.org\/{rel}","templated":true}]}}