{"id":8367,"date":"2025-08-28T17:19:54","date_gmt":"2025-08-28T17:19:54","guid":{"rendered":"https:\/\/darvilais.md\/?post_type=product&#038;p=8367"},"modified":"2025-08-28T17:20:31","modified_gmt":"2025-08-28T17:20:31","slug":"hoco-ph50-ivey-folding-rotatable-holder","status":"publish","type":"product","link":"https:\/\/darvilais.md\/ro\/produs\/hoco-ph50-ivey-folding-rotatable-holder\/","title":{"rendered":"Hoco PH50"},"content":{"rendered":"<h2><strong>Hoco PH50 Ivey - Suport de mas\u0103 pliabil \u0219i pivotant\u00a0<\/strong><\/h2>\n<ul>\n<li class=\"p1\"><strong>Culoare: negru, alb<\/strong><\/li>\n<li class=\"p1\"><strong>Material: Plastic ABS + aliaj de aluminiu + silicon\u00a0<\/strong><\/li>\n<li class=\"p1\"><strong>Suprafa\u021b\u0103: model solar\u00a0<\/strong><\/li>\n<li class=\"p1\"><strong>Dimensiuni: pliat 68\u00d7121\u00d725 mm, deschis 68\u00d7121\u00d7163 mm\u00a0<\/strong><\/li>\n<li class=\"p1\"><strong>Greutate: 186 g\u00a0<\/strong><\/li>\n<li class=\"p1\"><strong>Compatibilitate: smartphone-uri (\u0219i tablete compacte) de 4,5\u20137,0\u2033\u00a0<\/strong><\/li>\n<li class=\"p1\"><strong>Reglare: rota\u021bie la 360\u00b0 \u0219i \u00eenclinare la 180\u00b0\u00a0<\/strong><\/li>\n<li class=\"p1\"><strong>Scenarii de utilizare: lec\u021bii online, apeluri video, streaming, vizionare video\u00a0<\/strong><\/li>\n<li class=\"p1\"><strong>Producator: Hoco<\/strong><\/li>\n<\/ul>","protected":false},"excerpt":{"rendered":"<p><em><strong>Suportul de birou compact \u0219i durabil Hoco PH50 Ivey dispune de reglare a unghiului \u0219i rota\u021bie la 360\u00b0. Viziona\u021bi confortabil videoclipuri, participa\u021bi la lec\u021bii online \u0219i reda\u021bi \u00een flux.<\/strong><\/em><\/p>","protected":false},"featured_media":8372,"template":"","meta":{"_acf_changed":false},"product_brand":[286],"product_cat":[246],"product_tag":[640,653,587,641],"class_list":{"0":"post-8367","1":"product","2":"type-product","3":"status-publish","4":"has-post-thumbnail","6":"product_brand-hoco","7":"product_cat-smartphone-accessories","8":"product_tag-640","9":"product_tag-653","10":"product_tag-587","11":"product_tag-641","13":"first","14":"instock","15":"taxable","16":"shipping-taxable","17":"purchasable","18":"product-type-variable","19":"add-to-wishlist-after_add_to_cart"},"acf":[],"jetpack_sharing_enabled":true,"_links":{"self":[{"href":"https:\/\/darvilais.md\/ro\/wp-json\/wp\/v2\/product\/8367","targetHints":{"allow":["GET"]}}],"collection":[{"href":"https:\/\/darvilais.md\/ro\/wp-json\/wp\/v2\/product"}],"about":[{"href":"https:\/\/darvilais.md\/ro\/wp-json\/wp\/v2\/types\/product"}],"wp:featuredmedia":[{"embeddable":true,"href":"https:\/\/darvilais.md\/ro\/wp-json\/wp\/v2\/media\/8372"}],"wp:attachment":[{"href":"https:\/\/darvilais.md\/ro\/wp-json\/wp\/v2\/media?parent=8367"}],"wp:term":[{"taxonomy":"product_brand","embeddable":true,"href":"https:\/\/darvilais.md\/ro\/wp-json\/wp\/v2\/product_brand?post=8367"},{"taxonomy":"product_cat","embeddable":true,"href":"https:\/\/darvilais.md\/ro\/wp-json\/wp\/v2\/product_cat?post=8367"},{"taxonomy":"product_tag","embeddable":true,"href":"https:\/\/darvilais.md\/ro\/wp-json\/wp\/v2\/product_tag?post=8367"}],"curies":[{"name":"wp","href":"https:\/\/api.w.org\/{rel}","templated":true}]}}