{"id":8310,"date":"2025-08-27T20:26:53","date_gmt":"2025-08-27T20:26:53","guid":{"rendered":"https:\/\/darvilais.md\/?post_type=product&#038;p=8310"},"modified":"2025-08-27T20:26:53","modified_gmt":"2025-08-27T20:26:53","slug":"hoco-gm15-art-dualmode-wireless-mouse","status":"publish","type":"product","link":"https:\/\/darvilais.md\/ro\/produs\/hoco-gm15-art-dualmode-wireless-mouse\/","title":{"rendered":"Hoco GM15"},"content":{"rendered":"<h2><strong>Mouse wireless Hoco GM15 Art\u00a0<\/strong><\/h2>\n<ul>\n<li class=\"p1\"><strong>Culori: negru<\/strong><\/li>\n<li class=\"p1\"><strong>Material: ABS\u00a0<\/strong><\/li>\n<li class=\"p1\"><strong>Dimensiuni: 109 \u00d7 63 \u00d7 31 mm\u00a0<\/strong><\/li>\n<li class=\"p1\"><strong>Greutate: 60 g\u00a0<\/strong><\/li>\n<li class=\"p1\"><strong>Conexiune: Mod dual \u2014 2,4 GHz (prin receptor USB), Bluetooth v3.0 + v5.0\u00a0<\/strong><\/li>\n<li class=\"p1\"><strong>Rezolu\u021bie: 800 \/ 1200 \/ 1600 DPI\u00a0<\/strong><\/li>\n<li class=\"p1\"><strong>Butoane: butoane 4D\u00a0<\/strong><\/li>\n<li class=\"p1\"><strong>Durabilitate: p\u00e2n\u0103 la 3 milioane de clicuri, p\u00e2n\u0103 la 300 de mii de derul\u0103ri\u00a0<\/strong><\/li>\n<li class=\"p1\"><strong>Design simetric, potrivit at\u00e2t pentru dreptaci, c\u00e2t \u0219i pentru st\u00e2ngaci\u00a0<\/strong><\/li>\n<li class=\"p1\"><strong>Compatibilitate: PC-uri, laptopuri, smartphone-uri, tablete, televizoare cu Bluetooth\u00a0<\/strong><\/li>\n<li class=\"p1\"><strong>Producator: Hoco\u00a0<\/strong><\/li>\n<\/ul>\n<p><strong><span class=\"s1\">Confirmat: <\/span><a href=\"https:\/\/hocotech.com\/product\/home-office\/pc-accessories\/wireless-mouse-gm15-art-2-4g-bt\/\" target=\"_blank\" rel=\"noopener\">https:\/\/hocotech.com\/product\/home-office\/pc-accessories\/wireless-mouse-gm15-art-2-4g-bt\/<\/a><\/strong><\/p>","protected":false},"excerpt":{"rendered":"<p><strong><em>Hoco GM15 Art este un mouse elegant \u0219i confortabil, cu func\u021bie Dual-Mode: 2.4G \u0219i Bluetooth, p\u00e2n\u0103 la 1600 DPI, simetric, u\u0219or (60 g) \u0219i durabil.<\/em><\/strong><\/p>","protected":false},"featured_media":8315,"template":"","meta":{"_acf_changed":false},"product_brand":[286],"product_cat":[238],"product_tag":[631,630,628,624],"class_list":{"0":"post-8310","1":"product","2":"type-product","3":"status-publish","4":"has-post-thumbnail","6":"product_brand-hoco","7":"product_cat-pc-accessories","8":"product_tag-1600-dpi","9":"product_tag-bluetooth--2-4-ghz","10":"product_tag-dual-mode","11":"product_tag-624","13":"first","14":"instock","15":"taxable","16":"shipping-taxable","17":"purchasable","18":"product-type-simple","19":"add-to-wishlist-after_add_to_cart"},"acf":[],"jetpack_sharing_enabled":true,"_links":{"self":[{"href":"https:\/\/darvilais.md\/ro\/wp-json\/wp\/v2\/product\/8310","targetHints":{"allow":["GET"]}}],"collection":[{"href":"https:\/\/darvilais.md\/ro\/wp-json\/wp\/v2\/product"}],"about":[{"href":"https:\/\/darvilais.md\/ro\/wp-json\/wp\/v2\/types\/product"}],"wp:featuredmedia":[{"embeddable":true,"href":"https:\/\/darvilais.md\/ro\/wp-json\/wp\/v2\/media\/8315"}],"wp:attachment":[{"href":"https:\/\/darvilais.md\/ro\/wp-json\/wp\/v2\/media?parent=8310"}],"wp:term":[{"taxonomy":"product_brand","embeddable":true,"href":"https:\/\/darvilais.md\/ro\/wp-json\/wp\/v2\/product_brand?post=8310"},{"taxonomy":"product_cat","embeddable":true,"href":"https:\/\/darvilais.md\/ro\/wp-json\/wp\/v2\/product_cat?post=8310"},{"taxonomy":"product_tag","embeddable":true,"href":"https:\/\/darvilais.md\/ro\/wp-json\/wp\/v2\/product_tag?post=8310"}],"curies":[{"name":"wp","href":"https:\/\/api.w.org\/{rel}","templated":true}]}}