{"id":8292,"date":"2025-08-27T19:57:04","date_gmt":"2025-08-27T19:57:04","guid":{"rendered":"https:\/\/darvilais.md\/?post_type=product&#038;p=8292"},"modified":"2025-08-27T19:57:04","modified_gmt":"2025-08-27T19:57:04","slug":"hoco-di14-wireless-bluetooth-mouse","status":"publish","type":"product","link":"https:\/\/darvilais.md\/ro\/produs\/hoco-di14-wireless-bluetooth-mouse\/","title":{"rendered":"Hoco DI14"},"content":{"rendered":"<h2><strong>Mouse wireless Hoco DI14\u00a0<\/strong><\/h2>\n<ul>\n<li class=\"p1\"><strong>Culoare: alb\u00a0<\/strong><\/li>\n<li class=\"p1\"><strong>Conexiune: Bluetooth 3.0 + 5.0\u00a0<\/strong><\/li>\n<li class=\"p1\"><strong>Rezolu\u021bie: 800 \/ 1200 \/ 1600 DPI\u00a0<\/strong><\/li>\n<li class=\"p1\"><strong>Alimentare: baterie \u00eencorporat\u0103 de 400 mAh\u00a0<\/strong><\/li>\n<li class=\"p1\"><strong>Durata de via\u021b\u0103 a bateriei: p\u00e2n\u0103 la 30 de zile\u00a0<\/strong><\/li>\n<li class=\"p1\"><strong>Material: Plastic ABS\u00a0<\/strong><\/li>\n<li class=\"p1\"><strong>Compatibilitate: PC-uri, laptopuri, tablete, smartphone-uri (Bluetooth \u2265 4.0)\u00a0<\/strong><\/li>\n<li class=\"p1\"><strong>Dimensiuni: 115 \u00d7 55 \u00d7 20 mm; Greutate: 80 g\u00a0<\/strong><\/li>\n<li class=\"p1\"><strong>Garan\u021bie: 6 luni\u00a0<\/strong><\/li>\n<li class=\"p1\"><strong>Producator: Hoco<\/strong><\/li>\n<\/ul>","protected":false},"excerpt":{"rendered":"<p><em><strong>Mouse wireless elegant \u0219i compact Hoco DI14 cu conexiune Bluetooth 5.0, ajustare DPI de p\u00e2n\u0103 la 1600 \u0219i durat\u0103 de via\u021b\u0103 a bateriei de p\u00e2n\u0103 la 30 de zile.<\/strong><\/em><\/p>","protected":false},"featured_media":8297,"template":"","meta":{"_acf_changed":false},"product_brand":[286],"product_cat":[238],"product_tag":[542,624,625,626],"class_list":{"0":"post-8292","1":"product","2":"type-product","3":"status-publish","4":"has-post-thumbnail","6":"product_brand-hoco","7":"product_cat-pc-accessories","8":"product_tag-bluetooth-5-0","9":"product_tag-624","10":"product_tag--1600-dpi","11":"product_tag-626","13":"first","14":"instock","15":"sale","16":"taxable","17":"shipping-taxable","18":"purchasable","19":"product-type-simple","20":"add-to-wishlist-after_add_to_cart"},"acf":[],"jetpack_sharing_enabled":true,"_links":{"self":[{"href":"https:\/\/darvilais.md\/ro\/wp-json\/wp\/v2\/product\/8292","targetHints":{"allow":["GET"]}}],"collection":[{"href":"https:\/\/darvilais.md\/ro\/wp-json\/wp\/v2\/product"}],"about":[{"href":"https:\/\/darvilais.md\/ro\/wp-json\/wp\/v2\/types\/product"}],"wp:featuredmedia":[{"embeddable":true,"href":"https:\/\/darvilais.md\/ro\/wp-json\/wp\/v2\/media\/8297"}],"wp:attachment":[{"href":"https:\/\/darvilais.md\/ro\/wp-json\/wp\/v2\/media?parent=8292"}],"wp:term":[{"taxonomy":"product_brand","embeddable":true,"href":"https:\/\/darvilais.md\/ro\/wp-json\/wp\/v2\/product_brand?post=8292"},{"taxonomy":"product_cat","embeddable":true,"href":"https:\/\/darvilais.md\/ro\/wp-json\/wp\/v2\/product_cat?post=8292"},{"taxonomy":"product_tag","embeddable":true,"href":"https:\/\/darvilais.md\/ro\/wp-json\/wp\/v2\/product_tag?post=8292"}],"curies":[{"name":"wp","href":"https:\/\/api.w.org\/{rel}","templated":true}]}}