{"id":8275,"date":"2025-08-26T18:26:06","date_gmt":"2025-08-26T18:26:06","guid":{"rendered":"https:\/\/darvilais.md\/?post_type=product&#038;p=8275"},"modified":"2025-08-26T18:26:07","modified_gmt":"2025-08-26T18:26:07","slug":"hoco-x59-victory-usb-a-to-usb-c","status":"publish","type":"product","link":"https:\/\/darvilais.md\/ro\/produs\/hoco-x59-victory-usb-a-to-usb-c\/","title":{"rendered":"Hoco X59 USB \u2013 USB-C\u00a0"},"content":{"rendered":"<h2><strong>Cablu USB-C Hoco X59 Victory\u00a0<\/strong><\/h2>\n<ul>\n<li><strong>Culoare: negru<\/strong><\/li>\n<li class=\"p1\"><strong>Lungime: 2 m\u00a0<\/strong><\/li>\n<li class=\"p1\"><strong>Material: \u00eempletitur\u0103 de nailon, conectori TPE ranforsa\u021bi\u00a0<\/strong><\/li>\n<li class=\"p1\"><strong>Miez: cupru torsadat (118 fire)\u00a0<\/strong><\/li>\n<li class=\"p1\"><strong>Curent: p\u00e2n\u0103 la 2,4 A\u00a0<\/strong><\/li>\n<li class=\"p1\"><strong>Func\u021bii: \u00eenc\u0103rcare + transfer de date\u00a0<\/strong><\/li>\n<li class=\"p1\"><strong>Greutate: ~59 g\u00a0\u00a0<\/strong><\/li>\n<li class=\"p1\"><strong>Producator: Hoco\u00a0<\/strong><\/li>\n<\/ul>\n<p><strong><span class=\"s1\">Confirmat: <\/span><a href=\"https:\/\/hocotech.com\/product\/mobile-accessories\/cables\/type-c-aka-usb-c\/cable-usb-to-type-c-x59-victory-charging-data-sync\/\" target=\"_blank\" rel=\"noopener\">https:\/\/hocotech.com\/product\/mobile-accessories\/cables\/type-c-aka-usb-c\/cable-usb-to-type-c-x59-victory-charging-data-sync\/<\/a><\/strong><\/p>","protected":false},"excerpt":{"rendered":"<p><em><strong>Cablu Hoco X59 Victory USB-A \u2192 USB-C, lungime 2 m, suport\u0103 p\u00e2n\u0103 la 2.4A, \u00eempletitur\u0103 durabil\u0103 din nailon, transfer\u0103 date \u0219i \u00eencarc\u0103 dispozitive.<\/strong><\/em><\/p>","protected":false},"featured_media":8279,"template":"","meta":{"_acf_changed":false},"product_brand":[286],"product_cat":[253],"product_tag":[611,619,618,617],"class_list":{"0":"post-8275","1":"product","2":"type-product","3":"status-publish","4":"has-post-thumbnail","6":"product_brand-hoco","7":"product_cat-charging-cables","8":"product_tag-3-a-","9":"product_tag--2-","10":"product_tag--usb-c","11":"product_tag-617","13":"first","14":"instock","15":"sale","16":"taxable","17":"shipping-taxable","18":"purchasable","19":"product-type-simple","20":"add-to-wishlist-after_add_to_cart"},"acf":[],"jetpack_sharing_enabled":true,"_links":{"self":[{"href":"https:\/\/darvilais.md\/ro\/wp-json\/wp\/v2\/product\/8275","targetHints":{"allow":["GET"]}}],"collection":[{"href":"https:\/\/darvilais.md\/ro\/wp-json\/wp\/v2\/product"}],"about":[{"href":"https:\/\/darvilais.md\/ro\/wp-json\/wp\/v2\/types\/product"}],"wp:featuredmedia":[{"embeddable":true,"href":"https:\/\/darvilais.md\/ro\/wp-json\/wp\/v2\/media\/8279"}],"wp:attachment":[{"href":"https:\/\/darvilais.md\/ro\/wp-json\/wp\/v2\/media?parent=8275"}],"wp:term":[{"taxonomy":"product_brand","embeddable":true,"href":"https:\/\/darvilais.md\/ro\/wp-json\/wp\/v2\/product_brand?post=8275"},{"taxonomy":"product_cat","embeddable":true,"href":"https:\/\/darvilais.md\/ro\/wp-json\/wp\/v2\/product_cat?post=8275"},{"taxonomy":"product_tag","embeddable":true,"href":"https:\/\/darvilais.md\/ro\/wp-json\/wp\/v2\/product_tag?post=8275"}],"curies":[{"name":"wp","href":"https:\/\/api.w.org\/{rel}","templated":true}]}}