{"id":8229,"date":"2025-08-26T17:01:11","date_gmt":"2025-08-26T17:01:11","guid":{"rendered":"https:\/\/darvilais.md\/?post_type=product&#038;p=8229"},"modified":"2025-08-26T17:01:17","modified_gmt":"2025-08-26T17:01:17","slug":"xo-nb-q264b-type-c-to-type-c-240w","status":"publish","type":"product","link":"https:\/\/darvilais.md\/ro\/produs\/xo-nb-q264b-type-c-to-type-c-240w\/","title":{"rendered":"XO NB-Q264B Tip-C \u2013 Tip-C"},"content":{"rendered":"<h2><strong>Cablu XO NB-Q264B Tip-C la Tip-C<\/strong><\/h2>\n<ul>\n<li class=\"p1\"><strong>Lungime: 1 m sau 2 m<\/strong><\/li>\n<li class=\"p1\"><strong>Material: Carcas\u0103 din aluminiu + \u00eempletitur\u0103 TPE80A, mufe cu fixare intern\u0103 din PP<\/strong><\/li>\n<li class=\"p1\"><strong>Curent: p\u00e2n\u0103 la 240 W (PD)<\/strong><\/li>\n<li class=\"p1\"><strong>Func\u021bie: transfer de date \u0219i \u00eenc\u0103rcare rapid\u0103<\/strong><\/li>\n<li class=\"p1\"><strong>Caracteristici: conectori metalici ranforsa\u021bi, \u00eempletitur\u0103 fiabil\u0103<\/strong><\/li>\n<li class=\"p1\"><strong>Culoare: negru<\/strong><\/li>\n<li class=\"p1\"><strong>Produc\u0103tor: XO<\/strong><\/li>\n<\/ul>","protected":false},"excerpt":{"rendered":"<p><em><strong>XO NB-Q264B este un cablu USB-C la USB-C puternic, care suport\u0103 o surs\u0103 de alimentare de p\u00e2n\u0103 la 240 W. Disponibil \u00een lungimi de 1 m \u0219i 2 m, are o carcas\u0103 din aluminiu \u0219i \u00eempletitur\u0103 ranforsat\u0103.<\/strong><\/em><\/p>","protected":false},"featured_media":8231,"template":"","meta":{"_acf_changed":false},"product_brand":[301],"product_cat":[253],"product_tag":[604,605,606,607],"class_list":{"0":"post-8229","1":"product","2":"type-product","3":"status-publish","4":"has-post-thumbnail","6":"product_brand-xo","7":"product_cat-charging-cables","8":"product_tag-240-w","9":"product_tag-type-c-type-c","10":"product_tag-606","11":"product_tag-607","13":"first","14":"instock","15":"taxable","16":"shipping-taxable","17":"purchasable","18":"product-type-simple","19":"add-to-wishlist-after_add_to_cart"},"acf":[],"jetpack_sharing_enabled":true,"_links":{"self":[{"href":"https:\/\/darvilais.md\/ro\/wp-json\/wp\/v2\/product\/8229","targetHints":{"allow":["GET"]}}],"collection":[{"href":"https:\/\/darvilais.md\/ro\/wp-json\/wp\/v2\/product"}],"about":[{"href":"https:\/\/darvilais.md\/ro\/wp-json\/wp\/v2\/types\/product"}],"wp:featuredmedia":[{"embeddable":true,"href":"https:\/\/darvilais.md\/ro\/wp-json\/wp\/v2\/media\/8231"}],"wp:attachment":[{"href":"https:\/\/darvilais.md\/ro\/wp-json\/wp\/v2\/media?parent=8229"}],"wp:term":[{"taxonomy":"product_brand","embeddable":true,"href":"https:\/\/darvilais.md\/ro\/wp-json\/wp\/v2\/product_brand?post=8229"},{"taxonomy":"product_cat","embeddable":true,"href":"https:\/\/darvilais.md\/ro\/wp-json\/wp\/v2\/product_cat?post=8229"},{"taxonomy":"product_tag","embeddable":true,"href":"https:\/\/darvilais.md\/ro\/wp-json\/wp\/v2\/product_tag?post=8229"}],"curies":[{"name":"wp","href":"https:\/\/api.w.org\/{rel}","templated":true}]}}