{"id":8181,"date":"2025-08-21T15:36:38","date_gmt":"2025-08-21T15:36:38","guid":{"rendered":"https:\/\/darvilais.md\/?post_type=product&#038;p=8181"},"modified":"2025-08-21T15:36:38","modified_gmt":"2025-08-21T15:36:38","slug":"hoco-c80a-rapido-usb-a-type-c-20w","status":"publish","type":"product","link":"https:\/\/darvilais.md\/ro\/produs\/hoco-c80a-rapido-usb-a-type-c-20w\/","title":{"rendered":"Hoco C80A"},"content":{"rendered":"<h2><strong>\u00cenc\u0103rc\u0103tor de perete Hoco C80A Rapido PD20W + QC3.0\u00a0<\/strong><\/h2>\n<ul>\n<li class=\"p1\"><strong>Culoare: alb\u00a0<\/strong><\/li>\n<li class=\"p1\"><strong>Material: PC rezistent la foc\u00a0<\/strong><\/li>\n<li class=\"p1\"><strong>Intrare: CA 100\u2013240 V, 50\/60 Hz, 0,5\u20130,6 A\u00a0<\/strong><\/li>\n<li class=\"p1\"><strong>Rezultate:\u00a0<\/strong><\/li>\n<li class=\"p1\"><strong><span class=\"Apple-converted-space\">\u00a0 <\/span>\u2013 USB-A (QC3.0): p\u00e2n\u0103 la 18 W (CC 3,6\u20136,5 V\/3 A, 6,6\u20139 V\/2 A, 9,1\u201312 V\/1,5 A)\u00a0<\/strong><\/li>\n<li class=\"p1\"><strong><span class=\"Apple-converted-space\">\u00a0 <\/span>\u2013 Tip C (PD): p\u00e2n\u0103 la 20 W (5 V\/3 A, 9 V\/2,22 A, 12 V\/1,67 A)\u00a0<\/strong><\/li>\n<li class=\"p1\"><strong>Putere total\u0103 de ie\u0219ire: p\u00e2n\u0103 la 5 V\/3,1 A\u00a0<\/strong><\/li>\n<li class=\"p1\"><strong>Protocoale acceptate: PD3.0, QC3.0\/QC2.0, Huawei FCP, Samsung AFC\u00a0<\/strong><\/li>\n<li class=\"p1\"><strong>Tip de priz\u0103: UE <span class=\"Apple-converted-space\">\u00a0 \u00a0<\/span><\/strong><\/li>\n<li class=\"p1\"><strong>Dimensiuni: 85 \u00d7 46 \u00d7 25 mm\u00a0<\/strong><\/li>\n<li class=\"p1\"><strong>Greutate: 46 g Produc\u0103tor: Hoco\u00a0<\/strong><\/li>\n<\/ul>\n<p><strong><span class=\"s1\">Confirmat: <\/span><a href=\"https:\/\/hocotech.com\/product\/power\/wall-chargers\/wall-charger-c80a-plus-rapido-pd-qc3-0-eu-set-with-cable\/\" target=\"_blank\" rel=\"noopener\">https:\/\/hocotech.com\/product\/power\/wall-chargers\/wall-charger-c80a-plus-rapido-pd-qc3-0-eu-set-with-cable\/<\/a><\/strong><\/p>","protected":false},"excerpt":{"rendered":"<p><em><strong>Hoco C80A Rapido este un \u00eenc\u0103rc\u0103tor de perete compact cu dou\u0103 porturi, cu un port USB-A de 18W (QC3.0) \u0219i un port USB-C de 20W (PD3.0). Este perfect pentru \u00eenc\u0103rcarea rapid\u0103 a smartphone-urilor \u0219i a altor dispozitive.<\/strong><\/em><\/p>","protected":false},"featured_media":8185,"template":"","meta":{"_acf_changed":false},"product_brand":[286],"product_cat":[252],"product_tag":[597,278,524,529],"class_list":{"0":"post-8181","1":"product","2":"type-product","3":"status-publish","4":"has-post-thumbnail","6":"product_brand-hoco","7":"product_cat-charging-adapters","8":"product_tag-eu-","9":"product_tag-pd20w","10":"product_tag-qc3-0","11":"product_tag-529","13":"first","14":"instock","15":"sale","16":"taxable","17":"shipping-taxable","18":"purchasable","19":"product-type-simple","20":"add-to-wishlist-after_add_to_cart"},"acf":[],"jetpack_sharing_enabled":true,"_links":{"self":[{"href":"https:\/\/darvilais.md\/ro\/wp-json\/wp\/v2\/product\/8181","targetHints":{"allow":["GET"]}}],"collection":[{"href":"https:\/\/darvilais.md\/ro\/wp-json\/wp\/v2\/product"}],"about":[{"href":"https:\/\/darvilais.md\/ro\/wp-json\/wp\/v2\/types\/product"}],"wp:featuredmedia":[{"embeddable":true,"href":"https:\/\/darvilais.md\/ro\/wp-json\/wp\/v2\/media\/8185"}],"wp:attachment":[{"href":"https:\/\/darvilais.md\/ro\/wp-json\/wp\/v2\/media?parent=8181"}],"wp:term":[{"taxonomy":"product_brand","embeddable":true,"href":"https:\/\/darvilais.md\/ro\/wp-json\/wp\/v2\/product_brand?post=8181"},{"taxonomy":"product_cat","embeddable":true,"href":"https:\/\/darvilais.md\/ro\/wp-json\/wp\/v2\/product_cat?post=8181"},{"taxonomy":"product_tag","embeddable":true,"href":"https:\/\/darvilais.md\/ro\/wp-json\/wp\/v2\/product_tag?post=8181"}],"curies":[{"name":"wp","href":"https:\/\/api.w.org\/{rel}","templated":true}]}}