{"id":8071,"date":"2025-08-19T10:45:13","date_gmt":"2025-08-19T10:45:13","guid":{"rendered":"https:\/\/darvilais.md\/?post_type=product&#038;p=8071"},"modified":"2025-08-19T10:45:13","modified_gmt":"2025-08-19T10:45:13","slug":"hoco-q26-joy-5000mah-magnetic-pd20w","status":"publish","type":"product","link":"https:\/\/darvilais.md\/ro\/produs\/hoco-q26-joy-5000mah-magnetic-pd20w\/","title":{"rendered":"Hoco Q26"},"content":{"rendered":"<h2><strong>Powerbank Hoco Q26 Joy PD20W 5000 mAh<\/strong><\/h2>\n<ul>\n<li class=\"p1\"><strong>Culoare: gri metalizat, auriu<\/strong><\/li>\n<li class=\"p1\"><strong>Capacitate: 5000 mAh (19,35 Wh), nominal\u0103 ~3000 mAh<\/strong><\/li>\n<li class=\"p1\"><strong>Intrare: Tip C - 5 V\/2 A, 9 V\/2 A (18 W)<\/strong><\/li>\n<li class=\"p1\"><strong>Ie\u0219ire: Tip C - p\u00e2n\u0103 la 20 W (PD\/QC\/FCP\/AFC)<\/strong><\/li>\n<li class=\"p1\"><strong>Ie\u0219ire wireless: 5W\/7.5W\/10W\/15W (inclusiv MagSafe)<\/strong><\/li>\n<li class=\"p1\"><strong>Indicator: Indicator LED al nivelului de \u00eenc\u0103rcare \u0219i al modului de \u00eenc\u0103rcare<\/strong><\/li>\n<li class=\"p1\"><strong>Material: Carcas\u0103 din aliaj de aluminiu + baterie litiu-polimer<\/strong><\/li>\n<li class=\"p1\"><strong>Dimensiuni: 102 x 66 x 8,25 mm<\/strong><\/li>\n<li class=\"p1\"><strong>Greutate: 104 g<\/strong><\/li>\n<li class=\"p1\"><strong>Producator: Hoco<\/strong><\/li>\n<\/ul>\n<p><strong><span class=\"s1\">Confirmat: <\/span><a href=\"https:\/\/hocotech.com\/product\/power\/portable-chargers\/power-banks\/power-bank-q26-joy-pd20w-wireless-charging-5000mah\/\" target=\"_blank\" rel=\"noopener\">https:\/\/hocotech.com\/product\/power\/portable-chargers\/power-banks\/power-bank-q26-joy-pd20w-wireless-charging-5000mah\/<\/a><\/strong><\/p>","protected":false},"excerpt":{"rendered":"<p><em><strong>Acumulator extern magnetic compact Hoco Q26 Joy 5000 mAh: PD20W rapid, compatibilitate MagSafe \u0219i indicator LED \u00eentr-o carcas\u0103 elegant\u0103 din aluminiu.<\/strong><\/em><\/p>","protected":false},"featured_media":8075,"template":"","meta":{"_acf_changed":false},"product_brand":[286],"product_cat":[239],"product_tag":[383,278,257,564],"class_list":{"0":"post-8071","1":"product","2":"type-product","3":"status-publish","4":"has-post-thumbnail","6":"product_brand-hoco","7":"product_cat-power-banks","8":"product_tag-magsafe","9":"product_tag-pd20w","10":"product_tag-257","11":"product_tag-564","13":"first","14":"instock","15":"sale","16":"taxable","17":"shipping-taxable","18":"purchasable","19":"product-type-simple","20":"add-to-wishlist-after_add_to_cart"},"acf":[],"jetpack_sharing_enabled":true,"_links":{"self":[{"href":"https:\/\/darvilais.md\/ro\/wp-json\/wp\/v2\/product\/8071","targetHints":{"allow":["GET"]}}],"collection":[{"href":"https:\/\/darvilais.md\/ro\/wp-json\/wp\/v2\/product"}],"about":[{"href":"https:\/\/darvilais.md\/ro\/wp-json\/wp\/v2\/types\/product"}],"wp:featuredmedia":[{"embeddable":true,"href":"https:\/\/darvilais.md\/ro\/wp-json\/wp\/v2\/media\/8075"}],"wp:attachment":[{"href":"https:\/\/darvilais.md\/ro\/wp-json\/wp\/v2\/media?parent=8071"}],"wp:term":[{"taxonomy":"product_brand","embeddable":true,"href":"https:\/\/darvilais.md\/ro\/wp-json\/wp\/v2\/product_brand?post=8071"},{"taxonomy":"product_cat","embeddable":true,"href":"https:\/\/darvilais.md\/ro\/wp-json\/wp\/v2\/product_cat?post=8071"},{"taxonomy":"product_tag","embeddable":true,"href":"https:\/\/darvilais.md\/ro\/wp-json\/wp\/v2\/product_tag?post=8071"}],"curies":[{"name":"wp","href":"https:\/\/api.w.org\/{rel}","templated":true}]}}