{"id":8041,"date":"2025-08-12T18:54:09","date_gmt":"2025-08-12T18:54:09","guid":{"rendered":"https:\/\/darvilais.md\/?post_type=product&#038;p=8041"},"modified":"2025-08-12T18:54:24","modified_gmt":"2025-08-12T18:54:24","slug":"hoco-j117a-power-bank","status":"publish","type":"product","link":"https:\/\/darvilais.md\/ro\/produs\/hoco-j117a-power-bank\/","title":{"rendered":"Hoco J117A"},"content":{"rendered":"<h2><strong>Baterie extern\u0103 Hoco J117A<\/strong><\/h2>\n<ul>\n<li class=\"p1\"><strong>Culoare: negru, alb<\/strong><\/li>\n<li class=\"p1\"><strong>Capacitate: 10000 mAh<\/strong><\/li>\n<li class=\"p1\"><strong>Intrare: USB-C \/ Micro-USB<\/strong><\/li>\n<li class=\"p1\"><strong>Ie\u0219iri: 2\u00d7 USB-A, USB-C<\/strong><\/li>\n<li class=\"p1\"><strong>Suport: \u00cenc\u0103rcare rapid\u0103 PD\/QC<\/strong><\/li>\n<li class=\"p1\"><strong>\u00cenc\u0103rcare wireless: p\u00e2n\u0103 la 15W<\/strong><\/li>\n<li class=\"p1\"><strong>Material carcas\u0103: ABS + PC (ignifug)<\/strong><\/li>\n<li class=\"p1\"><strong>Indicator: LED nivel de \u00eenc\u0103rcare<\/strong><\/li>\n<li class=\"p1\"><strong>Dimensiuni: 145\u00d770\u00d717 mm<\/strong><\/li>\n<li class=\"p1\"><strong>Greutate: ~250 g<\/strong><\/li>\n<li class=\"p1\"><strong>Producator: Hoco<\/strong><\/li>\n<\/ul>\n<p><strong>Confirmat: <a href=\"https:\/\/hocotech.com\/product\/power\/portable-chargers\/power-banks\/power-bank-j117a-esteem-pd20w-qc3-0-wireless-charging-10000mah\/\" target=\"_blank\" rel=\"noopener\">https:\/\/hocotech.com\/product\/power\/portable-chargers\/power-banks\/power-bank-j117a-esteem-pd20w-qc3-0-wireless-charging-10000mah\/<\/a><\/strong><\/p>","protected":false},"excerpt":{"rendered":"<p><em><strong>Baterie extern\u0103 Hoco J117A de 10000 mAh cu \u00eenc\u0103rcare wireless \u0219i suport PD\/QC. \u00cenc\u0103rca\u021bi simultan cu fir \u0219i wireless.<\/strong><\/em><\/p>","protected":false},"featured_media":8050,"template":"","meta":{"_acf_changed":false},"product_brand":[286],"product_cat":[239],"product_tag":[550,551,257,543],"class_list":{"0":"post-8041","1":"product","2":"type-product","3":"status-publish","4":"has-post-thumbnail","6":"product_brand-hoco","7":"product_cat-power-banks","8":"product_tag-10000-","9":"product_tag-usb-c","10":"product_tag-257","11":"product_tag-543","13":"first","14":"instock","15":"sale","16":"taxable","17":"shipping-taxable","18":"purchasable","19":"product-type-variable","20":"add-to-wishlist-after_add_to_cart"},"acf":[],"jetpack_sharing_enabled":true,"_links":{"self":[{"href":"https:\/\/darvilais.md\/ro\/wp-json\/wp\/v2\/product\/8041","targetHints":{"allow":["GET"]}}],"collection":[{"href":"https:\/\/darvilais.md\/ro\/wp-json\/wp\/v2\/product"}],"about":[{"href":"https:\/\/darvilais.md\/ro\/wp-json\/wp\/v2\/types\/product"}],"wp:featuredmedia":[{"embeddable":true,"href":"https:\/\/darvilais.md\/ro\/wp-json\/wp\/v2\/media\/8050"}],"wp:attachment":[{"href":"https:\/\/darvilais.md\/ro\/wp-json\/wp\/v2\/media?parent=8041"}],"wp:term":[{"taxonomy":"product_brand","embeddable":true,"href":"https:\/\/darvilais.md\/ro\/wp-json\/wp\/v2\/product_brand?post=8041"},{"taxonomy":"product_cat","embeddable":true,"href":"https:\/\/darvilais.md\/ro\/wp-json\/wp\/v2\/product_cat?post=8041"},{"taxonomy":"product_tag","embeddable":true,"href":"https:\/\/darvilais.md\/ro\/wp-json\/wp\/v2\/product_tag?post=8041"}],"curies":[{"name":"wp","href":"https:\/\/api.w.org\/{rel}","templated":true}]}}