{"id":7990,"date":"2025-08-10T15:42:01","date_gmt":"2025-08-10T15:42:01","guid":{"rendered":"https:\/\/darvilais.md\/?post_type=product&#038;p=7990"},"modified":"2025-08-10T15:45:06","modified_gmt":"2025-08-10T15:45:06","slug":"hoco-z28-power-ocean-display-car-charger","status":"publish","type":"product","link":"https:\/\/darvilais.md\/ro\/produs\/hoco-z28-power-ocean-display-car-charger\/","title":{"rendered":"Hoco Z28"},"content":{"rendered":"<h2><strong>\u00cenc\u0103rc\u0103tor auto Hoco Z28 Power Ocean cu afi\u0219aj digital\u00a0<\/strong><\/h2>\n<ul>\n<li class=\"p1\"><strong>Culoare: negru\u00a0<\/strong><\/li>\n<li class=\"p1\"><strong>Intrare: CC 12\u201324V\u00a0<\/strong><\/li>\n<li class=\"p1\"><strong>Ie\u0219ire USB1: 5V\/2.4A\u00a0<\/strong><\/li>\n<li class=\"p1\"><strong>Ie\u0219ire USB2: 5V\/2.4A\u00a0<\/strong><\/li>\n<li class=\"p1\"><strong>Putere total\u0103 de ie\u0219ire: 5V\/3.1A\u00a0<\/strong><\/li>\n<li class=\"p1\"><strong>Afi\u0219aj \u00eencorporat: afi\u0219eaz\u0103 tensiunea bateriei, tensiunea de ie\u0219ire \u0219i curentul\u00a0<\/strong><\/li>\n<li class=\"p1\"><strong>Material: PC rezistent la foc\u00a0<\/strong><\/li>\n<li class=\"p1\"><strong>Dimensiuni: 127\u00d763\u00d743 mm\u00a0<\/strong><\/li>\n<li class=\"p1\"><strong>Greutate: 77 g\u00a0<\/strong><\/li>\n<li class=\"p1\"><strong>Reglabil: da\u00a0<\/strong><\/li>\n<li><strong>Producator: Hoco\u00a0<\/strong><\/li>\n<\/ul>\n<p><strong>Confirmat: <a href=\"https:\/\/hocotech.com\/product\/mobile-accessories\/in-car\/car-chargers\/car-charger-z28-digital-display\/\" target=\"_blank\" rel=\"noopener\">https:\/\/hocotech.com\/product\/mobile-accessories\/in-car\/car-chargers\/car-charger-z28-digital-display\/<\/a><\/strong><\/p>","protected":false},"excerpt":{"rendered":"<p><em><strong>\u00cenc\u0103rc\u0103torul auto Hoco Z28 Power Ocean este fiabil, cu dou\u0103 porturi USB \u0219i afi\u0219aj digital al curentului \u0219i tensiunii. Dispune de o carcas\u0103 PC durabil\u0103 \u0219i ignifug\u0103 \u0219i este disponibil pentru livrare \u00een toat\u0103 Republica Moldova.<\/strong><\/em><\/p>","protected":false},"featured_media":7996,"template":"","meta":{"_acf_changed":false},"product_brand":[286],"product_cat":[237],"product_tag":[527,525,528,526],"class_list":{"0":"post-7990","1":"product","2":"type-product","3":"status-publish","4":"has-post-thumbnail","6":"product_brand-hoco","7":"product_cat-auto-moto-accessories","8":"product_tag-dual-usb","9":"product_tag-525","10":"product_tag-528","11":"product_tag-526","13":"first","14":"instock","15":"taxable","16":"shipping-taxable","17":"purchasable","18":"product-type-simple","19":"add-to-wishlist-after_add_to_cart"},"acf":[],"jetpack_sharing_enabled":true,"_links":{"self":[{"href":"https:\/\/darvilais.md\/ro\/wp-json\/wp\/v2\/product\/7990","targetHints":{"allow":["GET"]}}],"collection":[{"href":"https:\/\/darvilais.md\/ro\/wp-json\/wp\/v2\/product"}],"about":[{"href":"https:\/\/darvilais.md\/ro\/wp-json\/wp\/v2\/types\/product"}],"wp:featuredmedia":[{"embeddable":true,"href":"https:\/\/darvilais.md\/ro\/wp-json\/wp\/v2\/media\/7996"}],"wp:attachment":[{"href":"https:\/\/darvilais.md\/ro\/wp-json\/wp\/v2\/media?parent=7990"}],"wp:term":[{"taxonomy":"product_brand","embeddable":true,"href":"https:\/\/darvilais.md\/ro\/wp-json\/wp\/v2\/product_brand?post=7990"},{"taxonomy":"product_cat","embeddable":true,"href":"https:\/\/darvilais.md\/ro\/wp-json\/wp\/v2\/product_cat?post=7990"},{"taxonomy":"product_tag","embeddable":true,"href":"https:\/\/darvilais.md\/ro\/wp-json\/wp\/v2\/product_tag?post=7990"}],"curies":[{"name":"wp","href":"https:\/\/api.w.org\/{rel}","templated":true}]}}