{"id":7972,"date":"2025-08-09T13:09:43","date_gmt":"2025-08-09T13:09:43","guid":{"rendered":"https:\/\/darvilais.md\/?post_type=product&#038;p=7972"},"modified":"2025-10-06T04:54:49","modified_gmt":"2025-10-06T04:54:49","slug":"hoco-hw20-magnetic-wireless-car-holder","status":"publish","type":"product","link":"https:\/\/darvilais.md\/ro\/produs\/hoco-hw20-magnetic-wireless-car-holder\/","title":{"rendered":"Hoco HW20"},"content":{"rendered":"<h2><strong>Camer\u0103 video Hoco HW20 Precious pentru consola central\u0103\u00a0<\/strong><\/h2>\n<ul>\n<li class=\"p1\"><strong>Culoare: negru\u00a0<\/strong><\/li>\n<li class=\"p1\"><strong>Tip de montare: magnetic\u0103\u00a0<\/strong><\/li>\n<li class=\"p1\"><strong>Tip de \u00eenc\u0103rcare: f\u0103r\u0103 fir (Qi)\u00a0<\/strong><\/li>\n<li class=\"p1\"><strong>Putere maxim\u0103: 15 W\u00a0<\/strong><\/li>\n<li class=\"p1\"><strong>Compatibilitate: Smartphone-uri cu Qi \u0219i suport magnetic\u00a0<\/strong><\/li>\n<li class=\"p1\"><strong>Instalare: consola central\u0103 a ma\u0219inii\u00a0<\/strong><\/li>\n<li class=\"p1\"><strong>Materialul corpului: plastic, metal\u00a0<\/strong><\/li>\n<li class=\"p1\"><strong>Protec\u021bie: \u00eempotriva supra\u00eenc\u0103lzirii\u00a0<\/strong><\/li>\n<li class=\"p1\"><strong>Protec\u021bie: scurtcircuit\u00a0<\/strong><\/li>\n<li class=\"p1\"><strong>Func\u021bie: \u00eenc\u0103rcare rapid\u0103\u00a0<\/strong><\/li>\n<li class=\"p1\"><strong>Producator: Hoco<\/strong><\/li>\n<\/ul>","protected":false},"excerpt":{"rendered":"<p><em><strong>Suport magnetic wireless Hoco HW20, convenabil pentru consola central\u0103 a ma\u0219inii, cu suport pentru \u00eenc\u0103rcare rapid\u0103 de 15W \u0219i o fixare sigur\u0103.<\/strong><\/em><\/p>","protected":false},"featured_media":7979,"template":"","meta":{"_acf_changed":false},"product_brand":[286],"product_cat":[237],"product_tag":[521,520,272,497],"class_list":{"0":"post-7972","1":"product","2":"type-product","3":"status-publish","4":"has-post-thumbnail","6":"product_brand-hoco","7":"product_cat-auto-moto-accessories","8":"product_tag-521","9":"product_tag-520","10":"product_tag-272","11":"product_tag-497","13":"first","14":"outofstock","15":"taxable","16":"shipping-taxable","17":"purchasable","18":"product-type-simple","19":"add-to-wishlist-after_add_to_cart"},"acf":[],"jetpack_sharing_enabled":true,"_links":{"self":[{"href":"https:\/\/darvilais.md\/ro\/wp-json\/wp\/v2\/product\/7972","targetHints":{"allow":["GET"]}}],"collection":[{"href":"https:\/\/darvilais.md\/ro\/wp-json\/wp\/v2\/product"}],"about":[{"href":"https:\/\/darvilais.md\/ro\/wp-json\/wp\/v2\/types\/product"}],"wp:featuredmedia":[{"embeddable":true,"href":"https:\/\/darvilais.md\/ro\/wp-json\/wp\/v2\/media\/7979"}],"wp:attachment":[{"href":"https:\/\/darvilais.md\/ro\/wp-json\/wp\/v2\/media?parent=7972"}],"wp:term":[{"taxonomy":"product_brand","embeddable":true,"href":"https:\/\/darvilais.md\/ro\/wp-json\/wp\/v2\/product_brand?post=7972"},{"taxonomy":"product_cat","embeddable":true,"href":"https:\/\/darvilais.md\/ro\/wp-json\/wp\/v2\/product_cat?post=7972"},{"taxonomy":"product_tag","embeddable":true,"href":"https:\/\/darvilais.md\/ro\/wp-json\/wp\/v2\/product_tag?post=7972"}],"curies":[{"name":"wp","href":"https:\/\/api.w.org\/{rel}","templated":true}]}}