{"id":7962,"date":"2025-08-09T12:58:13","date_gmt":"2025-08-09T12:58:13","guid":{"rendered":"https:\/\/darvilais.md\/?post_type=product&#038;p=7962"},"modified":"2025-08-09T12:58:13","modified_gmt":"2025-08-09T12:58:13","slug":"hoco-hw19-precious-wireless-car-charger","status":"publish","type":"product","link":"https:\/\/darvilais.md\/ro\/produs\/hoco-hw19-precious-wireless-car-charger\/","title":{"rendered":"Hoco HW19"},"content":{"rendered":"<h2><strong>\u00cenc\u0103rc\u0103tor auto wireless Hoco HW19 Precious <\/strong><\/h2>\n<ul>\n<li><strong>Culoare: negru\u00a0<\/strong><\/li>\n<li class=\"p1\"><strong>Tip de \u00eenc\u0103rcare: f\u0103r\u0103 fir (Qi)\u00a0<\/strong><\/li>\n<li class=\"p1\"><strong>Putere maxim\u0103: 15 W\u00a0<\/strong><\/li>\n<li class=\"p1\"><strong>Compatibilitate: Dispozitive care accept\u0103 \u00eenc\u0103rcarea wireless Qi\u00a0<\/strong><\/li>\n<li class=\"p1\"><strong>Instalare: Montat pe conducta de aer a ma\u0219inii\u00a0<\/strong><\/li>\n<li class=\"p1\"><strong>Protec\u021bie: \u00eempotriva supra\u00eenc\u0103lzirii, supra\u00eenc\u0103rc\u0103rii \u0219i scurtcircuitului\u00a0<\/strong><\/li>\n<li class=\"p1\"><strong>Materialul corpului: plastic \u0219i metal\u00a0<\/strong><\/li>\n<li class=\"p1\"><strong>Producator: Hoco<\/strong><\/li>\n<\/ul>","protected":false},"excerpt":{"rendered":"<p><em><strong>\u00cenc\u0103rc\u0103torul wireless compact \u0219i puternic Hoco HW19, cu suport pentru orificiul de aerisire al ma\u0219inii, ofer\u0103 \u00eenc\u0103rcare rapid\u0103 \u0219i sigur\u0103 pentru dispozitivele compatibile Qi.<\/strong><\/em><\/p>","protected":false},"featured_media":7971,"template":"","meta":{"_acf_changed":false},"product_brand":[286],"product_cat":[237],"product_tag":[519,517,516,518],"class_list":{"0":"post-7962","1":"product","2":"type-product","3":"status-publish","4":"has-post-thumbnail","6":"product_brand-hoco","7":"product_cat-auto-moto-accessories","8":"product_tag-qi-","9":"product_tag-517","10":"product_tag-516","11":"product_tag-518","13":"first","14":"instock","15":"sale","16":"taxable","17":"shipping-taxable","18":"purchasable","19":"product-type-simple","20":"add-to-wishlist-after_add_to_cart"},"acf":[],"jetpack_sharing_enabled":true,"_links":{"self":[{"href":"https:\/\/darvilais.md\/ro\/wp-json\/wp\/v2\/product\/7962","targetHints":{"allow":["GET"]}}],"collection":[{"href":"https:\/\/darvilais.md\/ro\/wp-json\/wp\/v2\/product"}],"about":[{"href":"https:\/\/darvilais.md\/ro\/wp-json\/wp\/v2\/types\/product"}],"wp:featuredmedia":[{"embeddable":true,"href":"https:\/\/darvilais.md\/ro\/wp-json\/wp\/v2\/media\/7971"}],"wp:attachment":[{"href":"https:\/\/darvilais.md\/ro\/wp-json\/wp\/v2\/media?parent=7962"}],"wp:term":[{"taxonomy":"product_brand","embeddable":true,"href":"https:\/\/darvilais.md\/ro\/wp-json\/wp\/v2\/product_brand?post=7962"},{"taxonomy":"product_cat","embeddable":true,"href":"https:\/\/darvilais.md\/ro\/wp-json\/wp\/v2\/product_cat?post=7962"},{"taxonomy":"product_tag","embeddable":true,"href":"https:\/\/darvilais.md\/ro\/wp-json\/wp\/v2\/product_tag?post=7962"}],"curies":[{"name":"wp","href":"https:\/\/api.w.org\/{rel}","templated":true}]}}