{"id":7946,"date":"2025-08-09T09:38:20","date_gmt":"2025-08-09T09:38:20","guid":{"rendered":"https:\/\/darvilais.md\/?post_type=product&#038;p=7946"},"modified":"2025-08-09T09:38:20","modified_gmt":"2025-08-09T09:38:20","slug":"hoco-dv3-dual-channel-dashcam","status":"publish","type":"product","link":"https:\/\/darvilais.md\/ro\/produs\/hoco-dv3-dual-channel-dashcam\/","title":{"rendered":"Hoco DV3"},"content":{"rendered":"<h2><strong>\u00cenregistrator video Hoco DV3<\/strong><\/h2>\n<ul>\n<li class=\"p1\"><strong>Culoare: negru<\/strong><\/li>\n<li class=\"p1\"><strong>Tip: DVR cu dou\u0103 camere<\/strong><\/li>\n<li class=\"p1\"><strong>Procesor: JL5601A<\/strong><\/li>\n<li class=\"p1\"><strong>Senzor: GC2053, 2 MP<\/strong><\/li>\n<li class=\"p1\"><strong>Ecran: IPS HD de 2,45\u2033, rezolu\u021bie 240\u00d7432<\/strong><\/li>\n<li class=\"p1\"><strong>Camer\u0103 principal\u0103: Full HD (1080p) <span class=\"s1\">@30fps<\/span>, unghi de vizualizare 140\u00b0<\/strong><\/li>\n<li class=\"p1\"><strong>Camer\u0103 spate: HD (720p), unghi de vizualizare de 140\u00b0<\/strong><\/li>\n<li class=\"p1\"><strong>Obiectiv: diafragm\u0103 f\/2.0<\/strong><\/li>\n<li class=\"p1\"><strong>Baterie: 200 mAh (Li-ion)<\/strong><\/li>\n<li class=\"p1\"><strong>Suport card de memorie: p\u00e2n\u0103 la 128 GB<\/strong><\/li>\n<li class=\"p1\"><strong>Dimensiuni: 70,5\u00d748,3\u00d735,8 mm<\/strong><\/li>\n<li class=\"p1\"><strong>Greutate: 65 g<\/strong><\/li>\n<li class=\"p1\"><strong>Materialul corpului: plastic<\/strong><\/li>\n<li class=\"p1\"><strong>Lungimea cablului camerei principale: 3,5 m<\/strong><\/li>\n<li class=\"p1\"><strong>Lungimea cablului camerei spate: 5,5 m<\/strong><\/li>\n<li class=\"p1\"><strong>Conexiune: USB tip C<\/strong><\/li>\n<li class=\"p1\"><strong>Caracteristici suplimentare: senzor G, senzor de mi\u0219care, mod nocturn, \u00eenregistrare \u00een bucl\u0103<\/strong><\/li>\n<li class=\"p1\"><strong>Suport lingvistic pentru interfa\u021b\u0103: 22 de limbi, inclusiv rus\u0103<\/strong><\/li>\n<li><strong>Producator: Hoco<\/strong><\/li>\n<\/ul>","protected":false},"excerpt":{"rendered":"<p><strong><em>Hoco DV3 este o camer\u0103 auto cu dou\u0103 camere care \u00eenregistreaz\u0103 \u00een Full HD \u0219i HD. Unghiul s\u0103u de vizualizare de 140\u00b0 \u0219i suportul pentru carduri de memorie de p\u00e2n\u0103 la 128 GB o fac ideal\u0103 pentru condus \u00een siguran\u021b\u0103. Printre caracteristicile suplimentare se num\u0103r\u0103 un senzor G, senzor de mi\u0219care \u0219i mod nocturn.<\/em><\/strong><\/p>","protected":false},"featured_media":7953,"template":"","meta":{"_acf_changed":false},"product_brand":[286],"product_cat":[237],"product_tag":[512,510,511,509],"class_list":{"0":"post-7946","1":"product","2":"type-product","3":"status-publish","4":"has-post-thumbnail","6":"product_brand-hoco","7":"product_cat-auto-moto-accessories","8":"product_tag-hd-","9":"product_tag-510","10":"product_tag-511","11":"product_tag-509","13":"first","14":"instock","15":"sale","16":"taxable","17":"shipping-taxable","18":"purchasable","19":"product-type-simple","20":"add-to-wishlist-after_add_to_cart"},"acf":[],"jetpack_sharing_enabled":true,"_links":{"self":[{"href":"https:\/\/darvilais.md\/ro\/wp-json\/wp\/v2\/product\/7946","targetHints":{"allow":["GET"]}}],"collection":[{"href":"https:\/\/darvilais.md\/ro\/wp-json\/wp\/v2\/product"}],"about":[{"href":"https:\/\/darvilais.md\/ro\/wp-json\/wp\/v2\/types\/product"}],"wp:featuredmedia":[{"embeddable":true,"href":"https:\/\/darvilais.md\/ro\/wp-json\/wp\/v2\/media\/7953"}],"wp:attachment":[{"href":"https:\/\/darvilais.md\/ro\/wp-json\/wp\/v2\/media?parent=7946"}],"wp:term":[{"taxonomy":"product_brand","embeddable":true,"href":"https:\/\/darvilais.md\/ro\/wp-json\/wp\/v2\/product_brand?post=7946"},{"taxonomy":"product_cat","embeddable":true,"href":"https:\/\/darvilais.md\/ro\/wp-json\/wp\/v2\/product_cat?post=7946"},{"taxonomy":"product_tag","embeddable":true,"href":"https:\/\/darvilais.md\/ro\/wp-json\/wp\/v2\/product_tag?post=7946"}],"curies":[{"name":"wp","href":"https:\/\/api.w.org\/{rel}","templated":true}]}}