{"id":7908,"date":"2025-08-05T19:03:23","date_gmt":"2025-08-05T19:03:23","guid":{"rendered":"https:\/\/darvilais.md\/?post_type=product&#038;p=7908"},"modified":"2025-08-05T19:03:23","modified_gmt":"2025-08-05T19:03:23","slug":"car-magnetic-holder-hoco-ca106","status":"publish","type":"product","link":"https:\/\/darvilais.md\/ro\/produs\/car-magnetic-holder-hoco-ca106\/","title":{"rendered":"Hoco CA106"},"content":{"rendered":"<h2><strong>Suport auto Hoco CA106<\/strong><\/h2>\n<ul>\n<li class=\"p1\"><strong>Culoare: negru<\/strong><\/li>\n<li class=\"p1\"><strong>Compatibilitate: Universal\u0103 (potrivit\u0103 pentru majoritatea smartphone-urilor)<\/strong><\/li>\n<li class=\"p1\"><strong>Tip de montare: pe deflector (gril\u0103 de ventila\u021bie)<\/strong><\/li>\n<li class=\"p1\"><strong>Tip de fixare: magnetic\u0103<\/strong><\/li>\n<li class=\"p1\"><strong>Material: plastic ABS, silicon, magnet<\/strong><\/li>\n<li class=\"p1\"><strong>Rota\u021bie: 360 de grade<\/strong><\/li>\n<li class=\"p1\"><strong>Dimensiune: compact\u0103, confortabil\u0103 de \u021binut \u00eentr-o m\u00e2n\u0103<\/strong><\/li>\n<li class=\"p1\"><strong>Producator: Hoco<\/strong><\/li>\n<\/ul>","protected":false},"excerpt":{"rendered":"<p><strong><em>Suportul magnetic auto Hoco CA106 se ata\u0219eaz\u0103 la gura de ventila\u021bie, se rote\u0219te la 360\u00b0 \u0219i este compatibil cu majoritatea smartphone-urilor. Un accesoriu compact \u0219i convenabil pentru ma\u0219ina ta.<\/em><\/strong><\/p>","protected":false},"featured_media":7914,"template":"","meta":{"_acf_changed":false},"product_brand":[286],"product_cat":[237],"product_tag":[496,475,498,497],"class_list":{"0":"post-7908","1":"product","2":"type-product","3":"status-publish","4":"has-post-thumbnail","6":"product_brand-hoco","7":"product_cat-auto-moto-accessories","8":"product_tag-496","9":"product_tag-475","10":"product_tag-498","11":"product_tag-497","13":"first","14":"instock","15":"sale","16":"taxable","17":"shipping-taxable","18":"purchasable","19":"product-type-simple","20":"add-to-wishlist-after_add_to_cart"},"acf":[],"jetpack_sharing_enabled":true,"_links":{"self":[{"href":"https:\/\/darvilais.md\/ro\/wp-json\/wp\/v2\/product\/7908","targetHints":{"allow":["GET"]}}],"collection":[{"href":"https:\/\/darvilais.md\/ro\/wp-json\/wp\/v2\/product"}],"about":[{"href":"https:\/\/darvilais.md\/ro\/wp-json\/wp\/v2\/types\/product"}],"wp:featuredmedia":[{"embeddable":true,"href":"https:\/\/darvilais.md\/ro\/wp-json\/wp\/v2\/media\/7914"}],"wp:attachment":[{"href":"https:\/\/darvilais.md\/ro\/wp-json\/wp\/v2\/media?parent=7908"}],"wp:term":[{"taxonomy":"product_brand","embeddable":true,"href":"https:\/\/darvilais.md\/ro\/wp-json\/wp\/v2\/product_brand?post=7908"},{"taxonomy":"product_cat","embeddable":true,"href":"https:\/\/darvilais.md\/ro\/wp-json\/wp\/v2\/product_cat?post=7908"},{"taxonomy":"product_tag","embeddable":true,"href":"https:\/\/darvilais.md\/ro\/wp-json\/wp\/v2\/product_tag?post=7908"}],"curies":[{"name":"wp","href":"https:\/\/api.w.org\/{rel}","templated":true}]}}