{"id":7902,"date":"2025-08-05T18:51:51","date_gmt":"2025-08-05T18:51:51","guid":{"rendered":"https:\/\/darvilais.md\/?post_type=product&#038;p=7902"},"modified":"2025-08-05T18:51:51","modified_gmt":"2025-08-05T18:51:51","slug":"car-charger-hoco-c1-3-in-1-white","status":"publish","type":"product","link":"https:\/\/darvilais.md\/ro\/produs\/car-charger-hoco-c1-3-in-1-white\/","title":{"rendered":"Hoco C1"},"content":{"rendered":"<h2><strong>\u00cenc\u0103rc\u0103tor splitter Hoco C1 3-\u00een-1 3.1A alb<\/strong><\/h2>\n<ul>\n<li class=\"p1\"><strong>Culoare: alb\u00a0<\/strong><\/li>\n<li class=\"p1\"><strong>Tip dispozitiv: \u00eenc\u0103rc\u0103tor auto\u00a0<\/strong><\/li>\n<li class=\"p1\"><strong>Num\u0103r de porturi: 3 (2 USB + 1 brichet\u0103)\u00a0<\/strong><\/li>\n<li class=\"p1\"><strong>Curent de ie\u0219ire: p\u00e2n\u0103 la 3,1A\u00a0<\/strong><\/li>\n<li class=\"p1\"><strong>Tensiune de intrare: 12\u201324V\u00a0<\/strong><\/li>\n<li class=\"p1\"><strong>Materialul corpului: plastic\u00a0<\/strong><\/li>\n<li class=\"p1\"><strong>Iluminare de fundal: da\u00a0<\/strong><\/li>\n<li class=\"p1\"><strong>Protec\u021bie: \u00eempotriva supra\u00eenc\u0103lzirii, supratensiunii \u0219i scurtcircuitului\u00a0<\/strong><\/li>\n<li class=\"p1\"><strong>Compatibilitate: utilizare universal\u0103\u00a0<\/strong><\/li>\n<li class=\"p1\"><strong>Producator: Hoco<\/strong><\/li>\n<\/ul>","protected":false},"excerpt":{"rendered":"<p><em><strong>\u00cenc\u0103rc\u0103torul auto Hoco C1 3 \u00een 1 este un accesoriu convenabil \u0219i compact, cu dou\u0103 porturi USB \u0219i un splitter pentru brichet\u0103. Acesta ofer\u0103 \u00eenc\u0103rcare rapid\u0103 \u0219i sigur\u0103 pentru toate dispozitivele tale.<\/strong><\/em><\/p>","protected":false},"featured_media":7905,"template":"","meta":{"_acf_changed":false},"product_brand":[286],"product_cat":[237],"product_tag":[494,491,493,272,492,495],"class_list":{"0":"post-7902","1":"product","2":"type-product","3":"status-publish","4":"has-post-thumbnail","6":"product_brand-hoco","7":"product_cat-auto-moto-accessories","8":"product_tag-3--1","9":"product_tag-491","10":"product_tag-493","11":"product_tag-272","12":"product_tag-492","13":"product_tag-495","15":"first","16":"instock","17":"taxable","18":"shipping-taxable","19":"purchasable","20":"product-type-simple","21":"add-to-wishlist-after_add_to_cart"},"acf":[],"jetpack_sharing_enabled":true,"_links":{"self":[{"href":"https:\/\/darvilais.md\/ro\/wp-json\/wp\/v2\/product\/7902","targetHints":{"allow":["GET"]}}],"collection":[{"href":"https:\/\/darvilais.md\/ro\/wp-json\/wp\/v2\/product"}],"about":[{"href":"https:\/\/darvilais.md\/ro\/wp-json\/wp\/v2\/types\/product"}],"wp:featuredmedia":[{"embeddable":true,"href":"https:\/\/darvilais.md\/ro\/wp-json\/wp\/v2\/media\/7905"}],"wp:attachment":[{"href":"https:\/\/darvilais.md\/ro\/wp-json\/wp\/v2\/media?parent=7902"}],"wp:term":[{"taxonomy":"product_brand","embeddable":true,"href":"https:\/\/darvilais.md\/ro\/wp-json\/wp\/v2\/product_brand?post=7902"},{"taxonomy":"product_cat","embeddable":true,"href":"https:\/\/darvilais.md\/ro\/wp-json\/wp\/v2\/product_cat?post=7902"},{"taxonomy":"product_tag","embeddable":true,"href":"https:\/\/darvilais.md\/ro\/wp-json\/wp\/v2\/product_tag?post=7902"}],"curies":[{"name":"wp","href":"https:\/\/api.w.org\/{rel}","templated":true}]}}