{"id":7898,"date":"2025-08-04T18:32:04","date_gmt":"2025-08-04T18:32:04","guid":{"rendered":"https:\/\/darvilais.md\/?post_type=product&#038;p=7898"},"modified":"2025-10-14T17:39:47","modified_gmt":"2025-10-14T17:39:47","slug":"iphone-14-clear-magsafe-case","status":"publish","type":"product","link":"https:\/\/darvilais.md\/ro\/produs\/iphone-14-clear-magsafe-case\/","title":{"rendered":"iPhone 14"},"content":{"rendered":"<h2><strong>Carcas\u0103 de telefon pentru iPhone 14, din acril transparent TPU MagSafe, versiune animat\u0103 Pop-up\u00a0<\/strong><\/h2>\n<ul>\n<li class=\"p1\"><strong>Culoare: transparent\u0103\u00a0<\/strong><\/li>\n<li class=\"p1\"><strong>Material: Acrilic + TPU\u00a0<\/strong><\/li>\n<li class=\"p1\"><strong>Compatibil cu MagSafe: Da\u00a0<\/strong><\/li>\n<li class=\"p1\"><strong>Anima\u021bie pop-up la conectare: da\u00a0<\/strong><\/li>\n<li class=\"p1\"><strong>Grosime: 2 mm\u00a0<\/strong><\/li>\n<li class=\"p1\"><strong>Protec\u021bie camer\u0103: margini ridicate\u00a0<\/strong><\/li>\n<li class=\"p1\"><strong>Acces la butoane \u0219i porturi: complet\u00a0<\/strong><\/li>\n<li class=\"p1\"><strong>Modelul dispozitivului: iPhone 14\u00a0<\/strong><\/li>\n<li class=\"p1\"><strong>Produc\u0103tor: altul\u00a0<\/strong><\/li>\n<\/ul>","protected":false},"excerpt":{"rendered":"<p><strong><em>O carcas\u0103 transparent\u0103 din acril \u0219i TPU cu suport MagSafe \u0219i o anima\u021bie pop-up pentru conectare. Se potrive\u0219te perfect pe iPhone 14, protejeaz\u0103 \u00eempotriva zg\u00e2rieturilor \u0219i p\u0103streaz\u0103 aspectul original al dispozitivului.<\/em><\/strong><\/p>","protected":false},"featured_media":7901,"template":"","meta":{"_acf_changed":false},"product_brand":[364],"product_cat":[362],"product_tag":[383,490,389,382],"class_list":{"0":"post-7898","1":"product","2":"type-product","3":"status-publish","4":"has-post-thumbnail","6":"product_brand-364","7":"product_cat-phone-cases","8":"product_tag-magsafe","9":"product_tag-490","10":"product_tag-389","11":"product_tag-382","13":"first","14":"instock","15":"sale","16":"taxable","17":"shipping-taxable","18":"purchasable","19":"product-type-simple","20":"add-to-wishlist-after_add_to_cart"},"acf":[],"jetpack_sharing_enabled":true,"_links":{"self":[{"href":"https:\/\/darvilais.md\/ro\/wp-json\/wp\/v2\/product\/7898","targetHints":{"allow":["GET"]}}],"collection":[{"href":"https:\/\/darvilais.md\/ro\/wp-json\/wp\/v2\/product"}],"about":[{"href":"https:\/\/darvilais.md\/ro\/wp-json\/wp\/v2\/types\/product"}],"wp:featuredmedia":[{"embeddable":true,"href":"https:\/\/darvilais.md\/ro\/wp-json\/wp\/v2\/media\/7901"}],"wp:attachment":[{"href":"https:\/\/darvilais.md\/ro\/wp-json\/wp\/v2\/media?parent=7898"}],"wp:term":[{"taxonomy":"product_brand","embeddable":true,"href":"https:\/\/darvilais.md\/ro\/wp-json\/wp\/v2\/product_brand?post=7898"},{"taxonomy":"product_cat","embeddable":true,"href":"https:\/\/darvilais.md\/ro\/wp-json\/wp\/v2\/product_cat?post=7898"},{"taxonomy":"product_tag","embeddable":true,"href":"https:\/\/darvilais.md\/ro\/wp-json\/wp\/v2\/product_tag?post=7898"}],"curies":[{"name":"wp","href":"https:\/\/api.w.org\/{rel}","templated":true}]}}