{"id":7831,"date":"2025-07-30T18:41:14","date_gmt":"2025-07-30T18:41:14","guid":{"rendered":"https:\/\/darvilais.md\/?post_type=product&#038;p=7831"},"modified":"2026-01-05T14:34:44","modified_gmt":"2026-01-05T12:34:44","slug":"iphone-14-pro-max-clear-magsafe-pop-up-case","status":"publish","type":"product","link":"https:\/\/darvilais.md\/ro\/produs\/iphone-14-pro-max-clear-magsafe-pop-up-case\/","title":{"rendered":"iPhone 14 Pro Max"},"content":{"rendered":"<h2><strong>Carcas\u0103 iPhone 14 Pro Max\u00a0<\/strong><\/h2>\n<ul>\n<li class=\"p1\"><strong>Tip: carcas\u0103 transparent\u0103 rezistent\u0103 la \u0219ocuri\u00a0<\/strong><\/li>\n<li class=\"p1\"><strong>Material: acril + TPU flexibil\u00a0<\/strong><\/li>\n<li class=\"p1\"><strong>Caracteristici: suport MagSafe, anima\u021bie pop-up, protec\u021bie \u00eempotriva c\u0103derii\u00a0<\/strong><\/li>\n<li class=\"p1\"><strong>Compatibilitate: iPhone 14 Pro Max\u00a0<\/strong><\/li>\n<li class=\"p1\"><strong>Culoare: transparent\u0103\u00a0<\/strong><\/li>\n<li class=\"p1\"><strong>Produc\u0103tor: altul<\/strong><\/li>\n<\/ul>","protected":false},"excerpt":{"rendered":"<p><strong><em>Aceast\u0103 hus\u0103 transparent\u0103 cu MagSafe pentru iPhone 14 Pro Max ofer\u0103 o protec\u021bie elegant\u0103 \u0219i fiabil\u0103. O anima\u021bie pop-up unic\u0103 apare la conectarea accesoriilor. Husa combin\u0103 acrilicul dur \u0219i TPU flexibil, protej\u00e2nd telefonul de impacturi \u0219i zg\u00e2rieturi, p\u0103str\u00e2ndu-\u0219i \u00een acela\u0219i timp designul original.<\/em><\/strong><\/p>","protected":false},"featured_media":7833,"template":"","meta":{"_acf_changed":false},"product_brand":[364],"product_cat":[362],"product_tag":[380,373,473,472],"class_list":{"0":"post-7831","1":"product","2":"type-product","3":"status-publish","4":"has-post-thumbnail","6":"product_brand-364","7":"product_cat-phone-cases","8":"product_tag-magsafe-","9":"product_tag-373","10":"product_tag-473","11":"product_tag-472","13":"first","14":"instock","15":"sale","16":"taxable","17":"shipping-taxable","18":"purchasable","19":"product-type-simple","20":"add-to-wishlist-after_add_to_cart"},"acf":[],"jetpack_sharing_enabled":true,"_links":{"self":[{"href":"https:\/\/darvilais.md\/ro\/wp-json\/wp\/v2\/product\/7831","targetHints":{"allow":["GET"]}}],"collection":[{"href":"https:\/\/darvilais.md\/ro\/wp-json\/wp\/v2\/product"}],"about":[{"href":"https:\/\/darvilais.md\/ro\/wp-json\/wp\/v2\/types\/product"}],"wp:featuredmedia":[{"embeddable":true,"href":"https:\/\/darvilais.md\/ro\/wp-json\/wp\/v2\/media\/7833"}],"wp:attachment":[{"href":"https:\/\/darvilais.md\/ro\/wp-json\/wp\/v2\/media?parent=7831"}],"wp:term":[{"taxonomy":"product_brand","embeddable":true,"href":"https:\/\/darvilais.md\/ro\/wp-json\/wp\/v2\/product_brand?post=7831"},{"taxonomy":"product_cat","embeddable":true,"href":"https:\/\/darvilais.md\/ro\/wp-json\/wp\/v2\/product_cat?post=7831"},{"taxonomy":"product_tag","embeddable":true,"href":"https:\/\/darvilais.md\/ro\/wp-json\/wp\/v2\/product_tag?post=7831"}],"curies":[{"name":"wp","href":"https:\/\/api.w.org\/{rel}","templated":true}]}}