{"id":7782,"date":"2025-07-02T17:58:44","date_gmt":"2025-07-02T17:58:44","guid":{"rendered":"https:\/\/darvilais.md\/?post_type=product&#038;p=7782"},"modified":"2025-07-02T17:58:44","modified_gmt":"2025-07-02T17:58:44","slug":"hoco-l15-usb-c-lavalier-microphone","status":"publish","type":"product","link":"https:\/\/darvilais.md\/ro\/produs\/hoco-l15-usb-c-lavalier-microphone\/","title":{"rendered":"Hoco L15 USB-C"},"content":{"rendered":"<h2><strong>Microfon Lavalier Wireless Hoco L15 USB-C<\/strong><\/h2>\n<ul>\n<li class=\"p1\"><strong>\ufe0f Culoare: negru\u00a0<\/strong><\/li>\n<li class=\"p1\"><strong>Tip: Microfon lavalier\u0103 wireless\u00a0<\/strong><\/li>\n<li class=\"p1\"><strong>Receptor: Muf\u0103 digital\u0103 USB-C\u00a0<\/strong><\/li>\n<li class=\"p1\"><strong>Transmisie: canal radio de 2,4 GHz\u00a0<\/strong><\/li>\n<li class=\"p1\"><strong>Interval de frecven\u021b\u0103: 20\u201320.000 Hz\u00a0<\/strong><\/li>\n<li class=\"p1\"><strong>Laten\u021b\u0103: \u2248 15 ms\u00a0<\/strong><\/li>\n<li class=\"p1\"><strong>Baterie microfon: 70 mAh - p\u00e2n\u0103 la 6 ore de func\u021bionare\u00a0<\/strong><\/li>\n<li class=\"p1\"><strong>Timp de \u00eenc\u0103rcare: \u2248 1,5 h (USB-C)\u00a0<\/strong><\/li>\n<li class=\"p1\"><strong>Greutate: 12 g\u00a0<\/strong><\/li>\n<li class=\"p1\"><strong>\ufe0f Posibilitatea de a \u00eenc\u0103rca telefonul de la receptor\u00a0<\/strong><\/li>\n<li class=\"p1\"><strong>Produc\u0103tor: Hoco<\/strong><\/li>\n<\/ul>","protected":false},"excerpt":{"rendered":"<p><em><strong>Libertate de exprimare \u0219i sunet clar - f\u0103r\u0103 fire sau \u00eent\u00e2rzieri. Acest microfon compact se fixeaz\u0103 pe haine, func\u021bioneaz\u0103 p\u00e2n\u0103 la 6 ore \u0219i se conecteaz\u0103 prin USB-C. Ideal pentru videoclipuri, interviuri \u0219i \u00eenregistr\u0103ri din mers.<\/strong><\/em><\/p>","protected":false},"featured_media":7788,"template":"","meta":{"_acf_changed":false},"product_brand":[286],"product_cat":[234],"product_tag":[463,461,462,457],"class_list":{"0":"post-7782","1":"product","2":"type-product","3":"status-publish","4":"has-post-thumbnail","6":"product_brand-hoco","7":"product_cat-microphones","8":"product_tag-lavalier-mic","9":"product_tag-461","10":"product_tag-462","11":"product_tag-457","13":"first","14":"instock","15":"sale","16":"taxable","17":"shipping-taxable","18":"purchasable","19":"product-type-simple","20":"add-to-wishlist-after_add_to_cart"},"acf":[],"jetpack_sharing_enabled":true,"_links":{"self":[{"href":"https:\/\/darvilais.md\/ro\/wp-json\/wp\/v2\/product\/7782","targetHints":{"allow":["GET"]}}],"collection":[{"href":"https:\/\/darvilais.md\/ro\/wp-json\/wp\/v2\/product"}],"about":[{"href":"https:\/\/darvilais.md\/ro\/wp-json\/wp\/v2\/types\/product"}],"wp:featuredmedia":[{"embeddable":true,"href":"https:\/\/darvilais.md\/ro\/wp-json\/wp\/v2\/media\/7788"}],"wp:attachment":[{"href":"https:\/\/darvilais.md\/ro\/wp-json\/wp\/v2\/media?parent=7782"}],"wp:term":[{"taxonomy":"product_brand","embeddable":true,"href":"https:\/\/darvilais.md\/ro\/wp-json\/wp\/v2\/product_brand?post=7782"},{"taxonomy":"product_cat","embeddable":true,"href":"https:\/\/darvilais.md\/ro\/wp-json\/wp\/v2\/product_cat?post=7782"},{"taxonomy":"product_tag","embeddable":true,"href":"https:\/\/darvilais.md\/ro\/wp-json\/wp\/v2\/product_tag?post=7782"}],"curies":[{"name":"wp","href":"https:\/\/api.w.org\/{rel}","templated":true}]}}