{"id":7759,"date":"2025-07-01T19:12:10","date_gmt":"2025-07-01T19:12:10","guid":{"rendered":"https:\/\/darvilais.md\/?post_type=product&#038;p=7759"},"modified":"2025-07-01T19:12:10","modified_gmt":"2025-07-01T19:12:10","slug":"hoco-hc6-magic-speaker","status":"publish","type":"product","link":"https:\/\/darvilais.md\/ro\/produs\/hoco-hc6-magic-speaker\/","title":{"rendered":"Hoco HC6"},"content":{"rendered":"<h2><strong> Hoco HC6 Magic Box\u0103 portabil\u0103<\/strong><\/h2>\n<ul>\n<li class=\"p1\"><strong>\ufe0f Culoare: negru\u00a0<\/strong><\/li>\n<li class=\"p1\"><strong>Tip: Box\u0103 Bluetooth pentru exterior\u00a0<\/strong><\/li>\n<li class=\"p1\"><strong>Conexiune: Bluetooth 5.0 (cip Bluetooth)\u00a0<\/strong><\/li>\n<li class=\"p1\"><strong>Difuzoare: dou\u0103 difuzoare de 66 mm, putere total\u0103 20 W (2\u00d710 W)\u00a0<\/strong><\/li>\n<li class=\"p1\"><strong>Baterie: 4000 mAh - p\u00e2n\u0103 la 6 ore de muzic\u0103 sau apeluri\u00a0<\/strong><\/li>\n<li class=\"p1\"><strong>Timp de \u00eenc\u0103rcare: \u2248 4 ore\u00a0<\/strong><\/li>\n<li class=\"p1\"><strong>Interfe\u021be: FM, card TF, unitate USB, AUX, mod TWS\u00a0<\/strong><\/li>\n<li class=\"p1\"><strong>Dimensiuni: 260 \u00d7 88 \u00d7 88 mm \u2022 greutate: 775 g\u00a0<\/strong><\/li>\n<li class=\"p1\"><strong>\ufe0f Protec\u021bie: IPX5 - rezistent la stropire\u00a0<\/strong><\/li>\n<li class=\"p1\"><strong>Produc\u0103tor: Hoco<\/strong><\/li>\n<\/ul>","protected":false},"excerpt":{"rendered":"<p><strong><em>Puternice, compacte \u0219i preg\u0103tite pentru orice, c\u0103\u0219tile Hoco HC6 Magic, cu sunet de 20W, radio FM, TWS \u0219i rezisten\u021b\u0103 la ap\u0103, vor \u00eenviora orice weekend. \u00cenc\u0103rcarea dureaz\u0103 \u0219ase ore, iar formatul lor le face ideale pentru c\u0103l\u0103torii.<\/em><\/strong><\/p>","protected":false},"featured_media":7761,"template":"","meta":{"_acf_changed":false},"product_brand":[286],"product_cat":[235],"product_tag":[447,456,446,455],"class_list":{"0":"post-7759","1":"product","2":"type-product","3":"status-publish","4":"has-post-thumbnail","6":"product_brand-hoco","7":"product_cat-speakers","8":"product_tag-bluetooth-","9":"product_tag-fm","10":"product_tag-446","11":"product_tag-455","13":"first","14":"instock","15":"taxable","16":"shipping-taxable","17":"purchasable","18":"product-type-simple","19":"add-to-wishlist-after_add_to_cart"},"acf":[],"jetpack_sharing_enabled":true,"_links":{"self":[{"href":"https:\/\/darvilais.md\/ro\/wp-json\/wp\/v2\/product\/7759","targetHints":{"allow":["GET"]}}],"collection":[{"href":"https:\/\/darvilais.md\/ro\/wp-json\/wp\/v2\/product"}],"about":[{"href":"https:\/\/darvilais.md\/ro\/wp-json\/wp\/v2\/types\/product"}],"wp:featuredmedia":[{"embeddable":true,"href":"https:\/\/darvilais.md\/ro\/wp-json\/wp\/v2\/media\/7761"}],"wp:attachment":[{"href":"https:\/\/darvilais.md\/ro\/wp-json\/wp\/v2\/media?parent=7759"}],"wp:term":[{"taxonomy":"product_brand","embeddable":true,"href":"https:\/\/darvilais.md\/ro\/wp-json\/wp\/v2\/product_brand?post=7759"},{"taxonomy":"product_cat","embeddable":true,"href":"https:\/\/darvilais.md\/ro\/wp-json\/wp\/v2\/product_cat?post=7759"},{"taxonomy":"product_tag","embeddable":true,"href":"https:\/\/darvilais.md\/ro\/wp-json\/wp\/v2\/product_tag?post=7759"}],"curies":[{"name":"wp","href":"https:\/\/api.w.org\/{rel}","templated":true}]}}