{"id":7753,"date":"2025-07-01T18:58:36","date_gmt":"2025-07-01T18:58:36","guid":{"rendered":"https:\/\/darvilais.md\/?post_type=product&#038;p=7753"},"modified":"2025-07-01T18:58:36","modified_gmt":"2025-07-01T18:58:36","slug":"hoco-hc25-boom-speaker","status":"publish","type":"product","link":"https:\/\/darvilais.md\/ro\/produs\/hoco-hc25-boom-speaker\/","title":{"rendered":"Hoco HC25"},"content":{"rendered":"<h2><strong> Box\u0103 portabil\u0103 Hoco HC25 Boom<\/strong><\/h2>\n<ul>\n<li class=\"p1\"><strong>\ufe0f Culori: negru, albastru, ro\u0219u, gri\u00a0<\/strong><\/li>\n<li class=\"p1\"><strong>Tip: Box\u0103 Bluetooth compact\u0103\u00a0<\/strong><\/li>\n<li class=\"p1\"><strong>Conexiune: Bluetooth 5.3, muf\u0103 AUX 3.5 mm\u00a0<\/strong><\/li>\n<li class=\"p1\"><strong>Difuzor: 50 mm, 10 W\u00a0<\/strong><\/li>\n<li class=\"p1\"><strong>Baterie: 2200 mAh - p\u00e2n\u0103 la 8 ore de redare\u00a0<\/strong><\/li>\n<li class=\"p1\"><strong>\ufe0f Timp de \u00eenc\u0103rcare: aproximativ 3 ore\u00a0<\/strong><\/li>\n<li class=\"p1\"><strong>\ufe0f Protec\u021bie: IPX5 - praf \u0219i stropi\u00a0<\/strong><\/li>\n<li class=\"p1\"><strong>Caracteristici: radio FM, microSD, USB, mod TWS, difuzor\u00a0<\/strong><\/li>\n<li class=\"p1\"><strong>Dimensiuni: 200 \u00d7 90 \u00d7 85 mm, greutate \u2248 650 g\u00a0<\/strong><\/li>\n<li class=\"p1\"><strong>Produc\u0103tor: Hoco<\/strong><\/li>\n<\/ul>","protected":false},"excerpt":{"rendered":"<p><em><strong>Boxa compact\u0103 \u0219i puternic\u0103 HC25 Boom este ideal\u0103 pentru acas\u0103 \u0219i c\u0103l\u0103torii. Bluetooth, AUX, FM \u0219i microSD v\u0103 permit s\u0103 asculta\u021bi muzic\u0103 a\u0219a cum dori\u021bi. Gradul de protec\u021bie IPX5 v\u0103 va proteja \u00eempotriva stropilor, iar modul TWS va dubla sunetul. O adev\u0103rat\u0103 bucurie la plimbare!<\/strong><\/em><\/p>","protected":false},"featured_media":7754,"template":"","meta":{"_acf_changed":false},"product_brand":[286],"product_cat":[235],"product_tag":[452,453,454,395,446],"class_list":{"0":"post-7753","1":"product","2":"type-product","3":"status-publish","4":"has-post-thumbnail","6":"product_brand-hoco","7":"product_cat-speakers","8":"product_tag-bluetooth-aux","9":"product_tag-fm-","10":"product_tag-microsd","11":"product_tag-395","12":"product_tag-446","14":"first","15":"instock","16":"taxable","17":"shipping-taxable","18":"purchasable","19":"product-type-simple","20":"add-to-wishlist-after_add_to_cart"},"acf":[],"jetpack_sharing_enabled":true,"_links":{"self":[{"href":"https:\/\/darvilais.md\/ro\/wp-json\/wp\/v2\/product\/7753","targetHints":{"allow":["GET"]}}],"collection":[{"href":"https:\/\/darvilais.md\/ro\/wp-json\/wp\/v2\/product"}],"about":[{"href":"https:\/\/darvilais.md\/ro\/wp-json\/wp\/v2\/types\/product"}],"wp:featuredmedia":[{"embeddable":true,"href":"https:\/\/darvilais.md\/ro\/wp-json\/wp\/v2\/media\/7754"}],"wp:attachment":[{"href":"https:\/\/darvilais.md\/ro\/wp-json\/wp\/v2\/media?parent=7753"}],"wp:term":[{"taxonomy":"product_brand","embeddable":true,"href":"https:\/\/darvilais.md\/ro\/wp-json\/wp\/v2\/product_brand?post=7753"},{"taxonomy":"product_cat","embeddable":true,"href":"https:\/\/darvilais.md\/ro\/wp-json\/wp\/v2\/product_cat?post=7753"},{"taxonomy":"product_tag","embeddable":true,"href":"https:\/\/darvilais.md\/ro\/wp-json\/wp\/v2\/product_tag?post=7753"}],"curies":[{"name":"wp","href":"https:\/\/api.w.org\/{rel}","templated":true}]}}