{"id":7748,"date":"2025-07-01T18:32:52","date_gmt":"2025-07-01T18:32:52","guid":{"rendered":"https:\/\/darvilais.md\/?post_type=product&#038;p=7748"},"modified":"2025-07-01T18:32:52","modified_gmt":"2025-07-01T18:32:52","slug":"hoco-hc18-jumper-speaker","status":"publish","type":"product","link":"https:\/\/darvilais.md\/ro\/produs\/hoco-hc18-jumper-speaker\/","title":{"rendered":"Hoco HC18"},"content":{"rendered":"<h2><strong>\u00a0Box\u0103 portabil\u0103 Hoco HC18 Jumper<\/strong><\/h2>\n<ul>\n<li class=\"p1\"><strong>\ufe0f Culoare: negru\u00a0<\/strong><\/li>\n<li class=\"p1\"><strong>Tip: Box\u0103 Bluetooth compact\u0103\u00a0<\/strong><\/li>\n<li class=\"p1\"><strong>Conexiune: Bluetooth 5.1 (cip JL AC6966B4)\u00a0<\/strong><\/li>\n<li class=\"p1\"><strong>Difuzor: 66 mm, 10 W\u00a0<\/strong><\/li>\n<li class=\"p1\"><strong>Baterie: 2400 mAh - p\u00e2n\u0103 la 4 ore de func\u021bionare\u00a0<\/strong><\/li>\n<li class=\"p1\"><strong>Timp de \u00eenc\u0103rcare: \u2248 2,5 ore\u00a0<\/strong><\/li>\n<li class=\"p1\"><strong>Protec\u021bie: IPX6 - rezist\u0103 la ploaie \u0219i stropi de ap\u0103\u00a0<\/strong><\/li>\n<li class=\"p1\"><strong>Caracteristici suplimentare: radio FM, microSD, USB, AUX, TWS, mod hands-free\u00a0<\/strong><\/li>\n<li class=\"p1\"><strong>\ufe0f Iluminare de fundal LED: Atmosfer\u0103 RGB la 360\u00b0\u00a0<\/strong><\/li>\n<li class=\"p1\"><strong>Dimensiuni: 210\u00d7109\u00d7109 mm, greutate 876 g\u00a0<\/strong><\/li>\n<li class=\"p1\"><strong>Produc\u0103tor: Hoco<\/strong><\/li>\n<\/ul>","protected":false},"excerpt":{"rendered":"<p><em><strong>Compact, luminos, puternic \u2014 boxa HC18 Jumper va \u00eenviora orice petrecere. Cu Bluetooth 5.1, muzic\u0103 luminoas\u0103 RGB \u0219i protec\u021bie \u00eempotriva umezelii, este gata pentru o plimbare, o plaj\u0103 sau o petrecere. Suportul pentru FM, microSD, USB \u0219i TWS o face un companion universal.<\/strong><\/em><\/p>","protected":false},"featured_media":7752,"template":"","meta":{"_acf_changed":false},"product_brand":[286],"product_cat":[235],"product_tag":[447,451,395,446],"class_list":{"0":"post-7748","1":"product","2":"type-product","3":"status-publish","4":"has-post-thumbnail","6":"product_brand-hoco","7":"product_cat-speakers","8":"product_tag-bluetooth-","9":"product_tag-led-","10":"product_tag-395","11":"product_tag-446","13":"first","14":"instock","15":"sale","16":"taxable","17":"shipping-taxable","18":"purchasable","19":"product-type-simple","20":"add-to-wishlist-after_add_to_cart"},"acf":[],"jetpack_sharing_enabled":true,"_links":{"self":[{"href":"https:\/\/darvilais.md\/ro\/wp-json\/wp\/v2\/product\/7748","targetHints":{"allow":["GET"]}}],"collection":[{"href":"https:\/\/darvilais.md\/ro\/wp-json\/wp\/v2\/product"}],"about":[{"href":"https:\/\/darvilais.md\/ro\/wp-json\/wp\/v2\/types\/product"}],"wp:featuredmedia":[{"embeddable":true,"href":"https:\/\/darvilais.md\/ro\/wp-json\/wp\/v2\/media\/7752"}],"wp:attachment":[{"href":"https:\/\/darvilais.md\/ro\/wp-json\/wp\/v2\/media?parent=7748"}],"wp:term":[{"taxonomy":"product_brand","embeddable":true,"href":"https:\/\/darvilais.md\/ro\/wp-json\/wp\/v2\/product_brand?post=7748"},{"taxonomy":"product_cat","embeddable":true,"href":"https:\/\/darvilais.md\/ro\/wp-json\/wp\/v2\/product_cat?post=7748"},{"taxonomy":"product_tag","embeddable":true,"href":"https:\/\/darvilais.md\/ro\/wp-json\/wp\/v2\/product_tag?post=7748"}],"curies":[{"name":"wp","href":"https:\/\/api.w.org\/{rel}","templated":true}]}}