{"id":7703,"date":"2025-06-30T18:22:01","date_gmt":"2025-06-30T18:22:01","guid":{"rendered":"https:\/\/darvilais.md\/?post_type=product&#038;p=7703"},"modified":"2025-06-30T18:22:02","modified_gmt":"2025-06-30T18:22:02","slug":"hoco-w35-wireless-headphones","status":"publish","type":"product","link":"https:\/\/darvilais.md\/ro\/produs\/hoco-w35-wireless-headphones\/","title":{"rendered":"Hoco W35"},"content":{"rendered":"<h2><strong> C\u0103\u0219ti wireless Hoco W35<\/strong><\/h2>\n<ul>\n<li class=\"p1\"><strong>\ufe0f Culori: negru, gri<\/strong><\/li>\n<li class=\"p1\"><strong>Tip: C\u0103\u0219ti wireless de dimensiuni normale (over-ear)\u00a0<\/strong><\/li>\n<li class=\"p1\"><strong>Conexiune: Bluetooth 5.3 (cip JLAC7006)\u00a0<\/strong><\/li>\n<li class=\"p1\"><strong>Timp de func\u021bionare: p\u00e2n\u0103 la 40 de ore de redare, p\u00e2n\u0103 la 200 de ore \u00een standby\u00a0<\/strong><\/li>\n<li class=\"p1\"><strong>Baterie: 400 mAh, timp de \u00eenc\u0103rcare \u22482 h\u00a0<\/strong><\/li>\n<li class=\"p1\"><strong>Difuzoare: 52 mm x 2, 5 W pe canal\u00a0<\/strong><\/li>\n<li class=\"p1\"><strong>Suport: Bluetooth, AUX, microSD\u00a0<\/strong><\/li>\n<li class=\"p1\"><strong>Caracteristici: instruc\u021biuni vocale \u00een englez\u0103 \u0219i chinez\u0103, design pliabil, c\u0103\u0219ti metalice\u00a0<\/strong><\/li>\n<li class=\"p1\"><strong>Dimensiuni\/greutate: 193\u00d7170\u00d776 mm \/ \u2248193 g\u00a0<\/strong><\/li>\n<li class=\"p1\"><strong>Produc\u0103tor: Hoco<\/strong><\/li>\n<\/ul>","protected":false},"excerpt":{"rendered":"<p><em><strong>Durabile \u0219i confortabile, c\u0103\u0219tile Hoco W35 ofer\u0103 p\u00e2n\u0103 la 40 de ore de muzic\u0103 sau filme. Difuzoarele mari de 52 mm \u0219i sunetul echilibrat dau via\u021b\u0103 listei tale de redare, \u00een timp ce designul pliabil le face u\u0219or de transportat \u00eentr-un rucsac. Suportul MicroSD \u0219i AUX le face preg\u0103tite pentru orice situa\u021bie.<\/strong><\/em><\/p>","protected":false},"featured_media":7713,"template":"","meta":{"_acf_changed":false},"product_brand":[286],"product_cat":[15],"product_tag":[442,321,443,444],"class_list":{"0":"post-7703","1":"product","2":"type-product","3":"status-publish","4":"has-post-thumbnail","6":"product_brand-hoco","7":"product_cat-headphones","8":"product_tag-over-ear","9":"product_tag-321","10":"product_tag-443","11":"product_tag--microsd","13":"first","14":"instock","15":"sale","16":"taxable","17":"shipping-taxable","18":"purchasable","19":"product-type-variable","20":"add-to-wishlist-after_add_to_cart"},"acf":[],"jetpack_sharing_enabled":true,"_links":{"self":[{"href":"https:\/\/darvilais.md\/ro\/wp-json\/wp\/v2\/product\/7703","targetHints":{"allow":["GET"]}}],"collection":[{"href":"https:\/\/darvilais.md\/ro\/wp-json\/wp\/v2\/product"}],"about":[{"href":"https:\/\/darvilais.md\/ro\/wp-json\/wp\/v2\/types\/product"}],"wp:featuredmedia":[{"embeddable":true,"href":"https:\/\/darvilais.md\/ro\/wp-json\/wp\/v2\/media\/7713"}],"wp:attachment":[{"href":"https:\/\/darvilais.md\/ro\/wp-json\/wp\/v2\/media?parent=7703"}],"wp:term":[{"taxonomy":"product_brand","embeddable":true,"href":"https:\/\/darvilais.md\/ro\/wp-json\/wp\/v2\/product_brand?post=7703"},{"taxonomy":"product_cat","embeddable":true,"href":"https:\/\/darvilais.md\/ro\/wp-json\/wp\/v2\/product_cat?post=7703"},{"taxonomy":"product_tag","embeddable":true,"href":"https:\/\/darvilais.md\/ro\/wp-json\/wp\/v2\/product_tag?post=7703"}],"curies":[{"name":"wp","href":"https:\/\/api.w.org\/{rel}","templated":true}]}}