{"id":7692,"date":"2025-06-30T17:34:07","date_gmt":"2025-06-30T17:34:07","guid":{"rendered":"https:\/\/darvilais.md\/?post_type=product&#038;p=7692"},"modified":"2025-10-06T04:54:18","modified_gmt":"2025-10-06T04:54:18","slug":"hoco-m109-earphones","status":"publish","type":"product","link":"https:\/\/darvilais.md\/ro\/produs\/hoco-m109-earphones\/","title":{"rendered":"Hoco M109"},"content":{"rendered":"<h2><strong> C\u0103\u0219ti cu fir Hoco M109 Type-C<\/strong><\/h2>\n<ul>\n<li class=\"p1\"><strong>\ufe0f Culoare: alb\u00a0<\/strong><\/li>\n<li class=\"p1\"><strong>Tip: c\u0103\u0219ti intraauriculare cu fir\u00a0<\/strong><\/li>\n<li class=\"p1\"><strong>Conector: USB tip C\u00a0<\/strong><\/li>\n<li class=\"p1\"><strong>Material: fire ABS + TPE, drivere de 14 mm\u00a0<\/strong><\/li>\n<li class=\"p1\"><strong>Caracteristici: Microfon \u00eencorporat, buton de r\u0103spuns\/control, reducere a zgomotului\u00a0<\/strong><\/li>\n<li class=\"p1\"><strong>Lungimea cablului: 1,2 m\u00a0<\/strong><\/li>\n<li class=\"p1\"><strong>Greutate: aproximativ 10 g\u00a0<\/strong><\/li>\n<li class=\"p1\"><strong>Compatibilitate: Dispozitive Type-C (Android, tablete, iPhone 15\/16 cu Type-C)\u00a0<\/strong><\/li>\n<li class=\"p1\"><strong>Produc\u0103tor: Hoco<\/strong><\/li>\n<\/ul>","protected":false},"excerpt":{"rendered":"<p><em><strong>C\u0103\u0219tile Hoco M109 sunt practice, intraauriculare cu fir \u0219i port USB-C, ideale pentru smartphone-uri \u0219i tablete moderne. Echipate cu microfon \u0219i buton de control, se potrivesc confortabil \u00een m\u00e2n\u0103 \u0219i ofer\u0103 un sunet clar datorit\u0103 difuzoarelor de 14 mm. U\u0219oare \u0219i cu un cablu lung de 1,2 m, sunt perfecte pentru a asculta muzic\u0103 \u0219i a prelua apeluri acas\u0103, la birou sau \u00een deplasare.<\/strong><\/em><\/p>","protected":false},"featured_media":7697,"template":"","meta":{"_acf_changed":false},"product_brand":[286],"product_cat":[15],"product_tag":[440,432,325,342],"class_list":{"0":"post-7692","1":"product","2":"type-product","3":"status-publish","4":"has-post-thumbnail","6":"product_brand-hoco","7":"product_cat-headphones","8":"product_tag-usbc-","9":"product_tag-432","10":"product_tag-325","11":"product_tag-342","13":"first","14":"outofstock","15":"sale","16":"taxable","17":"shipping-taxable","18":"purchasable","19":"product-type-simple","20":"add-to-wishlist-after_add_to_cart"},"acf":[],"jetpack_sharing_enabled":true,"_links":{"self":[{"href":"https:\/\/darvilais.md\/ro\/wp-json\/wp\/v2\/product\/7692","targetHints":{"allow":["GET"]}}],"collection":[{"href":"https:\/\/darvilais.md\/ro\/wp-json\/wp\/v2\/product"}],"about":[{"href":"https:\/\/darvilais.md\/ro\/wp-json\/wp\/v2\/types\/product"}],"wp:featuredmedia":[{"embeddable":true,"href":"https:\/\/darvilais.md\/ro\/wp-json\/wp\/v2\/media\/7697"}],"wp:attachment":[{"href":"https:\/\/darvilais.md\/ro\/wp-json\/wp\/v2\/media?parent=7692"}],"wp:term":[{"taxonomy":"product_brand","embeddable":true,"href":"https:\/\/darvilais.md\/ro\/wp-json\/wp\/v2\/product_brand?post=7692"},{"taxonomy":"product_cat","embeddable":true,"href":"https:\/\/darvilais.md\/ro\/wp-json\/wp\/v2\/product_cat?post=7692"},{"taxonomy":"product_tag","embeddable":true,"href":"https:\/\/darvilais.md\/ro\/wp-json\/wp\/v2\/product_tag?post=7692"}],"curies":[{"name":"wp","href":"https:\/\/api.w.org\/{rel}","templated":true}]}}