{"id":7675,"date":"2025-06-28T18:43:52","date_gmt":"2025-06-28T18:43:52","guid":{"rendered":"https:\/\/darvilais.md\/?post_type=product&#038;p=7675"},"modified":"2025-06-28T18:43:52","modified_gmt":"2025-06-28T18:43:52","slug":"wireless-earphones-hoco-ew78","status":"publish","type":"product","link":"https:\/\/darvilais.md\/ro\/produs\/wireless-earphones-hoco-ew78\/","title":{"rendered":"Hoco EW78"},"content":{"rendered":"<h2><strong> C\u0103\u0219ti wireless Hoco EW78 TWS<\/strong><\/h2>\n<ul>\n<li class=\"p1\"><strong>Tip: C\u0103\u0219ti complet wireless (TWS)<\/strong><\/li>\n<li class=\"p1\"><strong>\ufe0f Culoare: alb<\/strong><\/li>\n<li class=\"p1\"><strong>Bluetooth: versiunea 5.4, cip Jerry AC683<\/strong><\/li>\n<li class=\"p1\"><strong>Capacitatea bateriei: c\u0103\u0219ti - 30 mAh, carcas\u0103 - 300 mAh<\/strong><\/li>\n<li class=\"p1\"><strong>Timp de func\u021bionare: p\u00e2n\u0103 la 4 ore de redare muzic\u0103 sau apeluri, p\u00e2n\u0103 la 150 de ore \u00een standby<\/strong><\/li>\n<li class=\"p1\"><strong>\ufe0f Control: atingere<\/strong><\/li>\n<li class=\"p1\"><strong>Conexiune automat\u0103: da<\/strong><\/li>\n<li class=\"p1\"><strong>Dimensiunile carcasei: 60,6\u00d745,2\u00d721,7 mm<\/strong><\/li>\n<li class=\"p1\"><strong>Greutate: 57,6 g<\/strong><\/li>\n<li class=\"p1\"><strong>Difuzor: 13 mm, impedan\u021b\u0103 32\u03a9\u00b115%<\/strong><\/li>\n<li class=\"p1\"><strong>Interval de frecven\u021b\u0103: 20\u201320.000 Hz<\/strong><\/li>\n<li class=\"p1\"><strong>Sensibilitate: 98dB \u00b13dB<\/strong><\/li>\n<li class=\"p1\"><strong>Tensiune de \u00eenc\u0103rcare: DC5V<\/strong><\/li>\n<li class=\"p1\"><strong>\ufe0f Timp de \u00eenc\u0103rcare: aproximativ 1 or\u0103<\/strong><\/li>\n<li class=\"p1\"><strong>Produc\u0103tor: Hoco<\/strong><\/li>\n<\/ul>","protected":false},"excerpt":{"rendered":"<p><em><strong>Cufund\u0103-te \u00een lumea libert\u0103\u021bii cu c\u0103\u0219tile Hoco EW78! U\u0219oare \u0219i compacte, acestea ofer\u0103 un sunet clar \u0219i bogat \u0219i o conexiune Bluetooth 5.4 stabil\u0103. Control tactil - doar atinge, iar muzica este deja cu tine. Ideale pentru sport, plimb\u0103ri \u0219i munc\u0103 - convenabile pentru a fi luate cu tine peste tot!<\/strong><\/em><\/p>","protected":false},"featured_media":7679,"template":"","meta":{"_acf_changed":false},"product_brand":[286],"product_cat":[15],"product_tag":[436,393,321,437,329],"class_list":{"0":"post-7675","1":"product","2":"type-product","3":"status-publish","4":"has-post-thumbnail","6":"product_brand-hoco","7":"product_cat-headphones","8":"product_tag-bluetooth-5-4","9":"product_tag-tws","10":"product_tag-321","11":"product_tag-437","12":"product_tag-329","14":"first","15":"instock","16":"sale","17":"taxable","18":"shipping-taxable","19":"purchasable","20":"product-type-simple","21":"add-to-wishlist-after_add_to_cart"},"acf":[],"jetpack_sharing_enabled":true,"_links":{"self":[{"href":"https:\/\/darvilais.md\/ro\/wp-json\/wp\/v2\/product\/7675","targetHints":{"allow":["GET"]}}],"collection":[{"href":"https:\/\/darvilais.md\/ro\/wp-json\/wp\/v2\/product"}],"about":[{"href":"https:\/\/darvilais.md\/ro\/wp-json\/wp\/v2\/types\/product"}],"wp:featuredmedia":[{"embeddable":true,"href":"https:\/\/darvilais.md\/ro\/wp-json\/wp\/v2\/media\/7679"}],"wp:attachment":[{"href":"https:\/\/darvilais.md\/ro\/wp-json\/wp\/v2\/media?parent=7675"}],"wp:term":[{"taxonomy":"product_brand","embeddable":true,"href":"https:\/\/darvilais.md\/ro\/wp-json\/wp\/v2\/product_brand?post=7675"},{"taxonomy":"product_cat","embeddable":true,"href":"https:\/\/darvilais.md\/ro\/wp-json\/wp\/v2\/product_cat?post=7675"},{"taxonomy":"product_tag","embeddable":true,"href":"https:\/\/darvilais.md\/ro\/wp-json\/wp\/v2\/product_tag?post=7675"}],"curies":[{"name":"wp","href":"https:\/\/api.w.org\/{rel}","templated":true}]}}