{"id":7665,"date":"2025-06-28T17:05:44","date_gmt":"2025-06-28T17:05:44","guid":{"rendered":"https:\/\/darvilais.md\/?post_type=product&#038;p=7665"},"modified":"2025-10-14T16:53:49","modified_gmt":"2025-10-14T16:53:49","slug":"liquid-silicone-magsafe-case-iphone-15-black","status":"publish","type":"product","link":"https:\/\/darvilais.md\/ro\/produs\/liquid-silicone-magsafe-case-iphone-15-black\/","title":{"rendered":"iPhone 15"},"content":{"rendered":"<h2><strong> Carcas\u0103 MagSafe din silicon lichid pentru iPhone 15<\/strong><\/h2>\n<ul>\n<li class=\"p1\"><strong>\ufe0f Culoare: negru\u00a0<\/strong><\/li>\n<li class=\"p1\"><strong>Tip: Hus\u0103 din silicon cu suport MagSafe\u00a0<\/strong><\/li>\n<li class=\"p1\"><strong>\ufe0f Material: Silicon lichid + microfibr\u0103 \u00een interior\u00a0<\/strong><\/li>\n<li class=\"p1\"><strong>\ufe0f Suprafa\u021b\u0103: mat\u0103, pl\u0103cut\u0103 la atingere, antiderapant\u0103, nu adun\u0103 amprente\u00a0<\/strong><\/li>\n<li class=\"p1\"><strong>Caracteristici: Inel magnetic MagSafe \u00eencorporat, protec\u021bie pentru camer\u0103, suport pentru \u00eenc\u0103rcare wireless\u00a0<\/strong><\/li>\n<li class=\"p1\"><strong>\ufe0f Protec\u021bie: \u00eempotriva zg\u00e2rieturilor, prafului \u0219i impactului\u00a0<\/strong><\/li>\n<li class=\"p1\"><strong>Compatibilitate: iPhone 15\u00a0<\/strong><\/li>\n<li class=\"p1\"><strong>Produc\u0103tor: altul<\/strong><\/li>\n<\/ul>","protected":false},"excerpt":{"rendered":"<p><strong><em>Silicon lichid care se simte minunat \u00een m\u00e2n\u0103. Inel MagSafe \u00eencorporat pentru \u00eenc\u0103rcare rapid\u0103 \u0219i accesorii. Protec\u021bie fiabil\u0103 pentru camer\u0103 \u0219i carcas\u0103. iPhone 15 \u00een aceast\u0103 carcas\u0103 ofer\u0103 confort, stil \u0219i \u00eencredere \u00een fiecare zi.<\/em><\/strong><\/p>","protected":false},"featured_media":7667,"template":"","meta":{"_acf_changed":false},"product_brand":[364],"product_cat":[362],"product_tag":[435,391,390,367],"class_list":{"0":"post-7665","1":"product","2":"type-product","3":"status-publish","4":"has-post-thumbnail","6":"product_brand-364","7":"product_cat-phone-cases","8":"product_tag-435","9":"product_tag-391","10":"product_tag-390","11":"product_tag---magsafe","13":"first","14":"instock","15":"sale","16":"taxable","17":"shipping-taxable","18":"purchasable","19":"product-type-simple","20":"add-to-wishlist-after_add_to_cart"},"acf":[],"jetpack_sharing_enabled":true,"_links":{"self":[{"href":"https:\/\/darvilais.md\/ro\/wp-json\/wp\/v2\/product\/7665","targetHints":{"allow":["GET"]}}],"collection":[{"href":"https:\/\/darvilais.md\/ro\/wp-json\/wp\/v2\/product"}],"about":[{"href":"https:\/\/darvilais.md\/ro\/wp-json\/wp\/v2\/types\/product"}],"wp:featuredmedia":[{"embeddable":true,"href":"https:\/\/darvilais.md\/ro\/wp-json\/wp\/v2\/media\/7667"}],"wp:attachment":[{"href":"https:\/\/darvilais.md\/ro\/wp-json\/wp\/v2\/media?parent=7665"}],"wp:term":[{"taxonomy":"product_brand","embeddable":true,"href":"https:\/\/darvilais.md\/ro\/wp-json\/wp\/v2\/product_brand?post=7665"},{"taxonomy":"product_cat","embeddable":true,"href":"https:\/\/darvilais.md\/ro\/wp-json\/wp\/v2\/product_cat?post=7665"},{"taxonomy":"product_tag","embeddable":true,"href":"https:\/\/darvilais.md\/ro\/wp-json\/wp\/v2\/product_tag?post=7665"}],"curies":[{"name":"wp","href":"https:\/\/api.w.org\/{rel}","templated":true}]}}