{"id":7608,"date":"2025-06-22T04:29:26","date_gmt":"2025-06-22T04:29:26","guid":{"rendered":"https:\/\/darvilais.md\/?post_type=product&#038;p=7608"},"modified":"2025-10-14T15:20:45","modified_gmt":"2025-10-14T15:20:45","slug":"iphone-15-plus-magsafe-glossy-camera-case","status":"publish","type":"product","link":"https:\/\/darvilais.md\/ro\/produs\/iphone-15-plus-magsafe-glossy-camera-case\/","title":{"rendered":"iPhone 15 Plus"},"content":{"rendered":"<h2><strong> Carcas\u0103 MagSafe pentru iPhone 15 Plus cu protec\u021bie pentru ecranul camerei<\/strong><\/h2>\n<ul>\n<li class=\"p1\"><strong>\ufe0f Culoare: negru\u00a0<\/strong><\/li>\n<li class=\"p1\"><strong>Tip: Carcas\u0103 sub\u021bire TPU cu MagSafe\u00a0<\/strong><\/li>\n<li class=\"p1\"><strong>Material: Termopoliuretan flexibil (TPU) cu finisaj lucios\u00a0<\/strong><\/li>\n<li class=\"p1\"><strong>Caracteristici: suport MagSafe, margini decorative (placare), folie de protec\u021bie a lentilei\u00a0<\/strong><\/li>\n<li class=\"p1\"><strong>\ufe0f Suprafa\u021b\u0103: neted\u0103, rezistent\u0103 la amprente\u00a0<\/strong><\/li>\n<li class=\"p1\"><strong>\ufe0f Protec\u021bie: \u00eempotriva zg\u00e2rieturilor, prafului \u0219i impacturilor u\u0219oare\u00a0<\/strong><\/li>\n<li class=\"p1\"><strong>Compatibilitate: iPhone 15 Plus\u00a0<\/strong><\/li>\n<li class=\"p1\"><strong>Produc\u0103tor: altul<\/strong><\/li>\n<\/ul>","protected":false},"excerpt":{"rendered":"<p><em><strong>Aceast\u0103 hus\u0103 sub\u021bire \u0219i elegant\u0103, cu finisaj lucios, accentueaz\u0103 forma telefonului t\u0103u iPhone 15 Plus \u0219i este compatibil\u0103 cu \u00eenc\u0103rcarea MagSafe. Vine cu un protector pentru camer\u0103, pentru ca telefonul t\u0103u s\u0103 arate impecabil \u00een fiecare zi. Ideal\u0103 pentru cei care apreciaz\u0103 \u00eengrijirea \u0219i confortul.<\/strong><\/em><\/p>","protected":false},"featured_media":7609,"template":"","meta":{"_acf_changed":false},"product_brand":[364],"product_cat":[362],"product_tag":[428,400,377,367],"class_list":{"0":"post-7608","1":"product","2":"type-product","3":"status-publish","4":"has-post-thumbnail","6":"product_brand-364","7":"product_cat-phone-cases","8":"product_tag-428","9":"product_tag-400","10":"product_tag-377","11":"product_tag---magsafe","13":"first","14":"instock","15":"sale","16":"taxable","17":"shipping-taxable","18":"purchasable","19":"product-type-simple","20":"add-to-wishlist-after_add_to_cart"},"acf":[],"jetpack_sharing_enabled":true,"_links":{"self":[{"href":"https:\/\/darvilais.md\/ro\/wp-json\/wp\/v2\/product\/7608","targetHints":{"allow":["GET"]}}],"collection":[{"href":"https:\/\/darvilais.md\/ro\/wp-json\/wp\/v2\/product"}],"about":[{"href":"https:\/\/darvilais.md\/ro\/wp-json\/wp\/v2\/types\/product"}],"wp:featuredmedia":[{"embeddable":true,"href":"https:\/\/darvilais.md\/ro\/wp-json\/wp\/v2\/media\/7609"}],"wp:attachment":[{"href":"https:\/\/darvilais.md\/ro\/wp-json\/wp\/v2\/media?parent=7608"}],"wp:term":[{"taxonomy":"product_brand","embeddable":true,"href":"https:\/\/darvilais.md\/ro\/wp-json\/wp\/v2\/product_brand?post=7608"},{"taxonomy":"product_cat","embeddable":true,"href":"https:\/\/darvilais.md\/ro\/wp-json\/wp\/v2\/product_cat?post=7608"},{"taxonomy":"product_tag","embeddable":true,"href":"https:\/\/darvilais.md\/ro\/wp-json\/wp\/v2\/product_tag?post=7608"}],"curies":[{"name":"wp","href":"https:\/\/api.w.org\/{rel}","templated":true}]}}