{"id":7604,"date":"2025-06-22T04:14:23","date_gmt":"2025-06-22T04:14:23","guid":{"rendered":"https:\/\/darvilais.md\/?post_type=product&#038;p=7604"},"modified":"2025-10-14T15:17:54","modified_gmt":"2025-10-14T15:17:54","slug":"iphone-15-plus-carbon-holder-case","status":"publish","type":"product","link":"https:\/\/darvilais.md\/ro\/produs\/iphone-15-plus-carbon-holder-case\/","title":{"rendered":"iPhone 15 Plus"},"content":{"rendered":"<h2><strong> Carcas\u0103 pentru iPhone 15 Plus cu textur\u0103 din fibr\u0103 de carbon \u0219i suport<\/strong><\/h2>\n<ul>\n<li class=\"p1\"><strong>\ufe0f Culoare: negru\u00a0<\/strong><\/li>\n<li class=\"p1\"><strong>Tip: Carcas\u0103 hibrid\u0103 rezistent\u0103 la \u0219ocuri\u00a0<\/strong><\/li>\n<li class=\"p1\"><strong>Material: Policarbonat rigid (PC) + Termopoliuretan flexibil (TPU)\u00a0<\/strong><\/li>\n<li class=\"p1\"><strong>Caracteristici: suport metalic \u00eencorporat, textur\u0103 de carbon, col\u021buri \u00eent\u0103rite\u00a0<\/strong><\/li>\n<li class=\"p1\"><strong>\ufe0f Suprafa\u021b\u0103: mat\u0103, rezistent\u0103 la zg\u00e2rieturi\u00a0<\/strong><\/li>\n<li class=\"p1\"><strong>\ufe0f Protec\u021bie: \u00eempotriva c\u0103derilor, impacturilor \u0219i zg\u00e2rieturilor\u00a0<\/strong><\/li>\n<li class=\"p1\"><strong>Compatibilitate: iPhone 15 Plus\u00a0<\/strong><\/li>\n<li class=\"p1\"><strong>Produc\u0103tor: altul<\/strong><\/li>\n<\/ul>","protected":false},"excerpt":{"rendered":"<p><strong><em>Fiabil\u0103, elegant\u0103 \u0219i convenabil\u0103 - aceast\u0103 hus\u0103 cu textur\u0103 de carbon \u0219i suport metalic \u00eencorporat v\u0103 va proteja iPhone-ul 15 Plus de c\u0103deri \u0219i \u00eel va face mai confortabil de utilizat. Suportul v\u0103 permite s\u0103 viziona\u021bi videoclipuri sau s\u0103 lucra\u021bi confortabil. O alegere excelent\u0103 pentru utilizatorii activi.<\/em><\/strong><\/p>","protected":false},"featured_media":7606,"template":"","meta":{"_acf_changed":false},"product_brand":[364],"product_cat":[362],"product_tag":[366,426,427,425],"class_list":{"0":"post-7604","1":"product","2":"type-product","3":"status-publish","4":"has-post-thumbnail","6":"product_brand-364","7":"product_cat-phone-cases","8":"product_tag-366","9":"product_tag-426","10":"product_tag-427","11":"product_tag-425","13":"first","14":"instock","15":"sale","16":"taxable","17":"shipping-taxable","18":"purchasable","19":"product-type-simple","20":"add-to-wishlist-after_add_to_cart"},"acf":[],"jetpack_sharing_enabled":true,"_links":{"self":[{"href":"https:\/\/darvilais.md\/ro\/wp-json\/wp\/v2\/product\/7604","targetHints":{"allow":["GET"]}}],"collection":[{"href":"https:\/\/darvilais.md\/ro\/wp-json\/wp\/v2\/product"}],"about":[{"href":"https:\/\/darvilais.md\/ro\/wp-json\/wp\/v2\/types\/product"}],"wp:featuredmedia":[{"embeddable":true,"href":"https:\/\/darvilais.md\/ro\/wp-json\/wp\/v2\/media\/7606"}],"wp:attachment":[{"href":"https:\/\/darvilais.md\/ro\/wp-json\/wp\/v2\/media?parent=7604"}],"wp:term":[{"taxonomy":"product_brand","embeddable":true,"href":"https:\/\/darvilais.md\/ro\/wp-json\/wp\/v2\/product_brand?post=7604"},{"taxonomy":"product_cat","embeddable":true,"href":"https:\/\/darvilais.md\/ro\/wp-json\/wp\/v2\/product_cat?post=7604"},{"taxonomy":"product_tag","embeddable":true,"href":"https:\/\/darvilais.md\/ro\/wp-json\/wp\/v2\/product_tag?post=7604"}],"curies":[{"name":"wp","href":"https:\/\/api.w.org\/{rel}","templated":true}]}}