{"id":7564,"date":"2025-06-21T11:01:50","date_gmt":"2025-06-21T11:01:50","guid":{"rendered":"https:\/\/darvilais.md\/?post_type=product&#038;p=7564"},"modified":"2025-06-21T11:01:50","modified_gmt":"2025-06-21T11:01:50","slug":"hoco-ew04-plus","status":"publish","type":"product","link":"https:\/\/darvilais.md\/ro\/produs\/hoco-ew04-plus\/","title":{"rendered":"Hoco EW04 Plus"},"content":{"rendered":"<h2><strong> C\u0103\u0219ti Hoco EW04 Plus<\/strong><\/h2>\n<ul>\n<li class=\"p1\"><strong>\ufe0f Culoare: alb\u00a0<\/strong><\/li>\n<li class=\"p1\"><strong>Tip: c\u0103\u0219ti wireless TWS\u00a0<\/strong><\/li>\n<li class=\"p1\"><strong>\ufe0f Material: Plastic ABS\u00a0<\/strong><\/li>\n<li class=\"p1\"><strong>Caracteristici: Bluetooth 5.3, comenzi tactile, microfon \u00eencorporat, anulare pasiv\u0103 a zgomotului\u00a0<\/strong><\/li>\n<li class=\"p1\"><strong>Timp de func\u021bionare: p\u00e2n\u0103 la 3,5 ore, cu carcas\u0103 - p\u00e2n\u0103 la 12 ore\u00a0<\/strong><\/li>\n<li class=\"p1\"><strong>Timp de \u00eenc\u0103rcare: aproximativ 1,5 ore\u00a0<\/strong><\/li>\n<li class=\"p1\"><strong>\u00cenc\u0103rcarea carcasei: prin cablu Lightning\u00a0<\/strong><\/li>\n<li class=\"p1\"><strong>Compatibilitate: toate dispozitivele cu Bluetooth\u00a0<\/strong><\/li>\n<li class=\"p1\"><strong>Produc\u0103tor: Hoco<\/strong><\/li>\n<\/ul>","protected":false},"excerpt":{"rendered":"<p><strong><em>Hoco EW04 Plus sunt c\u0103\u0219ti TWS compacte cu anulare pasiv\u0103 a zgomotului, Bluetooth 5.3 \u0219i control tactil. Ideale pentru a asculta muzic\u0103 \u0219i a vorbi \u00een mi\u0219care. Carcasa de \u00eenc\u0103rcare ofer\u0103 p\u00e2n\u0103 la 12 ore de func\u021bionare - convenabil\u0103 \u0219i fiabil\u0103.<\/em><\/strong><\/p>","protected":false},"featured_media":7567,"template":"","meta":{"_acf_changed":false},"product_brand":[],"product_cat":[15],"product_tag":[320,321,323,328],"class_list":{"0":"post-7564","1":"product","2":"type-product","3":"status-publish","4":"has-post-thumbnail","6":"product_cat-headphones","7":"product_tag-tws-","8":"product_tag-321","9":"product_tag-323","10":"product_tag-328","12":"first","13":"instock","14":"sale","15":"taxable","16":"shipping-taxable","17":"purchasable","18":"product-type-simple","19":"add-to-wishlist-after_add_to_cart"},"acf":[],"jetpack_sharing_enabled":true,"_links":{"self":[{"href":"https:\/\/darvilais.md\/ro\/wp-json\/wp\/v2\/product\/7564","targetHints":{"allow":["GET"]}}],"collection":[{"href":"https:\/\/darvilais.md\/ro\/wp-json\/wp\/v2\/product"}],"about":[{"href":"https:\/\/darvilais.md\/ro\/wp-json\/wp\/v2\/types\/product"}],"wp:featuredmedia":[{"embeddable":true,"href":"https:\/\/darvilais.md\/ro\/wp-json\/wp\/v2\/media\/7567"}],"wp:attachment":[{"href":"https:\/\/darvilais.md\/ro\/wp-json\/wp\/v2\/media?parent=7564"}],"wp:term":[{"taxonomy":"product_brand","embeddable":true,"href":"https:\/\/darvilais.md\/ro\/wp-json\/wp\/v2\/product_brand?post=7564"},{"taxonomy":"product_cat","embeddable":true,"href":"https:\/\/darvilais.md\/ro\/wp-json\/wp\/v2\/product_cat?post=7564"},{"taxonomy":"product_tag","embeddable":true,"href":"https:\/\/darvilais.md\/ro\/wp-json\/wp\/v2\/product_tag?post=7564"}],"curies":[{"name":"wp","href":"https:\/\/api.w.org\/{rel}","templated":true}]}}