{"id":7543,"date":"2025-06-19T19:03:49","date_gmt":"2025-06-19T19:03:49","guid":{"rendered":"https:\/\/darvilais.md\/?post_type=product&#038;p=7543"},"modified":"2025-06-19T19:03:49","modified_gmt":"2025-06-19T19:03:49","slug":"hoco-des27-earphones","status":"publish","type":"product","link":"https:\/\/darvilais.md\/ro\/produs\/hoco-des27-earphones\/","title":{"rendered":"Hoco DES27"},"content":{"rendered":"<h2><strong> C\u0103\u0219ti Hoco DES27<\/strong><\/h2>\n<ul>\n<li class=\"p1\"><strong>\ufe0f Culoare: alb\u00a0<\/strong><\/li>\n<li class=\"p1\"><strong>Tip: c\u0103\u0219ti wireless TWS\u00a0<\/strong><\/li>\n<li class=\"p1\"><strong>\ufe0f Material: plastic lucios\u00a0<\/strong><\/li>\n<li class=\"p1\"><strong>Caracteristici: Sunet stereo, \u00cemperechere automat\u0103, Comenzi tactile\u00a0<\/strong><\/li>\n<li class=\"p1\"><strong>Baterie: p\u00e2n\u0103 la 4 ore de func\u021bionare, p\u00e2n\u0103 la 20 de ore cu carcas\u0103\u00a0<\/strong><\/li>\n<li class=\"p1\"><strong>\u00cenc\u0103rcare: USB-C\u00a0<\/strong><\/li>\n<li class=\"p1\"><strong>Compatibilitate: Dispozitive Bluetooth (iOS \u0219i Android)\u00a0<\/strong><\/li>\n<li class=\"p1\"><strong>Produc\u0103tor: Hoco<\/strong><\/li>\n<\/ul>","protected":false},"excerpt":{"rendered":"<p><em><strong>C\u0103\u0219tile Hoco DES27 sunt compacte, cu sunet clar \u0219i o potrivire confortabil\u0103. Ideale pentru utilizarea zilnic\u0103: la plimbare, pe drum sau la serviciu. Se conecteaz\u0103 rapid, se \u00eencarc\u0103 \u0219i se potrivesc u\u0219or \u00een buzunar. O alegere excelent\u0103 la un pre\u021b rezonabil.<\/strong><\/em><\/p>","protected":false},"featured_media":7546,"template":"","meta":{"_acf_changed":false},"product_brand":[286],"product_cat":[15],"product_tag":[413,321,412,411],"class_list":{"0":"post-7543","1":"product","2":"type-product","3":"status-publish","4":"has-post-thumbnail","6":"product_brand-hoco","7":"product_cat-headphones","8":"product_tag-bluetooth-","9":"product_tag-321","10":"product_tag-412","11":"product_tag-411","13":"first","14":"instock","15":"sale","16":"taxable","17":"shipping-taxable","18":"purchasable","19":"product-type-simple","20":"add-to-wishlist-after_add_to_cart"},"acf":[],"jetpack_sharing_enabled":true,"_links":{"self":[{"href":"https:\/\/darvilais.md\/ro\/wp-json\/wp\/v2\/product\/7543","targetHints":{"allow":["GET"]}}],"collection":[{"href":"https:\/\/darvilais.md\/ro\/wp-json\/wp\/v2\/product"}],"about":[{"href":"https:\/\/darvilais.md\/ro\/wp-json\/wp\/v2\/types\/product"}],"wp:featuredmedia":[{"embeddable":true,"href":"https:\/\/darvilais.md\/ro\/wp-json\/wp\/v2\/media\/7546"}],"wp:attachment":[{"href":"https:\/\/darvilais.md\/ro\/wp-json\/wp\/v2\/media?parent=7543"}],"wp:term":[{"taxonomy":"product_brand","embeddable":true,"href":"https:\/\/darvilais.md\/ro\/wp-json\/wp\/v2\/product_brand?post=7543"},{"taxonomy":"product_cat","embeddable":true,"href":"https:\/\/darvilais.md\/ro\/wp-json\/wp\/v2\/product_cat?post=7543"},{"taxonomy":"product_tag","embeddable":true,"href":"https:\/\/darvilais.md\/ro\/wp-json\/wp\/v2\/product_tag?post=7543"}],"curies":[{"name":"wp","href":"https:\/\/api.w.org\/{rel}","templated":true}]}}