{"id":7421,"date":"2025-06-14T15:07:45","date_gmt":"2025-06-14T15:07:45","guid":{"rendered":"https:\/\/darvilais.md\/?post_type=product&#038;p=7421"},"modified":"2025-10-14T10:34:03","modified_gmt":"2025-10-14T10:34:03","slug":"iphone-16e-electroplating-magsafe-black","status":"publish","type":"product","link":"https:\/\/darvilais.md\/ro\/produs\/iphone-16e-electroplating-magsafe-black\/","title":{"rendered":"iPhone 16e"},"content":{"rendered":"<h2><strong> Carcas\u0103 MagSafe pentru iPhone 16e, galvanizat\u0103<\/strong><\/h2>\n<ul>\n<li class=\"p1\"><strong>\ufe0f Culoare: negru<\/strong><\/li>\n<li class=\"p1\"><strong>Tip: Carcas\u0103 galvanizat\u0103 cu MagSafe<\/strong><\/li>\n<li class=\"p1\"><strong>Material: TPU + PC cu str\u0103lucire metalic\u0103<\/strong><\/li>\n<li class=\"p1\"><strong>Caracteristici: suport MagSafe, rezisten\u021b\u0103 la zg\u00e2rieturi, protec\u021bie camer\u0103<\/strong><\/li>\n<li class=\"p1\"><strong>Compatibilitate: iPhone 16e<\/strong><\/li>\n<li class=\"p1\"><strong>Produc\u0103tor: altul<\/strong><\/li>\n<\/ul>","protected":false},"excerpt":{"rendered":"<p data-start=\"55\" data-end=\"269\"><em><strong>Protec\u021bie \u0219i stil supreme \u00eentr-un singur loc.<\/strong><\/em><br data-start=\"95\" data-end=\"98\" \/><em><strong>O hus\u0103 cu MagSafe este ca o armur\u0103 pentru iPhone-ul t\u0103u, doar c\u0103 premium.<\/strong><\/em><br data-start=\"160\" data-end=\"163\" \/><em><strong>Transparent, durabil, g\u00e2ndit p\u00e2n\u0103 la detalii.<\/strong><\/em><br data-start=\"207\" data-end=\"210\" \/><em><strong>F\u0103r\u0103 compromisuri - doar tehnologie, confort \u0219i statut.<\/strong><\/em><\/p>","protected":false},"featured_media":7423,"template":"","meta":{"_acf_changed":false},"product_brand":[364],"product_cat":[362],"product_tag":[383,384,385,386,382],"class_list":{"0":"post-7421","1":"product","2":"type-product","3":"status-publish","4":"has-post-thumbnail","6":"product_brand-364","7":"product_cat-phone-cases","8":"product_tag-magsafe","9":"product_tag-tpu","10":"product_tag-385","11":"product_tag-386","12":"product_tag-382","14":"first","15":"instock","16":"sale","17":"taxable","18":"shipping-taxable","19":"purchasable","20":"product-type-simple","21":"add-to-wishlist-after_add_to_cart"},"acf":[],"jetpack_sharing_enabled":true,"_links":{"self":[{"href":"https:\/\/darvilais.md\/ro\/wp-json\/wp\/v2\/product\/7421","targetHints":{"allow":["GET"]}}],"collection":[{"href":"https:\/\/darvilais.md\/ro\/wp-json\/wp\/v2\/product"}],"about":[{"href":"https:\/\/darvilais.md\/ro\/wp-json\/wp\/v2\/types\/product"}],"wp:featuredmedia":[{"embeddable":true,"href":"https:\/\/darvilais.md\/ro\/wp-json\/wp\/v2\/media\/7423"}],"wp:attachment":[{"href":"https:\/\/darvilais.md\/ro\/wp-json\/wp\/v2\/media?parent=7421"}],"wp:term":[{"taxonomy":"product_brand","embeddable":true,"href":"https:\/\/darvilais.md\/ro\/wp-json\/wp\/v2\/product_brand?post=7421"},{"taxonomy":"product_cat","embeddable":true,"href":"https:\/\/darvilais.md\/ro\/wp-json\/wp\/v2\/product_cat?post=7421"},{"taxonomy":"product_tag","embeddable":true,"href":"https:\/\/darvilais.md\/ro\/wp-json\/wp\/v2\/product_tag?post=7421"}],"curies":[{"name":"wp","href":"https:\/\/api.w.org\/{rel}","templated":true}]}}