{"id":7418,"date":"2025-06-14T17:50:32","date_gmt":"2025-06-14T14:50:32","guid":{"rendered":"https:\/\/darvilais.md\/?post_type=product&#038;p=7418"},"modified":"2026-01-05T10:35:45","modified_gmt":"2026-01-05T08:35:45","slug":"iphone-16e-magsafe-airbag-case","status":"publish","type":"product","link":"https:\/\/darvilais.md\/ro\/produs\/iphone-16e-magsafe-airbag-case\/","title":{"rendered":"iPhone 16e"},"content":{"rendered":"<h2><strong> Carcas\u0103 iPhone 16e cu patru col\u021buri \u0219i airbag-uri MagSafe Magnetic Husa<\/strong><\/h2>\n<ul>\n<li class=\"p1\"><strong>\ufe0f Culoare: transparent\u0103<\/strong><\/li>\n<li class=\"p1\"><strong>Tip: Carcas\u0103 rezistent\u0103 la \u0219ocuri cu MagSafe<\/strong><\/li>\n<li class=\"p1\"><strong>Material: TPU flexibil + col\u021buri \u00eent\u0103rite<\/strong><\/li>\n<li class=\"p1\"><strong>Caracteristici: protec\u021bie la col\u021buri (airbag-uri), inel MagSafe \u00eencorporat, nu se \u00eeng\u0103lbene\u0219te<\/strong><\/li>\n<li class=\"p1\"><strong>Compatibilitate: iPhone 16e<\/strong><\/li>\n<li class=\"p1\"><strong>Produc\u0103tor: altul<\/strong><\/li>\n<\/ul>","protected":false},"excerpt":{"rendered":"<p data-start=\"489\" data-end=\"545\"><em><strong>Conceput\u0103 pentru a proteja, f\u0103cut\u0103 s\u0103 nu stea \u00een cale. Transparent\u0103, elegant\u0103 \u0219i rezistent\u0103 la impact, aceast\u0103 hus\u0103 cu col\u021buri ranforsate pentru airbag \u00ee\u021bi va proteja iPhone-ul 16e chiar dac\u0103 \u00eel scapi.<\/strong><\/em><br data-start=\"664\" data-end=\"667\" \/><em><strong>Compatibilitatea cu MagSafe permite o \u00eenc\u0103rcare rapid\u0103 \u0219i convenabil\u0103.<\/strong><\/em><br data-start=\"720\" data-end=\"723\" \/><em><strong>Corpul sub\u021bire nu \u00eengroa\u0219\u0103 telefonul \u0219i \u00eei accentueaz\u0103 designul original.<\/strong><\/em><br data-start=\"796\" data-end=\"799\" \/><em><strong>Dac\u0103 vrei \u00eencredere, e alegerea ta.<\/strong><\/em><\/p>","protected":false},"featured_media":7420,"template":"","meta":{"_acf_changed":false},"product_brand":[364],"product_cat":[362],"product_tag":[380,381,373,379],"class_list":{"0":"post-7418","1":"product","2":"type-product","3":"status-publish","4":"has-post-thumbnail","6":"product_brand-364","7":"product_cat-phone-cases","8":"product_tag-magsafe-","9":"product_tag-381","10":"product_tag-373","11":"product_tag-379","13":"first","14":"instock","15":"sale","16":"taxable","17":"shipping-taxable","18":"purchasable","19":"product-type-simple","20":"add-to-wishlist-after_add_to_cart"},"acf":[],"jetpack_sharing_enabled":true,"_links":{"self":[{"href":"https:\/\/darvilais.md\/ro\/wp-json\/wp\/v2\/product\/7418","targetHints":{"allow":["GET"]}}],"collection":[{"href":"https:\/\/darvilais.md\/ro\/wp-json\/wp\/v2\/product"}],"about":[{"href":"https:\/\/darvilais.md\/ro\/wp-json\/wp\/v2\/types\/product"}],"wp:featuredmedia":[{"embeddable":true,"href":"https:\/\/darvilais.md\/ro\/wp-json\/wp\/v2\/media\/7420"}],"wp:attachment":[{"href":"https:\/\/darvilais.md\/ro\/wp-json\/wp\/v2\/media?parent=7418"}],"wp:term":[{"taxonomy":"product_brand","embeddable":true,"href":"https:\/\/darvilais.md\/ro\/wp-json\/wp\/v2\/product_brand?post=7418"},{"taxonomy":"product_cat","embeddable":true,"href":"https:\/\/darvilais.md\/ro\/wp-json\/wp\/v2\/product_cat?post=7418"},{"taxonomy":"product_tag","embeddable":true,"href":"https:\/\/darvilais.md\/ro\/wp-json\/wp\/v2\/product_tag?post=7418"}],"curies":[{"name":"wp","href":"https:\/\/api.w.org\/{rel}","templated":true}]}}