{"id":7385,"date":"2025-06-14T08:45:42","date_gmt":"2025-06-14T08:45:42","guid":{"rendered":"https:\/\/darvilais.md\/?post_type=product&#038;p=7385"},"modified":"2025-06-19T17:21:29","modified_gmt":"2025-06-19T17:21:29","slug":"iphone16pro-max-magsafe-case-black","status":"publish","type":"product","link":"https:\/\/darvilais.md\/ro\/produs\/iphone16pro-max-magsafe-case-black\/","title":{"rendered":"iPhone 16 Pro Max"},"content":{"rendered":"<h2><strong> Carcas\u0103 anti-c\u0103dere TPU+PC cu MagSafe pentru iPhone 16 Pro Max<\/strong><\/h2>\n<ul>\n<li class=\"p1\"><strong>\ufe0f Culoare: negru, alb, gri<\/strong><\/li>\n<li class=\"p1\"><strong>Tip: Carcas\u0103 rezistent\u0103 la \u0219ocuri<\/strong><\/li>\n<li class=\"p1\"><strong>\ufe0f Suport MagSafe: da<\/strong><\/li>\n<li class=\"p1\"><strong>Materiale: TPU flexibil + policarbonat durabil<\/strong><\/li>\n<li class=\"p1\"><strong>Caracteristici: col\u021buri \u00eent\u0103rite, rezisten\u021b\u0103 la c\u0103deri<\/strong><\/li>\n<li class=\"p1\"><strong>Compatibilitate: iPhone 16 Pro Max<\/strong><\/li>\n<li class=\"p1\"><strong>Produc\u0103tor: altul<\/strong><\/li>\n<\/ul>","protected":false},"excerpt":{"rendered":"<p><strong><em>Nu este doar o hus\u0103 - este o asigurare pentru iPhone-ul t\u0103u.<\/em><\/strong><\/p>\n<p><strong><em>Nu se teme de c\u0103z\u0103turi, col\u021buri ascu\u021bite \u0219i surprizele vie\u021bii.<\/em><\/strong><br data-start=\"840\" data-end=\"843\" \/><strong><em>Combina\u021bia dintre TPU flexibil \u0219i policarbonat rigid este ca o casc\u0103 \u0219i o vest\u0103 antiglon\u021b \u00eentr-unul singur.<\/em><\/strong><br data-start=\"927\" data-end=\"930\" \/><strong><em>\u00cen plus, MagSafe \u00eencorporat pentru \u00eenc\u0103rcare f\u0103r\u0103 probleme.<\/em><\/strong><br data-start=\"983\" data-end=\"986\" \/><strong><em>iPhone-ul t\u0103u merit\u0103 s\u0103 fie protejat \u2013 cu stil.<\/em><\/strong><\/p>","protected":false},"featured_media":7389,"template":"","meta":{"_acf_changed":false},"product_brand":[364],"product_cat":[362],"product_tag":[368,366,367],"class_list":{"0":"post-7385","1":"product","2":"type-product","3":"status-publish","4":"has-post-thumbnail","6":"product_brand-364","7":"product_cat-phone-cases","8":"product_tag-368","9":"product_tag-366","10":"product_tag---magsafe","12":"first","13":"instock","14":"sale","15":"taxable","16":"shipping-taxable","17":"purchasable","18":"product-type-variable","19":"add-to-wishlist-after_add_to_cart"},"acf":[],"jetpack_sharing_enabled":true,"_links":{"self":[{"href":"https:\/\/darvilais.md\/ro\/wp-json\/wp\/v2\/product\/7385","targetHints":{"allow":["GET"]}}],"collection":[{"href":"https:\/\/darvilais.md\/ro\/wp-json\/wp\/v2\/product"}],"about":[{"href":"https:\/\/darvilais.md\/ro\/wp-json\/wp\/v2\/types\/product"}],"wp:featuredmedia":[{"embeddable":true,"href":"https:\/\/darvilais.md\/ro\/wp-json\/wp\/v2\/media\/7389"}],"wp:attachment":[{"href":"https:\/\/darvilais.md\/ro\/wp-json\/wp\/v2\/media?parent=7385"}],"wp:term":[{"taxonomy":"product_brand","embeddable":true,"href":"https:\/\/darvilais.md\/ro\/wp-json\/wp\/v2\/product_brand?post=7385"},{"taxonomy":"product_cat","embeddable":true,"href":"https:\/\/darvilais.md\/ro\/wp-json\/wp\/v2\/product_cat?post=7385"},{"taxonomy":"product_tag","embeddable":true,"href":"https:\/\/darvilais.md\/ro\/wp-json\/wp\/v2\/product_tag?post=7385"}],"curies":[{"name":"wp","href":"https:\/\/api.w.org\/{rel}","templated":true}]}}