{"id":7380,"date":"2025-06-14T10:22:45","date_gmt":"2025-06-14T07:22:45","guid":{"rendered":"https:\/\/darvilais.md\/?post_type=product&#038;p=7380"},"modified":"2026-01-27T15:16:12","modified_gmt":"2026-01-27T13:16:12","slug":"anti-drop-magsafe-iphone-16-pro-max","status":"publish","type":"product","link":"https:\/\/darvilais.md\/ro\/produs\/anti-drop-magsafe-iphone-16-pro-max\/","title":{"rendered":"iPhone 16 Pro Max"},"content":{"rendered":"<h2><strong> Carcas\u0103 anti-c\u0103dere TPU+PC cu MagSafe pentru iPhone 16 Pro Max<\/strong><\/h2>\n<ul>\n<li class=\"p1\"><strong>\ufe0f Culoare: negru<\/strong><\/li>\n<li class=\"p1\"><strong>Tip: Carcas\u0103 rezistent\u0103 la \u0219ocuri<\/strong><\/li>\n<li class=\"p1\"><strong>\ufe0f Suport MagSafe: da<\/strong><\/li>\n<li class=\"p1\"><strong>Materiale: TPU flexibil + policarbonat durabil<\/strong><\/li>\n<li class=\"p1\"><strong>Caracteristici: col\u021buri \u00eent\u0103rite, rezisten\u021b\u0103 la c\u0103deri<\/strong><\/li>\n<li class=\"p1\"><strong>Compatibilitate: iPhone 16 Pro Max<\/strong><\/li>\n<li class=\"p1\"><strong>Produc\u0103tor: altul<\/strong><\/li>\n<\/ul>","protected":false},"excerpt":{"rendered":"<p><em><strong>Aceast\u0103 hus\u0103 este ca o armur\u0103 pentru noul t\u0103u iPhone.<\/strong><\/em><br data-start=\"742\" data-end=\"745\" \/><em><strong>Combin\u0103 flexibilitatea \u0219i durabilitatea pentru a proteja smartphone-ul de c\u0103z\u0103turi, lovituri \u0219i zg\u00e2rieturi.<\/strong><\/em><br data-start=\"844\" data-end=\"847\" \/><em><strong>\u0218i datorit\u0103 magne\u021bilor \u00eencorpora\u021bi, pute\u021bi utiliza \u00eenc\u0103rcarea \u0219i accesoriile MagSafe f\u0103r\u0103 a fi nevoie s\u0103 scoate\u021bi carcasa.<\/strong><\/em><br data-start=\"958\" data-end=\"961\" \/><em><strong>Alege \u00eencrederea f\u0103r\u0103 a sacrifica stilul.<\/strong><\/em><\/p>","protected":false},"featured_media":7383,"template":"","meta":{"_acf_changed":false},"product_brand":[364],"product_cat":[362],"product_tag":[368,366,365,367],"class_list":{"0":"post-7380","1":"product","2":"type-product","3":"status-publish","4":"has-post-thumbnail","6":"product_brand-364","7":"product_cat-phone-cases","8":"product_tag-368","9":"product_tag-366","10":"product_tag---iphone-16-pro-max","11":"product_tag---magsafe","13":"first","14":"instock","15":"sale","16":"taxable","17":"shipping-taxable","18":"purchasable","19":"product-type-simple","20":"add-to-wishlist-after_add_to_cart"},"acf":[],"jetpack_sharing_enabled":true,"_links":{"self":[{"href":"https:\/\/darvilais.md\/ro\/wp-json\/wp\/v2\/product\/7380","targetHints":{"allow":["GET"]}}],"collection":[{"href":"https:\/\/darvilais.md\/ro\/wp-json\/wp\/v2\/product"}],"about":[{"href":"https:\/\/darvilais.md\/ro\/wp-json\/wp\/v2\/types\/product"}],"wp:featuredmedia":[{"embeddable":true,"href":"https:\/\/darvilais.md\/ro\/wp-json\/wp\/v2\/media\/7383"}],"wp:attachment":[{"href":"https:\/\/darvilais.md\/ro\/wp-json\/wp\/v2\/media?parent=7380"}],"wp:term":[{"taxonomy":"product_brand","embeddable":true,"href":"https:\/\/darvilais.md\/ro\/wp-json\/wp\/v2\/product_brand?post=7380"},{"taxonomy":"product_cat","embeddable":true,"href":"https:\/\/darvilais.md\/ro\/wp-json\/wp\/v2\/product_cat?post=7380"},{"taxonomy":"product_tag","embeddable":true,"href":"https:\/\/darvilais.md\/ro\/wp-json\/wp\/v2\/product_tag?post=7380"}],"curies":[{"name":"wp","href":"https:\/\/api.w.org\/{rel}","templated":true}]}}