{"id":7322,"date":"2025-06-11T13:13:52","date_gmt":"2025-06-11T13:13:52","guid":{"rendered":"https:\/\/darvilais.md\/?post_type=product&#038;p=7322"},"modified":"2025-06-11T13:13:52","modified_gmt":"2025-06-11T13:13:52","slug":"xo-q5pods-bluetooth","status":"publish","type":"product","link":"https:\/\/darvilais.md\/ro\/produs\/xo-q5pods-bluetooth\/","title":{"rendered":"XO Q5Pods"},"content":{"rendered":"<h2><strong> C\u0103\u0219ti Bluetooth XO Q5Pods (cu func\u021bii complete)<\/strong><\/h2>\n<ul>\n<li class=\"p1\"><strong>\ufe0f Culoare: alb<\/strong><\/li>\n<li class=\"p1\"><strong>Tip: C\u0103\u0219ti Bluetooth TWS<\/strong><\/li>\n<li class=\"p1\"><strong>Bluetooth: versiunea 5.3<\/strong><\/li>\n<li class=\"p1\"><strong>Baterie: carcas\u0103 - 280 mAh, c\u0103\u0219ti - 30 mAh<\/strong><\/li>\n<li class=\"p1\"><strong>Timp de func\u021bionare: p\u00e2n\u0103 la 4 ore de muzic\u0103, p\u00e2n\u0103 la 3,5 ore de convorbire<\/strong><\/li>\n<li class=\"p1\"><strong>Timp de \u00eenc\u0103rcare: aproximativ 1,5 ore<\/strong><\/li>\n<li class=\"p1\"><strong>Suport\u0103: HFP, HSP, A2DP, AVRCP<\/strong><\/li>\n<li class=\"p1\"><strong>\ufe0f Control: atingere, pornire automat\u0103 la conectare<\/strong><\/li>\n<li class=\"p1\"><strong>\u00cenc\u0103rcare carcas\u0103: wireless<\/strong><\/li>\n<li class=\"p1\"><strong>Materialul carcasei: ABS<\/strong><\/li>\n<li class=\"p1\"><strong>Produc\u0103tor: XO<\/strong><\/li>\n<\/ul>","protected":false},"excerpt":{"rendered":"<p><strong><em data-start=\"1177\" data-end=\"1343\">C\u0103\u0219tile XO Q5Pods nu se rezum\u0103 doar la sunet. Acestea ofer\u0103 o conexiune stabil\u0103, un r\u0103spuns rapid, comenzi simple \u0219i un design u\u0219or. Abia dac\u0103 le observi - \u0219i acesta este cel mai bun complement pentru aceste c\u0103\u0219ti.<\/em><\/strong><br data-start=\"1343\" data-end=\"1346\" \/><strong><em data-start=\"1348\" data-end=\"1377\">Puternic. Simplu. F\u0103r\u0103 brizboaie.<\/em><\/strong><\/p>","protected":false},"featured_media":7325,"template":"","meta":{"_acf_changed":false},"product_brand":[301],"product_cat":[15],"product_tag":[357,326,321,327],"class_list":{"0":"post-7322","1":"product","2":"type-product","3":"status-publish","4":"has-post-thumbnail","6":"product_brand-xo","7":"product_cat-headphones","8":"product_tag-bluetooth-5-3","9":"product_tag-tws-","10":"product_tag-321","11":"product_tag-327","13":"first","14":"instock","15":"taxable","16":"shipping-taxable","17":"purchasable","18":"product-type-simple","19":"add-to-wishlist-after_add_to_cart"},"acf":[],"jetpack_sharing_enabled":true,"_links":{"self":[{"href":"https:\/\/darvilais.md\/ro\/wp-json\/wp\/v2\/product\/7322","targetHints":{"allow":["GET"]}}],"collection":[{"href":"https:\/\/darvilais.md\/ro\/wp-json\/wp\/v2\/product"}],"about":[{"href":"https:\/\/darvilais.md\/ro\/wp-json\/wp\/v2\/types\/product"}],"wp:featuredmedia":[{"embeddable":true,"href":"https:\/\/darvilais.md\/ro\/wp-json\/wp\/v2\/media\/7325"}],"wp:attachment":[{"href":"https:\/\/darvilais.md\/ro\/wp-json\/wp\/v2\/media?parent=7322"}],"wp:term":[{"taxonomy":"product_brand","embeddable":true,"href":"https:\/\/darvilais.md\/ro\/wp-json\/wp\/v2\/product_brand?post=7322"},{"taxonomy":"product_cat","embeddable":true,"href":"https:\/\/darvilais.md\/ro\/wp-json\/wp\/v2\/product_cat?post=7322"},{"taxonomy":"product_tag","embeddable":true,"href":"https:\/\/darvilais.md\/ro\/wp-json\/wp\/v2\/product_tag?post=7322"}],"curies":[{"name":"wp","href":"https:\/\/api.w.org\/{rel}","templated":true}]}}