{"id":7317,"date":"2025-06-11T13:03:00","date_gmt":"2025-06-11T13:03:00","guid":{"rendered":"https:\/\/darvilais.md\/?post_type=product&#038;p=7317"},"modified":"2025-06-11T13:03:16","modified_gmt":"2025-06-11T13:03:16","slug":"xo-q4pods-bluetooth","status":"publish","type":"product","link":"https:\/\/darvilais.md\/ro\/produs\/xo-q4pods-bluetooth\/","title":{"rendered":"XO Q4Pods"},"content":{"rendered":"<h2><strong> C\u0103\u0219ti Bluetooth XO Q4Pods (cu func\u021bii complete)<\/strong><\/h2>\n<ul>\n<li class=\"p1\"><strong>\u00a0Culoare: alb<\/strong><\/li>\n<li class=\"p1\"><strong>Tip: C\u0103\u0219ti f\u0103r\u0103 fir TWS<\/strong><\/li>\n<li class=\"p1\"><strong>Bluetooth: Versiunea 5.3 (JL AD6973D4)<\/strong><\/li>\n<li class=\"p1\"><strong>Baterie: carcas\u0103 \u2013 280 mAh; c\u0103\u0219ti \u2013 35 mAh fiecare<\/strong><\/li>\n<li class=\"p1\"><strong>Durata de via\u021b\u0103 a bateriei: p\u00e2n\u0103 la 4,5 ore de muzic\u0103 \/ 4 ore de convorbire<\/strong><\/li>\n<li class=\"p1\"><strong>Timp de \u00eenc\u0103rcare: aproximativ 1,5 ore<\/strong><\/li>\n<li class=\"p1\"><strong>Suport\u0103: HFP, HSP, A2DP, AVRCP<\/strong><\/li>\n<li class=\"p1\"><strong>\ufe0f Caracteristici suplimentare: control tactil, oprire automat\u0103 la scoatere, carcas\u0103 de \u00eenc\u0103rcare wireless<\/strong><\/li>\n<li class=\"p1\"><strong>Dimensiunile carcasei: 54,4\u00d746,4\u00d721,4 mm<\/strong><\/li>\n<li class=\"p1\"><strong>Greutate: carcas\u0103 \u2013 42 g; fiecare casc\u0103 \u2013 aproximativ 6,6 g<\/strong><\/li>\n<li class=\"p1\"><strong>\ufe0f Material: carcas\u0103 din ABS<\/strong><\/li>\n<li class=\"p1\"><strong>Produc\u0103tor: XO<\/strong><\/li>\n<\/ul>","protected":false},"excerpt":{"rendered":"<p><em><strong>XO Q4Pods \u2014 atunci c\u00e2nd totul func\u021bioneaz\u0103 cum trebuie. 4,5 ore de muzic\u0103, \u00eenc\u0103rcare wireless \u0219i oprire automat\u0103 c\u00e2nd se sting luminile \u2014 este convenabil. \u00cen plus, sunt u\u0219oare, compacte \u0219i te men\u021bin pe drumul cel bun.<\/strong><\/em><\/p>","protected":false},"featured_media":7321,"template":"","meta":{"_acf_changed":false},"product_brand":[301],"product_cat":[15],"product_tag":[326,321,323,327],"class_list":{"0":"post-7317","1":"product","2":"type-product","3":"status-publish","4":"has-post-thumbnail","6":"product_brand-xo","7":"product_cat-headphones","8":"product_tag-tws-","9":"product_tag-321","10":"product_tag-323","11":"product_tag-327","13":"first","14":"instock","15":"sale","16":"taxable","17":"shipping-taxable","18":"purchasable","19":"product-type-simple","20":"add-to-wishlist-after_add_to_cart"},"acf":[],"jetpack_sharing_enabled":true,"_links":{"self":[{"href":"https:\/\/darvilais.md\/ro\/wp-json\/wp\/v2\/product\/7317","targetHints":{"allow":["GET"]}}],"collection":[{"href":"https:\/\/darvilais.md\/ro\/wp-json\/wp\/v2\/product"}],"about":[{"href":"https:\/\/darvilais.md\/ro\/wp-json\/wp\/v2\/types\/product"}],"wp:featuredmedia":[{"embeddable":true,"href":"https:\/\/darvilais.md\/ro\/wp-json\/wp\/v2\/media\/7321"}],"wp:attachment":[{"href":"https:\/\/darvilais.md\/ro\/wp-json\/wp\/v2\/media?parent=7317"}],"wp:term":[{"taxonomy":"product_brand","embeddable":true,"href":"https:\/\/darvilais.md\/ro\/wp-json\/wp\/v2\/product_brand?post=7317"},{"taxonomy":"product_cat","embeddable":true,"href":"https:\/\/darvilais.md\/ro\/wp-json\/wp\/v2\/product_cat?post=7317"},{"taxonomy":"product_tag","embeddable":true,"href":"https:\/\/darvilais.md\/ro\/wp-json\/wp\/v2\/product_tag?post=7317"}],"curies":[{"name":"wp","href":"https:\/\/api.w.org\/{rel}","templated":true}]}}