{"id":7310,"date":"2025-06-11T12:41:03","date_gmt":"2025-06-11T12:41:03","guid":{"rendered":"https:\/\/darvilais.md\/?post_type=product&#038;p=7310"},"modified":"2025-06-11T12:41:03","modified_gmt":"2025-06-11T12:41:03","slug":"xo-ev53-anc-tws","status":"publish","type":"product","link":"https:\/\/darvilais.md\/ro\/produs\/xo-ev53-anc-tws\/","title":{"rendered":"XO EV53"},"content":{"rendered":"<h2><strong> C\u0103\u0219ti wireless TWS XO EV53 ANC<\/strong><\/h2>\n<ul>\n<li class=\"p1\"><strong><strong>\u00a0<\/strong><\/strong><strong>Culoare: alb<\/strong><\/li>\n<li class=\"p1\"><strong>Tip: C\u0103\u0219ti f\u0103r\u0103 fir TWS<\/strong><\/li>\n<li class=\"p1\"><strong>Bluetooth: versiunea 5.3 (cip AD7003)<\/strong><\/li>\n<li class=\"p1\"><strong>Baterie: carcas\u0103 300 mAh, c\u0103\u0219ti 30 mAh<\/strong><\/li>\n<li class=\"p1\"><strong>Timp de func\u021bionare: p\u00e2n\u0103 la 6 ore de muzic\u0103 (p\u00e2n\u0103 la 5 ore de convorbire), p\u00e2n\u0103 la 30 de ore \u00een standby (carcas\u0103 + c\u0103\u0219ti)<\/strong><\/li>\n<li class=\"p1\"><strong>Caracteristici: Anulare activ\u0103 a zgomotului (ANC), Mod transparen\u021b\u0103<\/strong><\/li>\n<li class=\"p1\"><strong>Comenzi: tactile, inclusiv schimbarea pieselor, control al volumului, ANC, moduri de joc<\/strong><\/li>\n<li class=\"p1\"><strong>\u00cenc\u0103rcare: Tip C (+ carcas\u0103 de \u00eenc\u0103rcare wireless)<\/strong><\/li>\n<li class=\"p1\"><strong>\ufe0f Caracteristici suplimentare: pornire automat\u0103 la deschiderea carcasei, semnal sonor, asisten\u021b\u0103 vocal\u0103<\/strong><\/li>\n<li class=\"p1\"><strong>Greutatea carcasei: aproximativ 55 g; c\u0103\u0219ti - aproximativ 4 g<\/strong><\/li>\n<li class=\"p1\"><strong>Produc\u0103tor: XO<\/strong><\/li>\n<\/ul>","protected":false},"excerpt":{"rendered":"<p><em><strong>Aceste c\u0103\u0219ti reprezint\u0103 sunetul t\u0103u f\u0103r\u0103 compromisuri.<\/strong><\/em><br data-start=\"1531\" data-end=\"1534\" \/><em><strong>Lini\u0219te \u00een zgomotul ora\u0219ului, r\u0103m\u00e2ne\u021bi conectat la lumea exterioar\u0103 - atunci c\u00e2nd ave\u021bi nevoie.<\/strong><\/em><br data-start=\"1608\" data-end=\"1611\" \/><em><strong>Comenzi tactile, \u00eenc\u0103rcare wireless \u0219i moduri de gaming - totul pentru cei care apreciaz\u0103 detaliile.<\/strong><\/em><br data-start=\"1704\" data-end=\"1707\" \/><em><strong>La fel ca tine - nu este nimic de prisos, totul func\u021bioneaz\u0103 a\u0219a cum ar trebui.<\/strong><\/em><\/p>","protected":false},"featured_media":7312,"template":"","meta":{"_acf_changed":false},"product_brand":[301],"product_cat":[15],"product_tag":[326,321,323,328],"class_list":{"0":"post-7310","1":"product","2":"type-product","3":"status-publish","4":"has-post-thumbnail","6":"product_brand-xo","7":"product_cat-headphones","8":"product_tag-tws-","9":"product_tag-321","10":"product_tag-323","11":"product_tag-328","13":"first","14":"instock","15":"sale","16":"taxable","17":"shipping-taxable","18":"purchasable","19":"product-type-simple","20":"add-to-wishlist-after_add_to_cart"},"acf":[],"jetpack_sharing_enabled":true,"_links":{"self":[{"href":"https:\/\/darvilais.md\/ro\/wp-json\/wp\/v2\/product\/7310","targetHints":{"allow":["GET"]}}],"collection":[{"href":"https:\/\/darvilais.md\/ro\/wp-json\/wp\/v2\/product"}],"about":[{"href":"https:\/\/darvilais.md\/ro\/wp-json\/wp\/v2\/types\/product"}],"wp:featuredmedia":[{"embeddable":true,"href":"https:\/\/darvilais.md\/ro\/wp-json\/wp\/v2\/media\/7312"}],"wp:attachment":[{"href":"https:\/\/darvilais.md\/ro\/wp-json\/wp\/v2\/media?parent=7310"}],"wp:term":[{"taxonomy":"product_brand","embeddable":true,"href":"https:\/\/darvilais.md\/ro\/wp-json\/wp\/v2\/product_brand?post=7310"},{"taxonomy":"product_cat","embeddable":true,"href":"https:\/\/darvilais.md\/ro\/wp-json\/wp\/v2\/product_cat?post=7310"},{"taxonomy":"product_tag","embeddable":true,"href":"https:\/\/darvilais.md\/ro\/wp-json\/wp\/v2\/product_tag?post=7310"}],"curies":[{"name":"wp","href":"https:\/\/api.w.org\/{rel}","templated":true}]}}