{"id":7299,"date":"2025-06-09T15:06:18","date_gmt":"2025-06-09T15:06:18","guid":{"rendered":"https:\/\/darvilais.md\/?post_type=product&#038;p=7299"},"modified":"2025-06-09T15:06:36","modified_gmt":"2025-06-09T15:06:36","slug":"xo-ge-07-gaming","status":"publish","type":"product","link":"https:\/\/darvilais.md\/ro\/produs\/xo-ge-07-gaming\/","title":{"rendered":"XO GE07"},"content":{"rendered":"<h2><strong> C\u0103\u0219ti de gaming XO GE 07 Static RGB, USB + jack dual de 3,5 mm<\/strong><\/h2>\n<ul>\n<li class=\"p1\"><strong>\u00a0Culoare: negru<\/strong><\/li>\n<li class=\"p1\"><strong>Tip: C\u0103\u0219ti de gaming cu fir<\/strong><\/li>\n<li class=\"p1\"><strong>Conexiune: USB A + 2\u00d73,5 mm<\/strong><\/li>\n<li class=\"p1\"><strong>Difuzor: 50 mm, 32 \u03a9 \u00b115%<\/strong><\/li>\n<li class=\"p1\"><strong>Interval de frecven\u021b\u0103: 20\u201320.000 Hz<\/strong><\/li>\n<li class=\"p1\"><strong>Sensibilitate: 42 dB \u00b13%<\/strong><\/li>\n<li class=\"p1\"><strong>Microfon: omnidirec\u021bional, lungime ~120 mm<\/strong><\/li>\n<li class=\"p1\"><strong>Iluminare de fundal: RGB static (7 culori)<\/strong><\/li>\n<li class=\"p1\"><strong>Cablu: PVC de 2,2 m<\/strong><\/li>\n<li class=\"p1\"><strong>Materiale: ABS + metal + piele PU \u00een perni\u021bele pentru urechi<\/strong><\/li>\n<li class=\"p1\"><strong>Greutate: 306g \u00b110g<\/strong><\/li>\n<li class=\"p1\"><strong>Produc\u0103tor: XO<\/strong><\/li>\n<\/ul>","protected":false},"excerpt":{"rendered":"<p data-start=\"1109\" data-end=\"1337\"><em><strong>\u00cen ritmul b\u0103t\u0103liei, auzi fiecare mi\u0219care. XO GE-07 ofer\u0103 sunet de dimensiuni normale, iluminare RGB \u0219i fiabilitate pe cablu. F\u0103r\u0103 rezerve, f\u0103r\u0103 complica\u021bii. Doar conecteaz\u0103-le - \u0219i jocul \u00eencepe s\u0103 sune \u00eentr-un mod nou.<\/strong><\/em><\/p>","protected":false},"featured_media":7302,"template":"","meta":{"_acf_changed":false},"product_brand":[301],"product_cat":[15],"product_tag":[356,325,336,342],"class_list":{"0":"post-7299","1":"product","2":"type-product","3":"status-publish","4":"has-post-thumbnail","6":"product_brand-xo","7":"product_cat-headphones","8":"product_tag-356","9":"product_tag-325","10":"product_tag-336","11":"product_tag-342","13":"first","14":"instock","15":"sale","16":"taxable","17":"shipping-taxable","18":"purchasable","19":"product-type-simple","20":"add-to-wishlist-after_add_to_cart"},"acf":[],"jetpack_sharing_enabled":true,"_links":{"self":[{"href":"https:\/\/darvilais.md\/ro\/wp-json\/wp\/v2\/product\/7299","targetHints":{"allow":["GET"]}}],"collection":[{"href":"https:\/\/darvilais.md\/ro\/wp-json\/wp\/v2\/product"}],"about":[{"href":"https:\/\/darvilais.md\/ro\/wp-json\/wp\/v2\/types\/product"}],"wp:featuredmedia":[{"embeddable":true,"href":"https:\/\/darvilais.md\/ro\/wp-json\/wp\/v2\/media\/7302"}],"wp:attachment":[{"href":"https:\/\/darvilais.md\/ro\/wp-json\/wp\/v2\/media?parent=7299"}],"wp:term":[{"taxonomy":"product_brand","embeddable":true,"href":"https:\/\/darvilais.md\/ro\/wp-json\/wp\/v2\/product_brand?post=7299"},{"taxonomy":"product_cat","embeddable":true,"href":"https:\/\/darvilais.md\/ro\/wp-json\/wp\/v2\/product_cat?post=7299"},{"taxonomy":"product_tag","embeddable":true,"href":"https:\/\/darvilais.md\/ro\/wp-json\/wp\/v2\/product_tag?post=7299"}],"curies":[{"name":"wp","href":"https:\/\/api.w.org\/{rel}","templated":true}]}}