{"id":7153,"date":"2025-05-28T14:37:12","date_gmt":"2025-05-28T14:37:12","guid":{"rendered":"https:\/\/darvilais.md\/?post_type=product&#038;p=7153"},"modified":"2025-05-28T14:37:12","modified_gmt":"2025-05-28T14:37:12","slug":"acefast-h6-anc-wireless-headphones","status":"publish","type":"product","link":"https:\/\/darvilais.md\/ro\/produs\/acefast-h6-anc-wireless-headphones\/","title":{"rendered":"ACEFAST H6"},"content":{"rendered":"<h2><strong> C\u0103\u0219ti wireless ACEFAST H6 ANC<\/strong><\/h2>\n<ul>\n<li class=\"p1\"><strong>\u00a0 Culoare: alb, negru<\/strong><\/li>\n<li class=\"p1\"><strong>Tip: C\u0103\u0219ti wireless de dimensiuni normale (over-ear)<\/strong><\/li>\n<li class=\"p1\"><strong>Bluetooth: versiunea 5.3<\/strong><\/li>\n<li class=\"p1\"><strong>Capacitatea bateriei: 500 mAh<\/strong><\/li>\n<li class=\"p1\"><strong>Durata de via\u021b\u0103 a bateriei: p\u00e2n\u0103 la 55 de ore (muzic\u0103, ANC dezactivat), p\u00e2n\u0103 la 45 de ore cu ANC<\/strong><\/li>\n<li class=\"p1\"><strong>Anulare activ\u0103 a zgomotului (ANC) de p\u00e2n\u0103 la 30 dB<\/strong><\/li>\n<li class=\"p1\"><strong>\ufe0f Control tactil<\/strong><\/li>\n<li class=\"p1\"><strong>\ufe0f Conexiune automat\u0103<\/strong><\/li>\n<li class=\"p1\"><strong>Carcas\u0103 compact\u0103: 167\u00d781\u00d7193 mm<\/strong><\/li>\n<li class=\"p1\"><strong>Produc\u0103tor: ACEFAST<\/strong><\/li>\n<\/ul>","protected":false},"excerpt":{"rendered":"<p>\u041d\u0430\u0443\u0448\u043d\u0438\u043a\u0438 ACEFAST H6 ANC Wireless \u00a0 \u0426\u0432\u0435\u0442: \u0431\u0435\u043b\u044b\u0439, \u0447\u0451\u0440\u043d\u044b\u0439 \ufe0f \u0422\u0438\u043f: \u043f\u043e\u043b\u043d\u043e\u0440\u0430\u0437\u043c\u0435\u0440\u043d\u044b\u0435 \u0431\u0435\u0441\u043f\u0440\u043e\u0432\u043e\u0434\u043d\u044b\u0435 (over-ear) \ufe0f Bluetooth: \u0432\u0435\u0440\u0441\u0438\u044f 5.3 \ufe0f \u0401\u043c\u043a\u043e\u0441\u0442\u044c \u0430\u043a\u043a\u0443\u043c\u0443\u043b\u044f\u0442\u043e\u0440\u0430: 500 \u043c\u0410\u0447 \ufe0f \u0412\u0440\u0435\u043c\u044f \u0440\u0430\u0431\u043e\u0442\u044b: \u0434\u043e 55 \u0447\u0430\u0441\u043e\u0432 (\u043c\u0443\u0437\u044b\u043a\u0430,<\/p>","protected":false},"featured_media":7160,"template":"","meta":{"_acf_changed":false},"product_brand":[318],"product_cat":[15],"product_tag":[331,314,330,321],"class_list":{"0":"post-7153","1":"product","2":"type-product","3":"status-publish","4":"has-post-thumbnail","6":"product_brand-acefast","7":"product_cat-headphones","8":"product_tag-anc-","9":"product_tag-bluetooth-","10":"product_tag-over-ear-","11":"product_tag-321","13":"first","14":"instock","15":"sale","16":"taxable","17":"shipping-taxable","18":"purchasable","19":"product-type-variable","20":"add-to-wishlist-after_add_to_cart"},"acf":[],"jetpack_sharing_enabled":true,"_links":{"self":[{"href":"https:\/\/darvilais.md\/ro\/wp-json\/wp\/v2\/product\/7153","targetHints":{"allow":["GET"]}}],"collection":[{"href":"https:\/\/darvilais.md\/ro\/wp-json\/wp\/v2\/product"}],"about":[{"href":"https:\/\/darvilais.md\/ro\/wp-json\/wp\/v2\/types\/product"}],"wp:featuredmedia":[{"embeddable":true,"href":"https:\/\/darvilais.md\/ro\/wp-json\/wp\/v2\/media\/7160"}],"wp:attachment":[{"href":"https:\/\/darvilais.md\/ro\/wp-json\/wp\/v2\/media?parent=7153"}],"wp:term":[{"taxonomy":"product_brand","embeddable":true,"href":"https:\/\/darvilais.md\/ro\/wp-json\/wp\/v2\/product_brand?post=7153"},{"taxonomy":"product_cat","embeddable":true,"href":"https:\/\/darvilais.md\/ro\/wp-json\/wp\/v2\/product_cat?post=7153"},{"taxonomy":"product_tag","embeddable":true,"href":"https:\/\/darvilais.md\/ro\/wp-json\/wp\/v2\/product_tag?post=7153"}],"curies":[{"name":"wp","href":"https:\/\/api.w.org\/{rel}","templated":true}]}}