{"id":7148,"date":"2025-05-28T17:24:43","date_gmt":"2025-05-28T14:24:43","guid":{"rendered":"https:\/\/darvilais.md\/?post_type=product&#038;p=7148"},"modified":"2026-02-01T16:16:54","modified_gmt":"2026-02-01T14:16:54","slug":"hoco-ew77-tws-bluetooth-headset","status":"publish","type":"product","link":"https:\/\/darvilais.md\/ro\/produs\/hoco-ew77-tws-bluetooth-headset\/","title":{"rendered":"Hoco EW77"},"content":{"rendered":"<h2><strong> C\u0103\u0219ti Hoco EW77 TWS<\/strong><\/h2>\n<ul>\n<li class=\"p1\"><strong>\u00a0Culoare: alb<\/strong><\/li>\n<li class=\"p1\"><strong>Tip: Total wireless (TWS)<\/strong><\/li>\n<li class=\"p1\"><strong>Bluetooth: versiunea 5.4<\/strong><\/li>\n<li class=\"p1\"><strong>Capacitate baterie: c\u0103\u0219ti - 30 mAh, carcas\u0103 - 300 mAh<\/strong><\/li>\n<li class=\"p1\"><strong>Timp de func\u021bionare: p\u00e2n\u0103 la 4 ore (muzic\u0103\/conversa\u021bii), p\u00e2n\u0103 la 150 de ore \u00een modul standby<\/strong><\/li>\n<li class=\"p1\"><strong>\ufe0f Control tactil<\/strong><\/li>\n<li class=\"p1\"><strong>Conexiune automat\u0103<\/strong><\/li>\n<li class=\"p1\"><strong>Carcas\u0103 compact\u0103: 60,6\u00d745,2\u00d721,7 mm<\/strong><\/li>\n<li class=\"p1\"><strong>Greutate: 57,6 g<\/strong><\/li>\n<li class=\"p1\"><strong>Produc\u0103tor: Hoco<\/strong><\/li>\n<\/ul>","protected":false},"excerpt":{"rendered":"<p><strong><em>Hoco EW77 TWS sunt c\u0103\u0219ti wireless confortabile \u0219i u\u0219oare, cu Bluetooth 5.4.<\/em><\/strong><br data-start=\"106\" data-end=\"109\" \/><strong><em>P\u00e2n\u0103 la 4 ore de autonomie a bateriei, carcas\u0103 compact\u0103 \u0219i comenzi tactile pentru utilizare u\u0219oar\u0103. Ideal pentru muzic\u0103 \u0219i apeluri oric\u00e2nd.<\/em><\/strong><\/p>","protected":false},"featured_media":7149,"template":"","meta":{"_acf_changed":false},"product_brand":[286],"product_cat":[15],"product_tag":[314,326,321,329],"class_list":{"0":"post-7148","1":"product","2":"type-product","3":"status-publish","4":"has-post-thumbnail","6":"product_brand-hoco","7":"product_cat-headphones","8":"product_tag-bluetooth-","9":"product_tag-tws-","10":"product_tag-321","11":"product_tag-329","13":"first","14":"instock","15":"sale","16":"taxable","17":"shipping-taxable","18":"purchasable","19":"product-type-simple","20":"add-to-wishlist-after_add_to_cart"},"acf":[],"jetpack_sharing_enabled":true,"_links":{"self":[{"href":"https:\/\/darvilais.md\/ro\/wp-json\/wp\/v2\/product\/7148","targetHints":{"allow":["GET"]}}],"collection":[{"href":"https:\/\/darvilais.md\/ro\/wp-json\/wp\/v2\/product"}],"about":[{"href":"https:\/\/darvilais.md\/ro\/wp-json\/wp\/v2\/types\/product"}],"wp:featuredmedia":[{"embeddable":true,"href":"https:\/\/darvilais.md\/ro\/wp-json\/wp\/v2\/media\/7149"}],"wp:attachment":[{"href":"https:\/\/darvilais.md\/ro\/wp-json\/wp\/v2\/media?parent=7148"}],"wp:term":[{"taxonomy":"product_brand","embeddable":true,"href":"https:\/\/darvilais.md\/ro\/wp-json\/wp\/v2\/product_brand?post=7148"},{"taxonomy":"product_cat","embeddable":true,"href":"https:\/\/darvilais.md\/ro\/wp-json\/wp\/v2\/product_cat?post=7148"},{"taxonomy":"product_tag","embeddable":true,"href":"https:\/\/darvilais.md\/ro\/wp-json\/wp\/v2\/product_tag?post=7148"}],"curies":[{"name":"wp","href":"https:\/\/api.w.org\/{rel}","templated":true}]}}