{"id":7136,"date":"2025-05-28T13:59:24","date_gmt":"2025-05-28T13:59:24","guid":{"rendered":"https:\/\/darvilais.md\/?post_type=product&#038;p=7136"},"modified":"2025-06-09T04:17:41","modified_gmt":"2025-06-09T04:17:41","slug":"hoco-des41-tws-bluetooth-headset","status":"publish","type":"product","link":"https:\/\/darvilais.md\/ro\/produs\/hoco-des41-tws-bluetooth-headset\/","title":{"rendered":"Hoco DES41"},"content":{"rendered":"<h2><strong> C\u0103\u0219ti Bluetooth Hoco DES41 Cool Magic<\/strong><\/h2>\n<ul>\n<li class=\"p1\"><strong>\u00a0 Culoare: negru<\/strong><\/li>\n<li class=\"p1\"><strong>Tip: C\u0103\u0219ti Bluetooth TWS<\/strong><\/li>\n<li class=\"p1\"><strong>Bluetooth: versiunea 5.3<\/strong><\/li>\n<li class=\"p1\"><strong>Baterie: carcas\u0103 - 400 mAh, c\u0103\u0219ti - 30 mAh<\/strong><\/li>\n<li class=\"p1\"><strong>Timp de func\u021bionare: p\u00e2n\u0103 la 5 ore (muzic\u0103), p\u00e2n\u0103 la 20 de ore cu hus\u0103<\/strong><\/li>\n<li class=\"p1\"><strong>\ufe0fSuport ENC (reducere a zgomotului pentru apeluri)<\/strong><\/li>\n<li class=\"p1\"><strong>\ufe0f Control tactil<\/strong><\/li>\n<li class=\"p1\"><strong>\ufe0f Conectare automat\u0103 la dispozitiv<\/strong><\/li>\n<li class=\"p1\"><strong>Dimensiunile carcasei: 52,8\u00d747,3\u00d724,6 mm<\/strong><\/li>\n<li class=\"p1\"><strong>Produc\u0103tor: Hoco<\/strong><\/li>\n<\/ul>","protected":false},"excerpt":{"rendered":"<p>Hoco DES41 Cool Magic Bluetooth headset \u00a0 \u0426\u0432\u0435\u0442: \u0447\u0451\u0440\u043d\u044b\u0439 \ufe0f \u0422\u0438\u043f: TWS Bluetooth \u043d\u0430\u0443\u0448\u043d\u0438\u043a\u0438 \ufe0f Bluetooth: \u0432\u0435\u0440\u0441\u0438\u044f 5.3 \ufe0f \u0410\u043a\u043a\u0443\u043c\u0443\u043b\u044f\u0442\u043e\u0440: \u043a\u0435\u0439\u0441 \u2014 400 \u043c\u0410\u0447, \u043d\u0430\u0443\u0448\u043d\u0438\u043a\u0438 \u2014 30 \u043c\u0410\u0447 \ufe0f \u0412\u0440\u0435\u043c\u044f<\/p>","protected":false},"featured_media":7138,"template":"","meta":{"_acf_changed":false},"product_brand":[286],"product_cat":[15],"product_tag":[314,326,321,328],"class_list":{"0":"post-7136","1":"product","2":"type-product","3":"status-publish","4":"has-post-thumbnail","6":"product_brand-hoco","7":"product_cat-headphones","8":"product_tag-bluetooth-","9":"product_tag-tws-","10":"product_tag-321","11":"product_tag-328","13":"first","14":"instock","15":"taxable","16":"shipping-taxable","17":"purchasable","18":"product-type-simple","19":"add-to-wishlist-after_add_to_cart"},"acf":[],"jetpack_sharing_enabled":true,"_links":{"self":[{"href":"https:\/\/darvilais.md\/ro\/wp-json\/wp\/v2\/product\/7136","targetHints":{"allow":["GET"]}}],"collection":[{"href":"https:\/\/darvilais.md\/ro\/wp-json\/wp\/v2\/product"}],"about":[{"href":"https:\/\/darvilais.md\/ro\/wp-json\/wp\/v2\/types\/product"}],"wp:featuredmedia":[{"embeddable":true,"href":"https:\/\/darvilais.md\/ro\/wp-json\/wp\/v2\/media\/7138"}],"wp:attachment":[{"href":"https:\/\/darvilais.md\/ro\/wp-json\/wp\/v2\/media?parent=7136"}],"wp:term":[{"taxonomy":"product_brand","embeddable":true,"href":"https:\/\/darvilais.md\/ro\/wp-json\/wp\/v2\/product_brand?post=7136"},{"taxonomy":"product_cat","embeddable":true,"href":"https:\/\/darvilais.md\/ro\/wp-json\/wp\/v2\/product_cat?post=7136"},{"taxonomy":"product_tag","embeddable":true,"href":"https:\/\/darvilais.md\/ro\/wp-json\/wp\/v2\/product_tag?post=7136"}],"curies":[{"name":"wp","href":"https:\/\/api.w.org\/{rel}","templated":true}]}}