{"id":7125,"date":"2025-05-28T13:36:32","date_gmt":"2025-05-28T13:36:32","guid":{"rendered":"https:\/\/darvilais.md\/?post_type=product&#038;p=7125"},"modified":"2025-05-28T13:36:33","modified_gmt":"2025-05-28T13:36:33","slug":"hoco-des46-primo-bluetooth-garnitura","status":"publish","type":"product","link":"https:\/\/darvilais.md\/ro\/produs\/hoco-des46-primo-bluetooth-garnitura\/","title":{"rendered":"Hoco DES46"},"content":{"rendered":"<h2><strong>C\u0103\u0219ti Bluetooth Hoco DES46 Primo cu microfon dual ENC<\/strong><\/h2>\n<ul>\n<li class=\"p1\"><strong>\u00a0Culoare: negru<\/strong><\/li>\n<li class=\"p1\"><strong>Bluetooth: versiunea 5.4 (JL6973D4)<\/strong><\/li>\n<li class=\"p1\"><strong>Capacitate baterie: 40 mAh (c\u0103\u0219ti), 500 mAh (cutie de \u00eenc\u0103rcare)<\/strong><\/li>\n<li class=\"p1\"><strong>\ufe0f Timp de \u00eenc\u0103rcare: aproximativ 2 ore<\/strong><\/li>\n<li class=\"p1\"><strong>Timp de apel\/muzic\u0103: p\u00e2n\u0103 la 6 ore<\/strong><\/li>\n<li class=\"p1\"><strong>Difuzoare: 10 mm<\/strong><\/li>\n<li class=\"p1\"><strong>\ufe0f Reducerea zgomotului<\/strong>e: ENC cu microfon dublu<\/li>\n<li class=\"p1\"><strong>\u00cent\u00e2rziere semnal: p\u00e2n\u0103 la 50 ms<\/strong><\/li>\n<li class=\"p1\"><strong>Dimensiune: 50\u00d754\u00d732,5 mm<\/strong><\/li>\n<li class=\"p1\"><strong>Greutate: 37 g<\/strong><\/li>\n<li class=\"p1\"><strong>\u00a0Producator: Hoco<\/strong><\/li>\n<\/ul>","protected":false},"excerpt":{"rendered":"<p>Hoco DES46 Primo dual-mic ENC Bluetooth headset \u00a0\u0426\u0432\u0435\u0442: \u0447\u0451\u0440\u043d\u044b\u0439 \ufe0f Bluetooth: \u0432\u0435\u0440\u0441\u0438\u044f 5.4 (JL6973D4) \ufe0f \u0401\u043c\u043a\u043e\u0441\u0442\u044c \u0430\u043a\u043a\u0443\u043c\u0443\u043b\u044f\u0442\u043e\u0440\u0430: 40 \u043c\u0410\u0447 (\u043d\u0430\u0443\u0448\u043d\u0438\u043a\u0438), 500 \u043c\u0410\u0447 (\u0437\u0430\u0440\u044f\u0434\u043d\u044b\u0439 \u043a\u0435\u0439\u0441) \ufe0f \u0412\u0440\u0435\u043c\u044f \u0437\u0430\u0440\u044f\u0434\u043a\u0438: \u043e\u043a\u043e\u043b\u043e 2 \u0447\u0430\u0441\u043e\u0432<\/p>","protected":false},"featured_media":7128,"template":"","meta":{"_acf_changed":false},"product_brand":[286],"product_cat":[15],"product_tag":[314,321,324,325],"class_list":{"0":"post-7125","1":"product","2":"type-product","3":"status-publish","4":"has-post-thumbnail","6":"product_brand-hoco","7":"product_cat-headphones","8":"product_tag-bluetooth-","9":"product_tag-321","10":"product_tag-324","11":"product_tag-325","13":"first","14":"instock","15":"taxable","16":"shipping-taxable","17":"purchasable","18":"product-type-simple","19":"add-to-wishlist-after_add_to_cart"},"acf":[],"jetpack_sharing_enabled":true,"_links":{"self":[{"href":"https:\/\/darvilais.md\/ro\/wp-json\/wp\/v2\/product\/7125","targetHints":{"allow":["GET"]}}],"collection":[{"href":"https:\/\/darvilais.md\/ro\/wp-json\/wp\/v2\/product"}],"about":[{"href":"https:\/\/darvilais.md\/ro\/wp-json\/wp\/v2\/types\/product"}],"wp:featuredmedia":[{"embeddable":true,"href":"https:\/\/darvilais.md\/ro\/wp-json\/wp\/v2\/media\/7128"}],"wp:attachment":[{"href":"https:\/\/darvilais.md\/ro\/wp-json\/wp\/v2\/media?parent=7125"}],"wp:term":[{"taxonomy":"product_brand","embeddable":true,"href":"https:\/\/darvilais.md\/ro\/wp-json\/wp\/v2\/product_brand?post=7125"},{"taxonomy":"product_cat","embeddable":true,"href":"https:\/\/darvilais.md\/ro\/wp-json\/wp\/v2\/product_cat?post=7125"},{"taxonomy":"product_tag","embeddable":true,"href":"https:\/\/darvilais.md\/ro\/wp-json\/wp\/v2\/product_tag?post=7125"}],"curies":[{"name":"wp","href":"https:\/\/api.w.org\/{rel}","templated":true}]}}