{"id":7031,"date":"2025-05-14T19:04:19","date_gmt":"2025-05-14T19:04:19","guid":{"rendered":"https:\/\/darvilais.md\/?post_type=product&#038;p=7031"},"modified":"2025-05-30T16:02:44","modified_gmt":"2025-05-30T16:02:44","slug":"xo-h140-kids-smart-4g-watch","status":"publish","type":"product","link":"https:\/\/darvilais.md\/ro\/produs\/xo-h140-kids-smart-4g-watch\/","title":{"rendered":"XO H140"},"content":{"rendered":"<h2><strong>Ceas inteligent XO H140 4G pentru copii<\/strong><\/h2>\n<ul>\n<li class=\"p1\"><strong>\ufe0f Culoare: negru, albastru, roz<\/strong><\/li>\n<li class=\"p1\"><strong>Tip: Ceas inteligent pentru copii cu suport 4G<\/strong><\/li>\n<li class=\"p1\"><strong>Ecran: tactil de 1,83\u2033, rezolu\u021bie 240\u00d7284 pixeli<\/strong><\/li>\n<li class=\"p1\"><strong>Camer\u0103: frontal\u0103, 8 MP<\/strong><\/li>\n<li class=\"p1\"><strong>Suport cartel\u0103 SIM: Nano SIM standard<\/strong><\/li>\n<li class=\"p1\"><strong>Comunicare: 2G\/4G, Wi-Fi, Bluetooth<\/strong><\/li>\n<li class=\"p1\"><strong>Naviga\u021bie: Wi-Fi + pozi\u021bionare prin sta\u021bii de baz\u0103<\/strong><\/li>\n<li class=\"p1\"><strong>Baterie: 650 mAh<\/strong><\/li>\n<li class=\"p1\"><strong>Timp de func\u021bionare: p\u00e2n\u0103 la 48 de ore, timp de standby - p\u00e2n\u0103 la 70 de ore<\/strong><\/li>\n<li class=\"p1\"><strong>\u00cenc\u0103rcare: magnetic\u0103, 5V\/0.3\u20130.4A<\/strong><\/li>\n<li class=\"p1\"><strong>Memorie: RAM - 24 MB, \u00eencorporat\u0103 - 16 MB<\/strong><\/li>\n<li class=\"p1\"><strong>Materiale: carcas\u0103 - ABS + PC, curea - silicon<\/strong><\/li>\n<li class=\"p1\"><strong>Dimensiuni: 49,2\u00d740,4\u00d713,9 mm<\/strong><\/li>\n<li class=\"p1\"><strong>Greutate: 44,3\u00b12 g<\/strong><\/li>\n<li class=\"p1\"><strong>\ufe0fRezisten\u021b\u0103 la ap\u0103: IPX5 (rezistent la stropire)<\/strong><\/li>\n<li class=\"p1\"><strong>\ufe0f Aplica\u021bii suportate: Android, iOS<\/strong><\/li>\n<li class=\"p1\"><strong>\ufe0f Limbi de interfa\u021b\u0103: rus\u0103, englez\u0103, rom\u00e2n\u0103, francez\u0103 etc.<\/strong><\/li>\n<li class=\"p1\"><strong>Categoria de v\u00e2rst\u0103: 3\u201312 ani<\/strong><\/li>\n<li class=\"p1\"><strong>Produc\u0103tor: XO<\/strong><\/li>\n<\/ul>","protected":false},"excerpt":{"rendered":"<p>\u0414\u0435\u0442\u0441\u043a\u0438\u0435 \u0441\u043c\u0430\u0440\u0442-\u0447\u0430\u0441\u044b XO H140 4G \ufe0f \u0426\u0432\u0435\u0442: \u0447\u0435\u0440\u043d\u044b\u0439, \u0441\u0438\u043d\u0438\u0439, \u0440\u043e\u0437\u043e\u0432\u044b\u0439 \ufe0f \u0422\u0438\u043f: \u0434\u0435\u0442\u0441\u043a\u0438\u0435 \u0441\u043c\u0430\u0440\u0442-\u0447\u0430\u0441\u044b \u0441 \u043f\u043e\u0434\u0434\u0435\u0440\u0436\u043a\u043e\u0439 4G \ufe0f \u042d\u043a\u0440\u0430\u043d: 1.83&#8243; \u0441\u0435\u043d\u0441\u043e\u0440\u043d\u044b\u0439, \u0440\u0430\u0437\u0440\u0435\u0448\u0435\u043d\u0438\u0435 240\u00d7284 \u043f\u0438\u043a\u0441\u0435\u043b\u0435\u0439 \ufe0f \u041a\u0430\u043c\u0435\u0440\u0430: \u0444\u0440\u043e\u043d\u0442\u0430\u043b\u044c\u043d\u0430\u044f, 8 \u041c\u041f \ufe0f<\/p>","protected":false},"featured_media":7034,"template":"","meta":{"_acf_changed":false},"product_brand":[301],"product_cat":[236],"product_tag":[287,306,305,288],"class_list":{"0":"post-7031","1":"product","2":"type-product","3":"status-publish","4":"has-post-thumbnail","6":"product_brand-xo","7":"product_cat-smart-watch","8":"product_tag-287","9":"product_tag-306","10":"product_tag---android--ios","11":"product_tag-288","13":"first","14":"instock","15":"sale","16":"taxable","17":"shipping-taxable","18":"purchasable","19":"product-type-variable","20":"add-to-wishlist-after_add_to_cart"},"acf":[],"jetpack_sharing_enabled":true,"_links":{"self":[{"href":"https:\/\/darvilais.md\/ro\/wp-json\/wp\/v2\/product\/7031","targetHints":{"allow":["GET"]}}],"collection":[{"href":"https:\/\/darvilais.md\/ro\/wp-json\/wp\/v2\/product"}],"about":[{"href":"https:\/\/darvilais.md\/ro\/wp-json\/wp\/v2\/types\/product"}],"wp:featuredmedia":[{"embeddable":true,"href":"https:\/\/darvilais.md\/ro\/wp-json\/wp\/v2\/media\/7034"}],"wp:attachment":[{"href":"https:\/\/darvilais.md\/ro\/wp-json\/wp\/v2\/media?parent=7031"}],"wp:term":[{"taxonomy":"product_brand","embeddable":true,"href":"https:\/\/darvilais.md\/ro\/wp-json\/wp\/v2\/product_brand?post=7031"},{"taxonomy":"product_cat","embeddable":true,"href":"https:\/\/darvilais.md\/ro\/wp-json\/wp\/v2\/product_cat?post=7031"},{"taxonomy":"product_tag","embeddable":true,"href":"https:\/\/darvilais.md\/ro\/wp-json\/wp\/v2\/product_tag?post=7031"}],"curies":[{"name":"wp","href":"https:\/\/api.w.org\/{rel}","templated":true}]}}