{"id":6969,"date":"2025-05-10T16:33:00","date_gmt":"2025-05-10T16:33:00","guid":{"rendered":"https:\/\/darvilais.md\/?post_type=product&#038;p=6969"},"modified":"2025-05-30T05:08:42","modified_gmt":"2025-05-30T05:08:42","slug":"hoco-y24-amoled-smart-watch-bluetooth-call-version-4gb-black","status":"publish","type":"product","link":"https:\/\/darvilais.md\/ro\/produs\/hoco-y24-amoled-smart-watch-bluetooth-call-version-4gb-black\/","title":{"rendered":"Hoco Y24"},"content":{"rendered":"<h2><strong>Ceas inteligent Hoco Y24 AMOLED (Versiune de apel)<\/strong><\/h2>\n<ul>\n<li class=\"p1\"><strong>\ufe0f Culoare: negru, gri<\/strong><\/li>\n<li class=\"p1\"><strong>Ecran: 1,43 inci, AMOLED, rezolu\u021bie 466\u00d7466\u00a0<\/strong><\/li>\n<li class=\"p1\"><strong>Baterie: 390 mAh\u00a0<\/strong><\/li>\n<li class=\"p1\"><strong>\ufe0f Timp de lucru: p\u00e2n\u0103 la 10 zile\u00a0<\/strong><\/li>\n<li class=\"p1\"><strong>\ufe0f Rezistent la ap\u0103: IP67\u00a0<\/strong><\/li>\n<li class=\"p1\"><strong>\ufe0f Apeluri: Suport prin Bluetooth\u00a0<\/strong><\/li>\n<li class=\"p1\"><strong>Func\u021bii: video, muzic\u0103, pedometru, somn, vreme\u00a0<\/strong><\/li>\n<li class=\"p1\"><strong>Bluetooth: versiunea 5.3\u00a0<\/strong><\/li>\n<li class=\"p1\"><strong>Memorie: 128 MB + 4 GB\u00a0<\/strong><\/li>\n<li class=\"p1\"><strong>Limbi de interfa\u021b\u0103: 21 de limbi (rus\u0103, rom\u00e2n\u0103, englez\u0103 etc.)\u00a0<\/strong><\/li>\n<li class=\"p1\"><strong>Produc\u0103tor: Hoco<\/strong><\/li>\n<\/ul>","protected":false},"excerpt":{"rendered":"<p>Ceas inteligent Hoco Y24 AMOLED (versiune pentru apeluri) \ufe0f Culoare: Negru, Gri \ufe0f Ecran: 1,43 inci, AMOLED, rezolu\u021bie 466\u00d7466 \ufe0f Baterie: 390 mAh \ufe0f Timp de func\u021bionare: p\u00e2n\u0103 la 10 zile \ufe0f Rezistent la ap\u0103:<\/p>","protected":false},"featured_media":6971,"template":"","meta":{"_acf_changed":false},"product_brand":[286],"product_cat":[236],"product_tag":[292,290,293,291,295,306,304,305],"class_list":{"0":"post-6969","1":"product","2":"type-product","3":"status-publish","4":"has-post-thumbnail","6":"product_brand-hoco","7":"product_cat-smart-watch","8":"product_tag-292","9":"product_tag---hoco","10":"product_tag-293","11":"product_tag-291","12":"product_tag----bluetooth","13":"product_tag-306","14":"product_tag-304","15":"product_tag---android--ios","17":"first","18":"instock","19":"sale","20":"taxable","21":"shipping-taxable","22":"purchasable","23":"product-type-variable","24":"add-to-wishlist-after_add_to_cart"},"acf":[],"jetpack_sharing_enabled":true,"_links":{"self":[{"href":"https:\/\/darvilais.md\/ro\/wp-json\/wp\/v2\/product\/6969","targetHints":{"allow":["GET"]}}],"collection":[{"href":"https:\/\/darvilais.md\/ro\/wp-json\/wp\/v2\/product"}],"about":[{"href":"https:\/\/darvilais.md\/ro\/wp-json\/wp\/v2\/types\/product"}],"wp:featuredmedia":[{"embeddable":true,"href":"https:\/\/darvilais.md\/ro\/wp-json\/wp\/v2\/media\/6971"}],"wp:attachment":[{"href":"https:\/\/darvilais.md\/ro\/wp-json\/wp\/v2\/media?parent=6969"}],"wp:term":[{"taxonomy":"product_brand","embeddable":true,"href":"https:\/\/darvilais.md\/ro\/wp-json\/wp\/v2\/product_brand?post=6969"},{"taxonomy":"product_cat","embeddable":true,"href":"https:\/\/darvilais.md\/ro\/wp-json\/wp\/v2\/product_cat?post=6969"},{"taxonomy":"product_tag","embeddable":true,"href":"https:\/\/darvilais.md\/ro\/wp-json\/wp\/v2\/product_tag?post=6969"}],"curies":[{"name":"wp","href":"https:\/\/api.w.org\/{rel}","templated":true}]}}