{"id":6791,"date":"2025-05-06T17:24:46","date_gmt":"2025-05-06T17:24:46","guid":{"rendered":"https:\/\/darvilais.md\/?post_type=product&#038;p=6791"},"modified":"2025-08-19T14:12:03","modified_gmt":"2025-08-19T14:12:03","slug":"hoco-q31-ingenious-5000mah-pd20w","status":"publish","type":"product","link":"https:\/\/darvilais.md\/ro\/produs\/hoco-q31-ingenious-5000mah-pd20w\/","title":{"rendered":"Hoco Q31"},"content":{"rendered":"<h2><strong>Baterie portabil\u0103 Hoco Q31 Ingenious PD20W 5000mAh<\/strong><\/h2>\n<ul>\n<li class=\"p1\"><strong>Culoare: negru, auriu<\/strong><\/li>\n<li class=\"p1\"><strong>Capacitate: 5000 mAh (18,5 Wh), nominal\u0103 ~2600 mAh<\/strong><\/li>\n<li class=\"p1\"><strong>Intrare: USB-C - 5 V\/3 A,<\/strong><\/li>\n<li class=\"p1\"><strong>Rezultate:<\/strong><\/li>\n<li class=\"p1\"><strong><span class=\"Apple-converted-space\">\u00a0 <\/span>\u2014 USB-C \u2014 p\u00e2n\u0103 la 20 W<\/strong><\/li>\n<li class=\"p1\"><strong><span class=\"Apple-converted-space\">\u00a0 <\/span>\u2014 USB-C (\u0219techer pliabil \u00eencorporat) \u2014 p\u00e2n\u0103 la 20 W<\/strong><\/li>\n<li class=\"p1\"><strong>Putere total\u0103 de ie\u0219ire: 5V\/2A (max.)<\/strong><\/li>\n<li class=\"p1\"><strong>Indicator: Indicator LED al nivelului bateriei<\/strong><\/li>\n<li class=\"p1\"><strong>Material: Carcas\u0103 ignifug\u0103 ABS\/PC + baterie litiu-polimer 21700<\/strong><\/li>\n<li class=\"p1\"><strong>Dimensiuni: 78 \u00d7 37 \u00d7 27 mm<\/strong><\/li>\n<li class=\"p1\"><strong>Greutate: 100 g<\/strong><\/li>\n<li class=\"p1\"><strong>Producator: Hoco<\/strong><\/li>\n<\/ul>\n<p><strong><span class=\"s1\">Confirmat: <\/span><a href=\"https:\/\/hocotech.com\/product\/power\/portable-chargers\/power-banks\/power-bank-q31-ingenious-pd20w-5000mah-type-c-ver\/\" target=\"_blank\" rel=\"noopener\">https:\/\/hocotech.com\/product\/power\/portable-chargers\/power-banks\/power-bank-q31-ingenious-pd20w-5000mah-type-c-ver\/<\/a><\/strong><\/p>","protected":false},"excerpt":{"rendered":"<p><strong><em>Baterie extern\u0103 compact\u0103 Hoco Q31 Ingenious 5000 mAh cu suport PD20W, \u00eencorporat\u0103<\/em> USB-C, indicator LED \u0219i carcas\u0103 ignifug\u0103.<\/strong><\/p>","protected":false},"featured_media":6794,"template":"","meta":{"_acf_changed":false},"product_brand":[286],"product_cat":[239],"product_tag":[278,564,280,568],"class_list":{"0":"post-6791","1":"product","2":"type-product","3":"status-publish","4":"has-post-thumbnail","6":"product_brand-hoco","7":"product_cat-power-banks","8":"product_tag-pd20w","9":"product_tag-564","10":"product_tag-280","11":"product_tag-568","13":"first","14":"instock","15":"taxable","16":"shipping-taxable","17":"purchasable","18":"product-type-simple","19":"add-to-wishlist-after_add_to_cart"},"acf":[],"jetpack_sharing_enabled":true,"_links":{"self":[{"href":"https:\/\/darvilais.md\/ro\/wp-json\/wp\/v2\/product\/6791","targetHints":{"allow":["GET"]}}],"collection":[{"href":"https:\/\/darvilais.md\/ro\/wp-json\/wp\/v2\/product"}],"about":[{"href":"https:\/\/darvilais.md\/ro\/wp-json\/wp\/v2\/types\/product"}],"wp:featuredmedia":[{"embeddable":true,"href":"https:\/\/darvilais.md\/ro\/wp-json\/wp\/v2\/media\/6794"}],"wp:attachment":[{"href":"https:\/\/darvilais.md\/ro\/wp-json\/wp\/v2\/media?parent=6791"}],"wp:term":[{"taxonomy":"product_brand","embeddable":true,"href":"https:\/\/darvilais.md\/ro\/wp-json\/wp\/v2\/product_brand?post=6791"},{"taxonomy":"product_cat","embeddable":true,"href":"https:\/\/darvilais.md\/ro\/wp-json\/wp\/v2\/product_cat?post=6791"},{"taxonomy":"product_tag","embeddable":true,"href":"https:\/\/darvilais.md\/ro\/wp-json\/wp\/v2\/product_tag?post=6791"}],"curies":[{"name":"wp","href":"https:\/\/api.w.org\/{rel}","templated":true}]}}