{"id":6786,"date":"2025-05-06T17:00:12","date_gmt":"2025-05-06T17:00:12","guid":{"rendered":"https:\/\/darvilais.md\/?post_type=product&#038;p=6786"},"modified":"2025-08-18T15:29:06","modified_gmt":"2025-08-18T15:29:06","slug":"hoco-j136a-sirui-22-5w-pd20w-power-bank-20000mah","status":"publish","type":"product","link":"https:\/\/darvilais.md\/ro\/produs\/hoco-j136a-sirui-22-5w-pd20w-power-bank-20000mah\/","title":{"rendered":"Hoco J136A"},"content":{"rendered":"<h2><strong>Baterie extern\u0103 Hoco J136A Sirui 22.5W+PD20W (20000mAh)<\/strong><\/h2>\n<ul>\n<li class=\"p1\"><strong>\u0412\u043d\u0435\u0448\u043d\u0438\u0439 \u0430\u043a\u043a\u0443\u043c\u0443\u043b\u044f\u0442\u043e\u0440 Hoco J123C 60000 mAh<\/strong><\/li>\n<li class=\"p1\"><strong>Culoare: negru<\/strong><\/li>\n<li class=\"p1\"><strong>\u0422\u0438\u043f: power bank (\u0432\u043d\u0435\u0448\u043d\u0438\u0439 \u0430\u043a\u043a\u0443\u043c\u0443\u043b\u044f\u0442\u043e\u0440)<\/strong><\/li>\n<li class=\"p1\"><strong>\u0421\u043e\u0432\u043c\u0435\u0441\u0442\u0438\u043c\u043e\u0441\u0442\u044c: \u0441\u043c\u0430\u0440\u0442\u0444\u043e\u043d\u044b, \u043f\u043b\u0430\u043d\u0448\u0435\u0442\u044b, \u043d\u0430\u0443\u0448\u043d\u0438\u043a\u0438 \u0438 \u0434\u0440.<\/strong><\/li>\n<li class=\"p1\"><strong>\u0401\u043c\u043a\u043e\u0441\u0442\u044c: 60000 mAh<\/strong><\/li>\n<li class=\"p1\"><strong>\u0411\u044b\u0441\u0442\u0440\u0430\u044f \u0437\u0430\u0440\u044f\u0434\u043a\u0430: PD20W, QC3.0 (\u0434\u043e 22.5W)<\/strong><\/li>\n<li class=\"p1\"><strong>\u041f\u043e\u0440\u0442\u044b \u0432\u044b\u0445\u043e\u0434\u0430: 3\u00d7USB-A + 1\u00d7USB-C<\/strong><\/li>\n<li class=\"p1\"><strong>\u041f\u043e\u0440\u0442\u044b \u0432\u0445\u043e\u0434\u0430: Type-C \/ Micro-USB \/ Lightning<\/strong><\/li>\n<li class=\"p1\"><strong>\u0418\u043d\u0434\u0438\u043a\u0430\u0446\u0438\u044f: LED-\u0434\u0438\u0441\u043f\u043b\u0435\u0439 \u0443\u0440\u043e\u0432\u043d\u044f \u0437\u0430\u0440\u044f\u0434\u0430<\/strong><\/li>\n<li class=\"p1\"><strong>\u0417\u0430\u0449\u0438\u0442\u0430: \u043e\u0442 \u043f\u0435\u0440\u0435\u0433\u0440\u0443\u0437\u043a\u0438, \u043f\u0435\u0440\u0435\u043d\u0430\u043f\u0440\u044f\u0436\u0435\u043d\u0438\u044f, \u043a\u043e\u0440\u043e\u0442\u043a\u043e\u0433\u043e \u0437\u0430\u043c\u044b\u043a\u0430\u043d\u0438\u044f<\/strong><\/li>\n<li class=\"p1\"><strong>\u041a\u043e\u0440\u043f\u0443\u0441: \u0443\u0434\u0430\u0440\u043e\u043f\u0440\u043e\u0447\u043d\u044b\u0439 \u043f\u043b\u0430\u0441\u0442\u0438\u043a<\/strong><\/li>\n<li class=\"p1\"><strong>Producator: Hoco<\/strong><\/li>\n<\/ul>\n<p class=\"p1\"><strong>Confirmat: <a href=\"https:\/\/hocotech.com\/product\/power\/portable-chargers\/power-banks\/power-bank-j136a-sirui-22-5w-pd20w-20000mah\/\" target=\"_blank\" rel=\"noopener\">https:\/\/hocotech.com\/product\/power\/portable-chargers\/power-banks\/power-bank-j136a-sirui-22-5w-pd20w-20000mah\/<\/a><\/strong><\/p>","protected":false},"excerpt":{"rendered":"<p><em><strong> Hoco J123C este o baterie extern\u0103 super-puternic\u0103 de 60000 mAh cu afi\u0219aj LED, suport PD\/QC, lantern\u0103 \u00eencorporat\u0103 \u0219i curea. Rezerv\u0103 de putere excelent\u0103 oriunde te-ai afla.<\/strong><\/em><\/p>","protected":false},"featured_media":6789,"template":"","meta":{"_acf_changed":false},"product_brand":[286],"product_cat":[239],"product_tag":[272,277,263,280],"class_list":{"0":"post-6786","1":"product","2":"type-product","3":"status-publish","4":"has-post-thumbnail","6":"product_brand-hoco","7":"product_cat-power-banks","8":"product_tag-272","9":"product_tag-277","10":"product_tag-263","11":"product_tag-280","13":"first","14":"instock","15":"taxable","16":"shipping-taxable","17":"purchasable","18":"product-type-simple","19":"add-to-wishlist-after_add_to_cart"},"acf":[],"jetpack_sharing_enabled":true,"_links":{"self":[{"href":"https:\/\/darvilais.md\/ro\/wp-json\/wp\/v2\/product\/6786","targetHints":{"allow":["GET"]}}],"collection":[{"href":"https:\/\/darvilais.md\/ro\/wp-json\/wp\/v2\/product"}],"about":[{"href":"https:\/\/darvilais.md\/ro\/wp-json\/wp\/v2\/types\/product"}],"wp:featuredmedia":[{"embeddable":true,"href":"https:\/\/darvilais.md\/ro\/wp-json\/wp\/v2\/media\/6789"}],"wp:attachment":[{"href":"https:\/\/darvilais.md\/ro\/wp-json\/wp\/v2\/media?parent=6786"}],"wp:term":[{"taxonomy":"product_brand","embeddable":true,"href":"https:\/\/darvilais.md\/ro\/wp-json\/wp\/v2\/product_brand?post=6786"},{"taxonomy":"product_cat","embeddable":true,"href":"https:\/\/darvilais.md\/ro\/wp-json\/wp\/v2\/product_cat?post=6786"},{"taxonomy":"product_tag","embeddable":true,"href":"https:\/\/darvilais.md\/ro\/wp-json\/wp\/v2\/product_tag?post=6786"}],"curies":[{"name":"wp","href":"https:\/\/api.w.org\/{rel}","templated":true}]}}